{"id":48,"date":"2020-09-17T14:00:42","date_gmt":"2020-09-17T12:00:42","guid":{"rendered":"https:\/\/www.linvosges-hotellerie.fr\/?page_id=48"},"modified":"2025-03-19T10:51:18","modified_gmt":"2025-03-19T09:51:18","slug":"les-couvre-lits","status":"publish","type":"page","link":"https:\/\/www.linvosges-hotellerie.com\/fr\/ambiance-sur-mesure\/le-lit\/les-couvre-lits\/","title":{"rendered":"Les couvre-lits"},"content":{"rendered":"<h1>Les couvre-lits<\/br> <strong>sur-mesure pour professionnel<\/strong><\/h1>\n<p>Une alternative \u00e0 la couette afin de donner du charme \u00e0 vos chambres.\u00a0 <br \/>Ils sont color\u00e9s, unis ou \u00e0 motifs, ils peuvent \u00eatre matelass\u00e9s ou piqu\u00e9s fa\u00e7on boutis.<br \/>Selon votre projet, nous vous orienterons vers un mod\u00e8le de notre gamme de produits finis ou vers une confection sur-mesure.<\/p>\n<p>Vous s\u00e9lectionnez votre tissu uni, \u00e0 motifs ou bicolore, afin de le coordonner \u00e0 la couleur de vos murs et de vos tentures.<br \/>Vous choisissez les finitions\u00a0: coins arrondis, carr\u00e9s, forme bo\u00eete, plis creux ou rentrants, matelass\u00e9s avec un piquage d\u00e9coratif et un garnissage ouate plus ou moins lourd.<\/p>\n<p>\t\t\t\t\t\t\t\t\t\t\t\t\t<img decoding=\"async\" width=\"800\" height=\"800\" src=\"https:\/\/www.linvosges-hotellerie.com\/wp-content\/uploads\/2020\/12\/decoration-couvre-lit-finition-coins-arrondis-hotel-professionnel-linvosges-hotellerie.jpg\" alt=\"D\u00e9coration   Couvre Lit Finition Coins Arrondis Sur Mesure Linvosges H\u00f4tellerie\" srcset=\"https:\/\/www.linvosges-hotellerie.com\/wp-content\/uploads\/2020\/12\/decoration-couvre-lit-finition-coins-arrondis-hotel-professionnel-linvosges-hotellerie.jpg 800w, https:\/\/www.linvosges-hotellerie.com\/wp-content\/uploads\/2020\/12\/decoration-couvre-lit-finition-coins-arrondis-hotel-professionnel-linvosges-hotellerie-600x600.jpg 600w, https:\/\/www.linvosges-hotellerie.com\/wp-content\/uploads\/2020\/12\/decoration-couvre-lit-finition-coins-arrondis-hotel-professionnel-linvosges-hotellerie-100x100.jpg 100w, https:\/\/www.linvosges-hotellerie.com\/wp-content\/uploads\/2020\/12\/decoration-couvre-lit-finition-coins-arrondis-hotel-professionnel-linvosges-hotellerie-300x300.jpg 300w, https:\/\/www.linvosges-hotellerie.com\/wp-content\/uploads\/2020\/12\/decoration-couvre-lit-finition-coins-arrondis-hotel-professionnel-linvosges-hotellerie-150x150.jpg 150w, https:\/\/www.linvosges-hotellerie.com\/wp-content\/uploads\/2020\/12\/decoration-couvre-lit-finition-coins-arrondis-hotel-professionnel-linvosges-hotellerie-768x768.jpg 768w\" sizes=\"(max-width: 800px) 100vw, 800px\" \/><br \/>\n\t\t\t\t\t\t\t\t\t\t\t\t\t<img decoding=\"async\" width=\"800\" height=\"800\" src=\"https:\/\/www.linvosges-hotellerie.com\/wp-content\/uploads\/2020\/12\/decoration-couvre-lit-finition-forme-boite-hotel-professionnel-linvosges-hotellerie.jpg\" alt=\"D\u00e9coration   Couvre Lit Finition Forme Bo\u00eete Sur Mesure Linvosges H\u00f4tellerie\" srcset=\"https:\/\/www.linvosges-hotellerie.com\/wp-content\/uploads\/2020\/12\/decoration-couvre-lit-finition-forme-boite-hotel-professionnel-linvosges-hotellerie.jpg 800w, https:\/\/www.linvosges-hotellerie.com\/wp-content\/uploads\/2020\/12\/decoration-couvre-lit-finition-forme-boite-hotel-professionnel-linvosges-hotellerie-600x600.jpg 600w, https:\/\/www.linvosges-hotellerie.com\/wp-content\/uploads\/2020\/12\/decoration-couvre-lit-finition-forme-boite-hotel-professionnel-linvosges-hotellerie-100x100.jpg 100w, https:\/\/www.linvosges-hotellerie.com\/wp-content\/uploads\/2020\/12\/decoration-couvre-lit-finition-forme-boite-hotel-professionnel-linvosges-hotellerie-300x300.jpg 300w, https:\/\/www.linvosges-hotellerie.com\/wp-content\/uploads\/2020\/12\/decoration-couvre-lit-finition-forme-boite-hotel-professionnel-linvosges-hotellerie-150x150.jpg 150w, https:\/\/www.linvosges-hotellerie.com\/wp-content\/uploads\/2020\/12\/decoration-couvre-lit-finition-forme-boite-hotel-professionnel-linvosges-hotellerie-768x768.jpg 768w\" sizes=\"(max-width: 800px) 100vw, 800px\" \/><br \/>\n\t\t\t\t\t\t\t\t\t\t\t\t\t<img decoding=\"async\" width=\"800\" height=\"800\" src=\"https:\/\/www.linvosges-hotellerie.com\/wp-content\/uploads\/2020\/12\/decoration-couvre-lit-finition-plis-creux-hotel-professionnel-linvosges-hotellerie.jpg\" alt=\"D\u00e9coration   Couvre Lit Finition Plis Creux Sur Mesure Linvosges H\u00f4tellerie\" srcset=\"https:\/\/www.linvosges-hotellerie.com\/wp-content\/uploads\/2020\/12\/decoration-couvre-lit-finition-plis-creux-hotel-professionnel-linvosges-hotellerie.jpg 800w, https:\/\/www.linvosges-hotellerie.com\/wp-content\/uploads\/2020\/12\/decoration-couvre-lit-finition-plis-creux-hotel-professionnel-linvosges-hotellerie-600x600.jpg 600w, https:\/\/www.linvosges-hotellerie.com\/wp-content\/uploads\/2020\/12\/decoration-couvre-lit-finition-plis-creux-hotel-professionnel-linvosges-hotellerie-100x100.jpg 100w, https:\/\/www.linvosges-hotellerie.com\/wp-content\/uploads\/2020\/12\/decoration-couvre-lit-finition-plis-creux-hotel-professionnel-linvosges-hotellerie-300x300.jpg 300w, https:\/\/www.linvosges-hotellerie.com\/wp-content\/uploads\/2020\/12\/decoration-couvre-lit-finition-plis-creux-hotel-professionnel-linvosges-hotellerie-150x150.jpg 150w, https:\/\/www.linvosges-hotellerie.com\/wp-content\/uploads\/2020\/12\/decoration-couvre-lit-finition-plis-creux-hotel-professionnel-linvosges-hotellerie-768x768.jpg 768w\" sizes=\"(max-width: 800px) 100vw, 800px\" \/><br \/>\n\t\t\t\t\t\t\t\t\t\t\t\t\t<img decoding=\"async\" width=\"800\" height=\"800\" src=\"https:\/\/www.linvosges-hotellerie.com\/wp-content\/uploads\/2020\/12\/decoration-couvre-lit-finition-plis-rentrants-hotel-professionnel-linvosges-hotellerie.jpg\" alt=\"D\u00e9coration   Couvre Lit Finition Plis Rentrants Sur Mesure Linvosges H\u00f4tellerie\" srcset=\"https:\/\/www.linvosges-hotellerie.com\/wp-content\/uploads\/2020\/12\/decoration-couvre-lit-finition-plis-rentrants-hotel-professionnel-linvosges-hotellerie.jpg 800w, https:\/\/www.linvosges-hotellerie.com\/wp-content\/uploads\/2020\/12\/decoration-couvre-lit-finition-plis-rentrants-hotel-professionnel-linvosges-hotellerie-600x600.jpg 600w, https:\/\/www.linvosges-hotellerie.com\/wp-content\/uploads\/2020\/12\/decoration-couvre-lit-finition-plis-rentrants-hotel-professionnel-linvosges-hotellerie-100x100.jpg 100w, https:\/\/www.linvosges-hotellerie.com\/wp-content\/uploads\/2020\/12\/decoration-couvre-lit-finition-plis-rentrants-hotel-professionnel-linvosges-hotellerie-300x300.jpg 300w, https:\/\/www.linvosges-hotellerie.com\/wp-content\/uploads\/2020\/12\/decoration-couvre-lit-finition-plis-rentrants-hotel-professionnel-linvosges-hotellerie-150x150.jpg 150w, https:\/\/www.linvosges-hotellerie.com\/wp-content\/uploads\/2020\/12\/decoration-couvre-lit-finition-plis-rentrants-hotel-professionnel-linvosges-hotellerie-768x768.jpg 768w\" sizes=\"(max-width: 800px) 100vw, 800px\" \/>\t\t\t\t\t\t\t\t\t\t\t\t\t<\/p>\n<p>La r\u00e9alisation sur-mesure dans notre atelier permet un nombre infini de possibilit\u00e9s. Nos experts vous accompagneront dans votre choix.<\/p>\n<h2 style=\"text-align: center;\">Un couvre-lit sur mesure d\u2019exception<\/h2>\n<p style=\"text-align: center;\"><strong>Notre service sur mesure<\/strong> vous offre d\u2019infinies possibilit\u00e9s pour cr\u00e9er une pi\u00e8ce unique qui viendra parfaire la <strong>d\u00e9coration<\/strong> de chaque chambre \u00e0 coucher dans votre h\u00f4tel. Un vaste choix de textiles, de textures, de couleurs et de finitions vous permettra de cr\u00e9er un couvre-lit \u00e0 l\u2019image de votre \u00e9tablissement.<br \/>Cette pi\u00e8ce de charme compl\u00e9tant la parure de lit est un atout pour vos chambres d\u2019h\u00f4tes et g\u00eetes. Elle saura s\u00e9duire vos h\u00f4tes par sa douceur et son chic, mais aussi par son aspect pratique.<br \/>Le couvre-lit peut \u00eatre cr\u00e9\u00e9 enti\u00e8rement \u00e0 votre image. Il peut \u00eatre une <strong>pi\u00e8ce unique<\/strong> propre \u00e0 votre \u00e9tablissement. En effet, chaque d\u00e9tail du couvre-lit est <strong>personnalisable<\/strong>, du tissu au garnissage en passant par les <strong>coins arrondis ou carr\u00e9s<\/strong> et toutes les autres finitions comme le piquage. Un accompagnement de nos \u00e9quipes vous permettra de faire le bon choix et d\u2019obtenir un produit qui r\u00e9pond \u00e0 vos attentes en termes de qualit\u00e9 et d\u2019\u00e9l\u00e9gance.<\/p>\n<h2 style=\"text-align: center;\">Cr\u00e9er un couvre-lit parfait<\/h2>\n<p style=\"text-align: center;\">Au m\u00eame titre que les <a href=\"https:\/\/www.linvosges-hotellerie.com\/fr\/ambiance-sur-mesure\/la-fenetre\/les-rideaux\/\">rideaux<\/a>, <a href=\"https:\/\/www.linvosges-hotellerie.com\/fr\/ambiance-sur-mesure\/la-fenetre\/les-voilages\/\">voilages<\/a> ou <a href=\"https:\/\/www.linvosges-hotellerie.com\/fr\/ambiance-sur-mesure\/le-lit\/les-coussins\/\">coussins<\/a>, le couvre-lit est une pi\u00e8ce importante qui ajoute une touche de raffinement \u00e0 vos lits. En accord avec la d\u00e9coration de vos chambres d\u2019h\u00f4tel ou g\u00eetes, faites votre choix parmi des tissus de qualit\u00e9, parfaitement adapt\u00e9s au milieu h\u00f4telier.<br \/>En fonction des couleurs des murs, des sols et des <a href=\"https:\/\/www.linvosges-hotellerie.com\/fr\/ambiance-sur-mesure\/le-lit\/les-tetes-de-lit\/\">t\u00eates de lit<\/a>, vous pouvez s\u00e9lectionner un <strong>tissu uni, bicolore ou \u00e0 motifs<\/strong>. Notre palette de couleurs est vaste, de sorte qu\u2019elle peut s\u2019accorder avec tous les types d\u2019int\u00e9rieurs, du plus classique au plus contemporain. Nous proposons notamment une gamme de couleurs sobres. Des tons bruns, bleus ou encore gris sont des basiques permettant de s\u2019accorder avec la plupart des tentures et des murs. Par ailleurs, pour les int\u00e9rieurs plus color\u00e9s, nous avons une palette de tissus \u00e0 motifs aux couleurs pastelles ou flamboyantes. Le choix est suffisamment vaste pour que tous les styles d\u2019h\u00f4tels y trouvent leur compte.<br \/>Toutes les finitions sont personnalisables. Ainsi, vous pouvez opter pour des coins arrondis, carr\u00e9s, forme bo\u00eete, plis creux ou rentrants. En ce qui concerne le dessus du couvre-lit, nous proposons <strong>un matelassage avec un piquage d\u00e9coratif<\/strong>. Pour le garnissage, la ouate peut \u00eatre plus ou moins \u00e9paisse, \u00e0 vous d\u2019en d\u00e9cider. L\u2019enveloppe du couvre-lit est confectionn\u00e9e \u00e0 partir de mati\u00e8res comme <strong>le polyester ou le coton <\/strong> sous diff\u00e9rents types de tissage. Ces mati\u00e8res permettent de cr\u00e9er des couvre-lits de bonne qualit\u00e9, avec des tissus qui respirent et qui \u00e9vacuent le surplus de chaleur.<br \/>Nos couvre-lits font toujours bel effet une fois dispos\u00e9s sur les lits de vos h\u00f4tels. Vos h\u00f4tes ne manqueront d\u2019appr\u00e9cier cet \u00e9l\u00e9ment \u00e0 la fois <strong>d\u00e9coratif<\/strong> et pratique.<\/p>\n<h2 style=\"text-align: center;\">Un couvre-lit pour apporter de la chaleur<\/h2>\n<p style=\"text-align: center;\">Couette ou couvre-lit, le choix est parfois difficile. La couette est un \u00e9l\u00e9ment plus neutre et plus sobre, tout aussi adapt\u00e9 pour les h\u00f4tels. N\u00e9anmoins, le couvre-lit est une pi\u00e8ce personnalisable et repr\u00e9sente une occasion suppl\u00e9mentaire de donner du caract\u00e8re aux chambres \u00e0 coucher.<br \/>Pour cr\u00e9er une ambiance plus chaleureuse dans la pi\u00e8ce, vous pouvez coordonner le couvre-lit avec d\u2019autres textiles, notamment un plaid sur un canap\u00e9 ou encore des<strong> housses de coussin<\/strong>. Le couvre-lit ne doit pas d\u00e9noter, mais il peut donner une touche de fantaisie au milieu du reste du d\u00e9cor. Visuellement, le couvre-lit rend le lit chaleureux. Il permet aussi de garder vos h\u00f4tes au chaud et leur assure un sommeil de qualit\u00e9. Associ\u00e9 \u00e0 d\u2019autres \u00e9l\u00e9ments d\u00e9coratifs, le couvre-lit peut vous aider \u00e0 cr\u00e9er une ambiance conviviale.<\/p>\n<h2 style=\"text-align: center;\">Les dimensions id\u00e9ales pour un couvre-lit sur mesure<\/h2>\n<p style=\"text-align: center;\">En mati\u00e8re de linge et d\u2019accessoires de lit, chaque \u00e9l\u00e9ment joue un r\u00f4le particulier. Le couvre-lit n\u2019est pas uniquement un \u00e9l\u00e9ment du d\u00e9cor, mais il sert aussi \u00e0 procurer de la chaleur \u00e0 vos h\u00f4tes. Ainsi, un couvre-lit doit recouvrir enti\u00e8rement le lit. Gr\u00e2ce \u00e0 notre <strong>service de confection sur mesure<\/strong>, nous pouvons nous adapter aux diff\u00e9rentes tailles de lit, king, queen, double ou simple, pour cela il vous suffit de prendre vos mesures et de nous les transmettre afin que nous vous \u00e9tablissions un devis avant de lancer la confection de couvre-lits aux dimensions souhait\u00e9es. Nous proposons \u00e9galement des tailles standard dans notre gamme de produits finis.<br \/>Le couvre-lit tout comme le linge de lit, doit \u00eatre douillet, pour donner \u00e0 vos h\u00f4tes l\u2019envie de se relaxer tout en b\u00e9n\u00e9ficiant d\u2019une chaleur agr\u00e9able et propice au sommeil.<\/p>\n<h3>Vous avez un projet sur-mesure ?<\/h3>\n<p>Contactez nos experts<\/p>\n<p><strong> <a href=\"http:\/\/+33329601122\" data-wplink-url-error=\"true\">+33 (0) 3 29 60 11 22<\/a><\/strong><\/p>\n<p role=\"status\" aria-live=\"polite\" aria-atomic=\"true\">\n<ul><\/ul>\n<form action=\"\/wp-admin\/admin-ajax.php#wpcf7-f981-o3\" method=\"post\" aria-label=\"Formulaire de contact\" novalidate=\"novalidate\" data-status=\"init\">\n<input type=\"hidden\" name=\"_wpcf7\" value=\"981\" \/><br \/>\n<input type=\"hidden\" name=\"_wpcf7_version\" value=\"5.9.3\" \/><br \/>\n<input type=\"hidden\" name=\"_wpcf7_locale\" value=\"fr_FR\" \/><br \/>\n<input type=\"hidden\" name=\"_wpcf7_unit_tag\" value=\"wpcf7-f981-o3\" \/><br \/>\n<input type=\"hidden\" name=\"_wpcf7_container_post\" value=\"0\" \/><br \/>\n<input type=\"hidden\" name=\"_wpcf7_posted_data_hash\" value=\"\" \/><\/p>\n<p><label>Civilit\u00e9* <select aria-required=\"true\" aria-invalid=\"false\" name=\"civilite\"><option value=\"\">&#8212;Veuillez choisir une option&#8212;<\/option><option value=\"Mme\">Mme<\/option><option value=\"M.\">M.<\/option><\/select><\/label><label>Nom* <input size=\"40\" aria-invalid=\"false\" value=\"\" type=\"text\" name=\"your-name\" \/><\/label><br \/>\n<label>E-mail* <input size=\"40\" aria-required=\"true\" aria-invalid=\"false\" value=\"\" type=\"email\" name=\"your-email\" \/><\/label><label>T\u00e9l\u00e9phone <input size=\"40\" aria-invalid=\"false\" value=\"\" type=\"tel\" name=\"your-phone\" \/><\/label><br \/>\n<label>D\u00e9partement* <select aria-required=\"true\" aria-invalid=\"false\" name=\"departement\"><option value=\"Mon d\u00e9partement\">Mon d\u00e9partement<\/option><option value=\"01 - Ain\">01 &#8211; Ain<\/option><option value=\"02 - Aisne\">02 &#8211; Aisne<\/option><option value=\"03 - Allier\">03 &#8211; Allier<\/option><option value=\"04 - Alpes-de-Haute-Provence\">04 &#8211; Alpes-de-Haute-Provence<\/option><option value=\"05 - Hautes-Alpes\">05 &#8211; Hautes-Alpes<\/option><option value=\"06 - Alpes-Maritimes\">06 &#8211; Alpes-Maritimes<\/option><option value=\"07 - Ard\u00e8che\">07 &#8211; Ard\u00e8che<\/option><option value=\"08 - Ardennes\">08 &#8211; Ardennes<\/option><option value=\"09 - Ari\u00e8ge\">09 &#8211; Ari\u00e8ge<\/option><option value=\"10 - Aube\">10 &#8211; Aube<\/option><option value=\"11 - Aude\">11 &#8211; Aude<\/option><option value=\"12 - Aveyron\">12 &#8211; Aveyron<\/option><option value=\"13 - Bouches-du-Rh\u00f4ne\">13 &#8211; Bouches-du-Rh\u00f4ne<\/option><option value=\"14 - Calvados\">14 &#8211; Calvados<\/option><option value=\"15 - Cantal\">15 &#8211; Cantal<\/option><option value=\"16 - Charente\">16 &#8211; Charente<\/option><option value=\"17 - Charente-Maritime\">17 &#8211; Charente-Maritime<\/option><option value=\"18 - Cher\">18 &#8211; Cher<\/option><option value=\"19 - Corr\u00e8ze\">19 &#8211; Corr\u00e8ze<\/option><option value=\"21 - C\u00f4te-d&#039;Or\">21 &#8211; C\u00f4te-d&#039;Or<\/option><option value=\"22 - C\u00f4tes d&#039;Armor\">22 &#8211; C\u00f4tes d&#039;Armor<\/option><option value=\"23 - Creuse\">23 &#8211; Creuse<\/option><option value=\"24 - Dordogne\">24 &#8211; Dordogne<\/option><option value=\"25 - Doubs\">25 &#8211; Doubs<\/option><option value=\"26 - Dr\u00f4me\">26 &#8211; Dr\u00f4me<\/option><option value=\"27 - Eure\">27 &#8211; Eure<\/option><option value=\"28 - Eure-et-Loir\">28 &#8211; Eure-et-Loir<\/option><option value=\"29 - Finist\u00e8re\">29 &#8211; Finist\u00e8re<\/option><option value=\"30 - Gard\">30 &#8211; Gard<\/option><option value=\"31 - Haute-Garonne\">31 &#8211; Haute-Garonne<\/option><option value=\"32 - Gers\">32 &#8211; Gers<\/option><option value=\"33 - Gironde\">33 &#8211; Gironde<\/option><option value=\"34 - H\u00e9rault\">34 &#8211; H\u00e9rault<\/option><option value=\"35 - Ille-et-Vilaine\">35 &#8211; Ille-et-Vilaine<\/option><option value=\"36 - Indre\">36 &#8211; Indre<\/option><option value=\"37 - Indre-et-Loire\">37 &#8211; Indre-et-Loire<\/option><option value=\"38 - Is\u00e8re\">38 &#8211; Is\u00e8re<\/option><option value=\"39 - Jura\">39 &#8211; Jura<\/option><option value=\"40 - Landes\">40 &#8211; Landes<\/option><option value=\"41 - Loir-et-Cher\">41 &#8211; Loir-et-Cher<\/option><option value=\"42 - Loire\">42 &#8211; Loire<\/option><option value=\"43 - Haute-Loire\">43 &#8211; Haute-Loire<\/option><option value=\"44 - Loire-Atlantique\">44 &#8211; Loire-Atlantique<\/option><option value=\"45 - Loiret\">45 &#8211; Loiret<\/option><option value=\"46 - Lot\">46 &#8211; Lot<\/option><option value=\"47 - Lot-et-Garonne\">47 &#8211; Lot-et-Garonne<\/option><option value=\"48 - Loz\u00e8re\">48 &#8211; Loz\u00e8re<\/option><option value=\"49 - Maine-et-Loire\">49 &#8211; Maine-et-Loire<\/option><option value=\"50 - Manche\">50 &#8211; Manche<\/option><option value=\"51 - Marne\">51 &#8211; Marne<\/option><option value=\"52 - Haute-Marne\">52 &#8211; Haute-Marne<\/option><option value=\"53 - Mayenne\">53 &#8211; Mayenne<\/option><option value=\"54 - Meurthe-et-Moselle\">54 &#8211; Meurthe-et-Moselle<\/option><option value=\"55 - Meuse\">55 &#8211; Meuse<\/option><option value=\"56 - Morbihan\">56 &#8211; Morbihan<\/option><option value=\"57 - Moselle\">57 &#8211; Moselle<\/option><option value=\"58 - Ni\u00e8vre\">58 &#8211; Ni\u00e8vre<\/option><option value=\"59 - Nord\">59 &#8211; Nord<\/option><option value=\"60 - Oise\">60 &#8211; Oise<\/option><option value=\"61 - Orne\">61 &#8211; Orne<\/option><option value=\"62 - Pas-de-Calais\">62 &#8211; Pas-de-Calais<\/option><option value=\"63 - Puy-de-D\u00f4me\">63 &#8211; Puy-de-D\u00f4me<\/option><option value=\"64 - Pyr\u00e9n\u00e9es-Atlantiques\">64 &#8211; Pyr\u00e9n\u00e9es-Atlantiques<\/option><option value=\"65 - Hautes-Pyr\u00e9n\u00e9es\">65 &#8211; Hautes-Pyr\u00e9n\u00e9es<\/option><option value=\"66 - Pyr\u00e9n\u00e9es-Orientales\">66 &#8211; Pyr\u00e9n\u00e9es-Orientales<\/option><option value=\"67 - Bas-Rhin\">67 &#8211; Bas-Rhin<\/option><option value=\"68 - Haut-Rhin\">68 &#8211; Haut-Rhin<\/option><option value=\"69 - Rh\u00f4ne\">69 &#8211; Rh\u00f4ne<\/option><option value=\"70 - Haute-Sa\u00f4ne\">70 &#8211; Haute-Sa\u00f4ne<\/option><option value=\"71 - Sa\u00f4ne-et-Loire\">71 &#8211; Sa\u00f4ne-et-Loire<\/option><option value=\"72 - Sarthe\">72 &#8211; Sarthe<\/option><option value=\"73 - Savoie\">73 &#8211; Savoie<\/option><option value=\"74 - Haute-Savoie\">74 &#8211; Haute-Savoie<\/option><option value=\"75 - Paris\">75 &#8211; Paris<\/option><option value=\"76 - Seine-Maritime\">76 &#8211; Seine-Maritime<\/option><option value=\"77 - Seine-et-Marne\">77 &#8211; Seine-et-Marne<\/option><option value=\"78 - Yvelines\">78 &#8211; Yvelines<\/option><option value=\"79 - Deux-S\u00e8vres\">79 &#8211; Deux-S\u00e8vres<\/option><option value=\"80 - Somme\">80 &#8211; Somme<\/option><option value=\"81 - Tarn\">81 &#8211; Tarn<\/option><option value=\"82 - Tarn-et-Garonne\">82 &#8211; Tarn-et-Garonne<\/option><option value=\"83 - Var\">83 &#8211; Var<\/option><option value=\"84 - Vaucluse\">84 &#8211; Vaucluse<\/option><option value=\"85 - Vend\u00e9e\">85 &#8211; Vend\u00e9e<\/option><option value=\"86 - Vienne\">86 &#8211; Vienne<\/option><option value=\"87 - Haute-Vienne\">87 &#8211; Haute-Vienne<\/option><option value=\"88 - Vosges\">88 &#8211; Vosges<\/option><option value=\"89 - Yonne\">89 &#8211; Yonne<\/option><option value=\"90 - Territoire de Belfort\">90 &#8211; Territoire de Belfort<\/option><option value=\"91 - Essonne\">91 &#8211; Essonne<\/option><option value=\"92 - Hauts-de-Seine\">92 &#8211; Hauts-de-Seine<\/option><option value=\"93 - Seine-St-Denis\">93 &#8211; Seine-St-Denis<\/option><option value=\"94 - Val-de-Marne\">94 &#8211; Val-de-Marne<\/option><option value=\"95 - Val-D&#039;Oise\">95 &#8211; Val-D&#039;Oise<\/option><option value=\"2A - Corse-du-Sud\">2A &#8211; Corse-du-Sud<\/option><option value=\"2B - Haute-Corse\">2B &#8211; Haute-Corse<\/option><option value=\"971 - Guadeloupe\">971 &#8211; Guadeloupe<\/option><option value=\"972 - Martinique\">972 &#8211; Martinique<\/option><option value=\"973 - Guyane\">973 &#8211; Guyane<\/option><option value=\"974 - La R\u00e9union\">974 &#8211; La R\u00e9union<\/option><option value=\"976 - Mayotte\">976 &#8211; Mayotte<\/option><option value=\"Export\">Export<\/option><\/select><\/label><label>Je souhaite \u00eatre contact\u00e9.e <select aria-invalid=\"false\" name=\"heure\"><option value=\"Tranche horaire\">Tranche horaire<\/option><option value=\"LUNDI - Matin\">LUNDI &#8211; Matin<\/option><option value=\"LUNDI - Apr\u00e8s-midi\">LUNDI &#8211; Apr\u00e8s-midi<\/option><option value=\"MARDI - Matin\">MARDI &#8211; Matin<\/option><option value=\"MARDI - Apr\u00e8s-midi\">MARDI &#8211; Apr\u00e8s-midi<\/option><option value=\"MERCREDI - Matin\">MERCREDI &#8211; Matin<\/option><option value=\"MERCREDI - Apr\u00e8s-midi\">MERCREDI &#8211; Apr\u00e8s-midi<\/option><option value=\"JEUDI - Matin\">JEUDI &#8211; Matin<\/option><option value=\"JEUDI - Apr\u00e8s-midi\">JEUDI &#8211; Apr\u00e8s-midi<\/option><option value=\"VENDREDI - Matin\">VENDREDI &#8211; Matin<\/option><option value=\"VENDREDI - Apr\u00e8s-midi\">VENDREDI &#8211; Apr\u00e8s-midi<\/option><\/select><\/label><br \/>\n<label>Message <textarea cols=\"40\" rows=\"10\" aria-invalid=\"false\" name=\"your-message\"><\/textarea> <\/label>\n<\/p>\n<p><input type=\"hidden\" name=\"cart-detail\" id=\"\" aria-invalid=\"false\" value=\"[table][thead][tr][th]R\u00e9f[\/th][th]Produit[\/th][th]Quantit\u00e9[\/th][th]Prix[\/th][\/tr][\/thead][tbody][\/tbody][tfoot][tr][th colspan=&quot;3&quot;][\/th][th]0 \u20ac HT[\/th][\/tr][\/tfoot][\/table]\" \/><br \/>\n<input type=\"hidden\" name=\"selected-product\" id=\"\" aria-invalid=\"false\" value=\"selected_product\" \/><\/p>\n<p><strong>*champ obligatoire<\/strong>\n<\/p>\n<p><input type=\"submit\" value=\"Envoyer\" \/>\n<\/p>\n<p style=\"display: none !important;\" data-prefix=\"_wpcf7_ak_\"><label>&#916;<textarea name=\"_wpcf7_ak_hp_textarea\" cols=\"45\" rows=\"8\" maxlength=\"100\"><\/textarea><\/label><input type=\"hidden\" id=\"ak_js_3\" name=\"_wpcf7_ak_js\" value=\"99\"\/><\/p>\n<\/form>\n<p>Vous aimerez aussi<\/p>\n<p>D\u00e9couvrez \u00e9galement<\/p>\n<p>\t\t\t<a role=\"button\"><\/p>\n<h2>Les<\/br> coussins<\/h2>\n<p>\t\t\t\t\t<\/a><br \/>\n\t\t\t<a role=\"button\"><\/p>\n<h2>Les chemins<\/br> de lit<\/h2>\n<p>\t\t\t\t\t<\/a><br \/>\n\t\t\t<a role=\"button\"><\/p>\n<h2>Les cache<\/br> sommiers<\/h2>\n<p>\t\t\t\t\t<\/a><br \/>\n\t\t\t<a role=\"button\"><\/p>\n<h2>Les t\u00eates<\/br> de lit<\/h2>\n<p>\t\t\t\t\t<\/a><\/p>\n","protected":false},"excerpt":{"rendered":"<p>Les couvre-lits sur-mesure pour professionnel Une alternative \u00e0 la couette afin de donner du charme \u00e0 vos chambres.\u00a0 Ils sont color\u00e9s, unis ou \u00e0 motifs, ils peuvent \u00eatre matelass\u00e9s ou piqu\u00e9s fa\u00e7on boutis.Selon votre projet, nous vous orienterons vers un mod\u00e8le de notre gamme de produits finis ou vers une confection sur-mesure. Vous s\u00e9lectionnez votre [&hellip;]<\/p>\n","protected":false},"author":3,"featured_media":10416,"parent":34,"menu_order":2,"comment_status":"closed","ping_status":"closed","template":"","meta":{"_acf_changed":false,"footnotes":""},"class_list":["post-48","page","type-page","status-publish","has-post-thumbnail","hentry"],"acf":[],"_links":{"self":[{"href":"https:\/\/www.linvosges-hotellerie.com\/fr\/wp-json\/wp\/v2\/pages\/48","targetHints":{"allow":["GET"]}}],"collection":[{"href":"https:\/\/www.linvosges-hotellerie.com\/fr\/wp-json\/wp\/v2\/pages"}],"about":[{"href":"https:\/\/www.linvosges-hotellerie.com\/fr\/wp-json\/wp\/v2\/types\/page"}],"author":[{"embeddable":true,"href":"https:\/\/www.linvosges-hotellerie.com\/fr\/wp-json\/wp\/v2\/users\/3"}],"replies":[{"embeddable":true,"href":"https:\/\/www.linvosges-hotellerie.com\/fr\/wp-json\/wp\/v2\/comments?post=48"}],"version-history":[{"count":2,"href":"https:\/\/www.linvosges-hotellerie.com\/fr\/wp-json\/wp\/v2\/pages\/48\/revisions"}],"predecessor-version":[{"id":60553,"href":"https:\/\/www.linvosges-hotellerie.com\/fr\/wp-json\/wp\/v2\/pages\/48\/revisions\/60553"}],"up":[{"embeddable":true,"href":"https:\/\/www.linvosges-hotellerie.com\/fr\/wp-json\/wp\/v2\/pages\/34"}],"wp:featuredmedia":[{"embeddable":true,"href":"https:\/\/www.linvosges-hotellerie.com\/fr\/wp-json\/wp\/v2\/media\/10416"}],"wp:attachment":[{"href":"https:\/\/www.linvosges-hotellerie.com\/fr\/wp-json\/wp\/v2\/media?parent=48"}],"curies":[{"name":"wp","href":"https:\/\/api.w.org\/{rel}","templated":true}]}}