{"id":54,"date":"2020-09-17T14:04:00","date_gmt":"2020-09-17T12:04:00","guid":{"rendered":"https:\/\/www.linvosges-hotellerie.fr\/?page_id=54"},"modified":"2025-03-19T10:38:49","modified_gmt":"2025-03-19T09:38:49","slug":"les-cache-sommiers","status":"publish","type":"page","link":"https:\/\/www.linvosges-hotellerie.com\/fr\/ambiance-sur-mesure\/le-lit\/les-cache-sommiers\/","title":{"rendered":"Les cache sommiers"},"content":{"rendered":"<h1>Les cache sommiers<\/br> <strong>sur-mesure pour professionnel<\/strong><\/h1>\n<p>Au-del\u00e0 de leur utilit\u00e9 premi\u00e8re, \u00e0 savoir cacher le sommier et les pieds de vos lits, ils se veulent pratiques, d\u00e9coratifs et en harmonie avec l\u2019esth\u00e9tique de vos chambres.<br \/>En fonction de vos souhaits, nous vous orienterons vers un mod\u00e8le de notre gamme de produits finis ou vers une confection sur-mesure.<\/p>\n<p>Vous s\u00e9lectionnez votre tissu uni ou \u00e0 motifs, afin de le coordonner \u00e0 la couleur de vos sols et de vos tentures.<br \/>Vous choisissez les dimensions, la hauteur des volants, les finitions\u00a0: plis creux, plis rentrants, coins bo\u00eete, avec ou sans retour sur le plateau.<\/p>\n<p>La r\u00e9alisation sur-mesure dans notre atelier permet un nombre infini de possibilit\u00e9s. Nos experts vous accompagneront dans votre choix.<\/p>\n<h2>\u00c0 quoi sert un cache-sommier ?<\/h2>\n<p>Pour que les chambres de votre \u00e9tablissement aient une d\u00e9coration parfaitement harmonieuse, chaque d\u00e9tail compte. Vous pouvez choisir la literie, le linge de lit, le nombre de <a href=\"https:\/\/www.linvosges-hotellerie.com\/fr\/decoration\/coussin\/\">coussins<\/a> \u00e0 ajouter, la taille du <a href=\"https:\/\/www.linvosges-hotellerie.com\/fr\/decoration\/couvre-lit\/\">couvre-lit<\/a>, mais aussi la pr\u00e9sence ou non d\u2019<strong>un cache-sommier<\/strong>. Cet accessoire a une fonction aussi bien pratique que d\u00e9corative. Il sert tout d\u2019abord \u00e0 cacher et <strong>prot\u00e9ger le sommier et les pieds<\/strong> du lit de la poussi\u00e8re, des chocs ou tout simplement de l\u2019usure.<br \/>Un cache-sommier sur mesure a aussi <strong>une fonction esth\u00e9tique<\/strong>. Il offre une finition id\u00e9ale au lit en s\u2019accordant avec les <a href=\"https:\/\/www.linvosges-hotellerie.com\/fr\/decoration\/rideau\/\">rideaux<\/a>, le linge de lit, les <a href=\"https:\/\/www.linvosges-hotellerie.com\/fr\/ambiance-sur-mesure\/le-lit\/les-coussins\/\">coussins<\/a> d\u00e9coratifs, la <a href=\"https:\/\/www.linvosges-hotellerie.com\/fr\/ambiance-sur-mesure\/le-lit\/les-tetes-de-lit\/\">t\u00eate de lit<\/a> ou encore la couleur du sol ou des murs. Il permet aussi d\u2019avoir un toucher plus agr\u00e9able que celui d\u2019un sommier brut pour vos h\u00f4tes.<\/p>\n<h2>Les dimensions id\u00e9ales gr\u00e2ce au sur-mesure<\/h2>\n<p>Si vous recherchez un cache-sommier unique, vous pouvez faire appel au service sur mesure de Linvosges. Gr\u00e2ce \u00e0 son savoir-faire alliant tradition et modernit\u00e9, notre atelier de confection permet de r\u00e9aliser tous vos projets. Pr\u00e9sentez vos besoins et contraintes \u00e0 l\u2019un des experts de la marque et il pourra vous orienter vers les produits qui vous correspondent le mieux. Cette confection sur mesure est particuli\u00e8rement indiqu\u00e9e si vous recherchez un tissu sp\u00e9cifique, des finitions particuli\u00e8res. Nos ateliers install\u00e9s au c\u0153ur des Vosges mettront en \u0153uvre toutes leurs techniques pour vous offrir les meilleurs produits. Vous pouvez \u00e9galement demander les dimensions qui conviennent \u00e0 votre literie. Les plus courantes sont de 90&#215;200 cm jusqu\u2019\u00e0 200&#215;200 cm, mais vous pouvez obtenir un format personnalis\u00e9 adapt\u00e9 \u00e0 vos lits.<\/p>\n<h2>Quel tissu choisir ?<\/h2>\n<p>L\u2019un des avantages de la confection sur mesure est de faire r\u00e9aliser <strong>vos cache-sommiers avec le tissu de votre choix<\/strong>. Linvosges propose trois gammes de textiles : la collection Native qui se renouvelle au fil des saisons et des tendances, la collection R\u00e9sist qui r\u00e9pond aux normes de non feu, et la collection Cr\u00e9ative qui permet toutes les fantaisies de couleurs et de motifs. Vous pouvez ensuite choisir la mati\u00e8re qui vous convient : un lainage, une feutrine ou un textile polyester de type faux cuir pour un entretien plus facile et une meilleure r\u00e9sistance dans le temps.<br \/>Quant aux couleurs, vous pouvez accorder votre cache-sommier sur mesure soit avec votre parure de lit (housse de couette, taies d\u2019oreillers), soit avec les accessoires comme les coussins, le chemin de lit ou le couvre-lit. Cela vous permettra de cr\u00e9er un lit harmonieux de l\u2019oreiller jusqu\u2019aux pieds. Vous pouvez aussi choisir un cache-sommier qui se marie avec le sol, la t\u00eate de lit ou les murs de la pi\u00e8ce. Celui-ci donnera alors <strong>l\u2019impression que le lit appartient \u00e0 la pi\u00e8ce<\/strong>.<br \/>Si vous refaites la d\u00e9coration de la chambre ou que vous renouvelez votre linge de lit. Vous n\u2019aurez pas besoin de changer le sommier pour proposer un nouveau lit \u00e0 vos h\u00f4tes.<\/p>\n<h2>Des finitions pour toutes les envies<\/h2>\n<p>Pour \u00eatre au plus pr\u00e8s de vos envies, vous pouvez choisir la hauteur des volants et <strong>les finitions de votre cache-sommier<\/strong>. Plis creux, plis rentrants, coins bo\u00eete, avec ou sans retour sur le plateau, \u00e0 vous de d\u00e9cider ce qui s\u2019accordera le mieux avec le style de d\u00e9coration de la chambre.<\/p>\n<h2>Comment s\u2019entretient un cache-sommier ?<\/h2>\n<p>Un cache-sommier est install\u00e9 sous le matelas, il est donc peu fr\u00e9quent de le retirer pour le lavage. En choisissant un cuir synth\u00e9tique ou un tissu r\u00e9sistant \u00e0 l\u2019eau, <strong>son entretien sera facilit\u00e9<\/strong> car vous pourrez le laver \u00e0 l\u2019\u00e9ponge. Nos experts sauront vous conseiller le tissu le plus adapt\u00e9 parmi une gamme s\u00e9lectionn\u00e9e.<\/p>\n<h3>Vous avez un projet sur-mesure ?<\/h3>\n<p>Contactez nos experts<\/p>\n<p><strong> <a href=\"http:\/\/+33329601122\" data-wplink-url-error=\"true\">+33 (0) 3 29 60 11 22<\/a><\/strong><\/p>\n<p role=\"status\" aria-live=\"polite\" aria-atomic=\"true\">\n<ul><\/ul>\n<form action=\"\/wp-admin\/admin-ajax.php#wpcf7-f981-o3\" method=\"post\" aria-label=\"Formulaire de contact\" novalidate=\"novalidate\" data-status=\"init\">\n<input type=\"hidden\" name=\"_wpcf7\" value=\"981\" \/><br \/>\n<input type=\"hidden\" name=\"_wpcf7_version\" value=\"5.9.3\" \/><br \/>\n<input type=\"hidden\" name=\"_wpcf7_locale\" value=\"fr_FR\" \/><br \/>\n<input type=\"hidden\" name=\"_wpcf7_unit_tag\" value=\"wpcf7-f981-o3\" \/><br \/>\n<input type=\"hidden\" name=\"_wpcf7_container_post\" value=\"0\" \/><br \/>\n<input type=\"hidden\" name=\"_wpcf7_posted_data_hash\" value=\"\" \/><\/p>\n<p><label>Civilit\u00e9* <select aria-required=\"true\" aria-invalid=\"false\" name=\"civilite\"><option value=\"\">&#8212;Veuillez choisir une option&#8212;<\/option><option value=\"Mme\">Mme<\/option><option value=\"M.\">M.<\/option><\/select><\/label><label>Nom* <input size=\"40\" aria-invalid=\"false\" value=\"\" type=\"text\" name=\"your-name\" \/><\/label><br \/>\n<label>E-mail* <input size=\"40\" aria-required=\"true\" aria-invalid=\"false\" value=\"\" type=\"email\" name=\"your-email\" \/><\/label><label>T\u00e9l\u00e9phone <input size=\"40\" aria-invalid=\"false\" value=\"\" type=\"tel\" name=\"your-phone\" \/><\/label><br \/>\n<label>D\u00e9partement* <select aria-required=\"true\" aria-invalid=\"false\" name=\"departement\"><option value=\"Mon d\u00e9partement\">Mon d\u00e9partement<\/option><option value=\"01 - Ain\">01 &#8211; Ain<\/option><option value=\"02 - Aisne\">02 &#8211; Aisne<\/option><option value=\"03 - Allier\">03 &#8211; Allier<\/option><option value=\"04 - Alpes-de-Haute-Provence\">04 &#8211; Alpes-de-Haute-Provence<\/option><option value=\"05 - Hautes-Alpes\">05 &#8211; Hautes-Alpes<\/option><option value=\"06 - Alpes-Maritimes\">06 &#8211; Alpes-Maritimes<\/option><option value=\"07 - Ard\u00e8che\">07 &#8211; Ard\u00e8che<\/option><option value=\"08 - Ardennes\">08 &#8211; Ardennes<\/option><option value=\"09 - Ari\u00e8ge\">09 &#8211; Ari\u00e8ge<\/option><option value=\"10 - Aube\">10 &#8211; Aube<\/option><option value=\"11 - Aude\">11 &#8211; Aude<\/option><option value=\"12 - Aveyron\">12 &#8211; Aveyron<\/option><option value=\"13 - Bouches-du-Rh\u00f4ne\">13 &#8211; Bouches-du-Rh\u00f4ne<\/option><option value=\"14 - Calvados\">14 &#8211; Calvados<\/option><option value=\"15 - Cantal\">15 &#8211; Cantal<\/option><option value=\"16 - Charente\">16 &#8211; Charente<\/option><option value=\"17 - Charente-Maritime\">17 &#8211; Charente-Maritime<\/option><option value=\"18 - Cher\">18 &#8211; Cher<\/option><option value=\"19 - Corr\u00e8ze\">19 &#8211; Corr\u00e8ze<\/option><option value=\"21 - C\u00f4te-d&#039;Or\">21 &#8211; C\u00f4te-d&#039;Or<\/option><option value=\"22 - C\u00f4tes d&#039;Armor\">22 &#8211; C\u00f4tes d&#039;Armor<\/option><option value=\"23 - Creuse\">23 &#8211; Creuse<\/option><option value=\"24 - Dordogne\">24 &#8211; Dordogne<\/option><option value=\"25 - Doubs\">25 &#8211; Doubs<\/option><option value=\"26 - Dr\u00f4me\">26 &#8211; Dr\u00f4me<\/option><option value=\"27 - Eure\">27 &#8211; Eure<\/option><option value=\"28 - Eure-et-Loir\">28 &#8211; Eure-et-Loir<\/option><option value=\"29 - Finist\u00e8re\">29 &#8211; Finist\u00e8re<\/option><option value=\"30 - Gard\">30 &#8211; Gard<\/option><option value=\"31 - Haute-Garonne\">31 &#8211; Haute-Garonne<\/option><option value=\"32 - Gers\">32 &#8211; Gers<\/option><option value=\"33 - Gironde\">33 &#8211; Gironde<\/option><option value=\"34 - H\u00e9rault\">34 &#8211; H\u00e9rault<\/option><option value=\"35 - Ille-et-Vilaine\">35 &#8211; Ille-et-Vilaine<\/option><option value=\"36 - Indre\">36 &#8211; Indre<\/option><option value=\"37 - Indre-et-Loire\">37 &#8211; Indre-et-Loire<\/option><option value=\"38 - Is\u00e8re\">38 &#8211; Is\u00e8re<\/option><option value=\"39 - Jura\">39 &#8211; Jura<\/option><option value=\"40 - Landes\">40 &#8211; Landes<\/option><option value=\"41 - Loir-et-Cher\">41 &#8211; Loir-et-Cher<\/option><option value=\"42 - Loire\">42 &#8211; Loire<\/option><option value=\"43 - Haute-Loire\">43 &#8211; Haute-Loire<\/option><option value=\"44 - Loire-Atlantique\">44 &#8211; Loire-Atlantique<\/option><option value=\"45 - Loiret\">45 &#8211; Loiret<\/option><option value=\"46 - Lot\">46 &#8211; Lot<\/option><option value=\"47 - Lot-et-Garonne\">47 &#8211; Lot-et-Garonne<\/option><option value=\"48 - Loz\u00e8re\">48 &#8211; Loz\u00e8re<\/option><option value=\"49 - Maine-et-Loire\">49 &#8211; Maine-et-Loire<\/option><option value=\"50 - Manche\">50 &#8211; Manche<\/option><option value=\"51 - Marne\">51 &#8211; Marne<\/option><option value=\"52 - Haute-Marne\">52 &#8211; Haute-Marne<\/option><option value=\"53 - Mayenne\">53 &#8211; Mayenne<\/option><option value=\"54 - Meurthe-et-Moselle\">54 &#8211; Meurthe-et-Moselle<\/option><option value=\"55 - Meuse\">55 &#8211; Meuse<\/option><option value=\"56 - Morbihan\">56 &#8211; Morbihan<\/option><option value=\"57 - Moselle\">57 &#8211; Moselle<\/option><option value=\"58 - Ni\u00e8vre\">58 &#8211; Ni\u00e8vre<\/option><option value=\"59 - Nord\">59 &#8211; Nord<\/option><option value=\"60 - Oise\">60 &#8211; Oise<\/option><option value=\"61 - Orne\">61 &#8211; Orne<\/option><option value=\"62 - Pas-de-Calais\">62 &#8211; Pas-de-Calais<\/option><option value=\"63 - Puy-de-D\u00f4me\">63 &#8211; Puy-de-D\u00f4me<\/option><option value=\"64 - Pyr\u00e9n\u00e9es-Atlantiques\">64 &#8211; Pyr\u00e9n\u00e9es-Atlantiques<\/option><option value=\"65 - Hautes-Pyr\u00e9n\u00e9es\">65 &#8211; Hautes-Pyr\u00e9n\u00e9es<\/option><option value=\"66 - Pyr\u00e9n\u00e9es-Orientales\">66 &#8211; Pyr\u00e9n\u00e9es-Orientales<\/option><option value=\"67 - Bas-Rhin\">67 &#8211; Bas-Rhin<\/option><option value=\"68 - Haut-Rhin\">68 &#8211; Haut-Rhin<\/option><option value=\"69 - Rh\u00f4ne\">69 &#8211; Rh\u00f4ne<\/option><option value=\"70 - Haute-Sa\u00f4ne\">70 &#8211; Haute-Sa\u00f4ne<\/option><option value=\"71 - Sa\u00f4ne-et-Loire\">71 &#8211; Sa\u00f4ne-et-Loire<\/option><option value=\"72 - Sarthe\">72 &#8211; Sarthe<\/option><option value=\"73 - Savoie\">73 &#8211; Savoie<\/option><option value=\"74 - Haute-Savoie\">74 &#8211; Haute-Savoie<\/option><option value=\"75 - Paris\">75 &#8211; Paris<\/option><option value=\"76 - Seine-Maritime\">76 &#8211; Seine-Maritime<\/option><option value=\"77 - Seine-et-Marne\">77 &#8211; Seine-et-Marne<\/option><option value=\"78 - Yvelines\">78 &#8211; Yvelines<\/option><option value=\"79 - Deux-S\u00e8vres\">79 &#8211; Deux-S\u00e8vres<\/option><option value=\"80 - Somme\">80 &#8211; Somme<\/option><option value=\"81 - Tarn\">81 &#8211; Tarn<\/option><option value=\"82 - Tarn-et-Garonne\">82 &#8211; Tarn-et-Garonne<\/option><option value=\"83 - Var\">83 &#8211; Var<\/option><option value=\"84 - Vaucluse\">84 &#8211; Vaucluse<\/option><option value=\"85 - Vend\u00e9e\">85 &#8211; Vend\u00e9e<\/option><option value=\"86 - Vienne\">86 &#8211; Vienne<\/option><option value=\"87 - Haute-Vienne\">87 &#8211; Haute-Vienne<\/option><option value=\"88 - Vosges\">88 &#8211; Vosges<\/option><option value=\"89 - Yonne\">89 &#8211; Yonne<\/option><option value=\"90 - Territoire de Belfort\">90 &#8211; Territoire de Belfort<\/option><option value=\"91 - Essonne\">91 &#8211; Essonne<\/option><option value=\"92 - Hauts-de-Seine\">92 &#8211; Hauts-de-Seine<\/option><option value=\"93 - Seine-St-Denis\">93 &#8211; Seine-St-Denis<\/option><option value=\"94 - Val-de-Marne\">94 &#8211; Val-de-Marne<\/option><option value=\"95 - Val-D&#039;Oise\">95 &#8211; Val-D&#039;Oise<\/option><option value=\"2A - Corse-du-Sud\">2A &#8211; Corse-du-Sud<\/option><option value=\"2B - Haute-Corse\">2B &#8211; Haute-Corse<\/option><option value=\"971 - Guadeloupe\">971 &#8211; Guadeloupe<\/option><option value=\"972 - Martinique\">972 &#8211; Martinique<\/option><option value=\"973 - Guyane\">973 &#8211; Guyane<\/option><option value=\"974 - La R\u00e9union\">974 &#8211; La R\u00e9union<\/option><option value=\"976 - Mayotte\">976 &#8211; Mayotte<\/option><option value=\"Export\">Export<\/option><\/select><\/label><label>Je souhaite \u00eatre contact\u00e9.e <select aria-invalid=\"false\" name=\"heure\"><option value=\"Tranche horaire\">Tranche horaire<\/option><option value=\"LUNDI - Matin\">LUNDI &#8211; Matin<\/option><option value=\"LUNDI - Apr\u00e8s-midi\">LUNDI &#8211; Apr\u00e8s-midi<\/option><option value=\"MARDI - Matin\">MARDI &#8211; Matin<\/option><option value=\"MARDI - Apr\u00e8s-midi\">MARDI &#8211; Apr\u00e8s-midi<\/option><option value=\"MERCREDI - Matin\">MERCREDI &#8211; Matin<\/option><option value=\"MERCREDI - Apr\u00e8s-midi\">MERCREDI &#8211; Apr\u00e8s-midi<\/option><option value=\"JEUDI - Matin\">JEUDI &#8211; Matin<\/option><option value=\"JEUDI - Apr\u00e8s-midi\">JEUDI &#8211; Apr\u00e8s-midi<\/option><option value=\"VENDREDI - Matin\">VENDREDI &#8211; Matin<\/option><option value=\"VENDREDI - Apr\u00e8s-midi\">VENDREDI &#8211; Apr\u00e8s-midi<\/option><\/select><\/label><br \/>\n<label>Message <textarea cols=\"40\" rows=\"10\" aria-invalid=\"false\" name=\"your-message\"><\/textarea> <\/label>\n<\/p>\n<p><input type=\"hidden\" name=\"cart-detail\" id=\"\" aria-invalid=\"false\" value=\"[table][thead][tr][th]R\u00e9f[\/th][th]Produit[\/th][th]Quantit\u00e9[\/th][th]Prix[\/th][\/tr][\/thead][tbody][\/tbody][tfoot][tr][th colspan=&quot;3&quot;][\/th][th]0 \u20ac HT[\/th][\/tr][\/tfoot][\/table]\" \/><br \/>\n<input type=\"hidden\" name=\"selected-product\" id=\"\" aria-invalid=\"false\" value=\"selected_product\" \/><\/p>\n<p><strong>*champ obligatoire<\/strong>\n<\/p>\n<p><input type=\"submit\" value=\"Envoyer\" \/>\n<\/p>\n<p style=\"display: none !important;\" data-prefix=\"_wpcf7_ak_\"><label>&#916;<textarea name=\"_wpcf7_ak_hp_textarea\" cols=\"45\" rows=\"8\" maxlength=\"100\"><\/textarea><\/label><input type=\"hidden\" id=\"ak_js_3\" name=\"_wpcf7_ak_js\" value=\"37\"\/><\/p>\n<\/form>\n<p>Vous aimerez aussi<\/p>\n<p>D\u00e9couvrez \u00e9galement<\/p>\n<p>\t\t\t<a role=\"button\"><\/p>\n<h2>Les<\/br> coussins<\/h2>\n<p>\t\t\t\t\t<\/a><br \/>\n\t\t\t<a role=\"button\"><\/p>\n<h2>Les chemins<\/br> de lit<\/h2>\n<p>\t\t\t\t\t<\/a><br \/>\n\t\t\t<a role=\"button\"><\/p>\n<h2>Les<\/br> couvre-lits<\/h2>\n<p>\t\t\t\t\t<\/a><br \/>\n\t\t\t<a role=\"button\"><\/p>\n<h2>Les t\u00eates<\/br> de lit<\/h2>\n<p>\t\t\t\t\t<\/a><\/p>\n","protected":false},"excerpt":{"rendered":"<p>Les cache sommiers sur-mesure pour professionnel Au-del\u00e0 de leur utilit\u00e9 premi\u00e8re, \u00e0 savoir cacher le sommier et les pieds de vos lits, ils se veulent pratiques, d\u00e9coratifs et en harmonie avec l\u2019esth\u00e9tique de vos chambres.En fonction de vos souhaits, nous vous orienterons vers un mod\u00e8le de notre gamme de produits finis ou vers une confection [&hellip;]<\/p>\n","protected":false},"author":3,"featured_media":10416,"parent":34,"menu_order":3,"comment_status":"closed","ping_status":"closed","template":"","meta":{"_acf_changed":false,"footnotes":""},"class_list":["post-54","page","type-page","status-publish","has-post-thumbnail","hentry"],"acf":[],"_links":{"self":[{"href":"https:\/\/www.linvosges-hotellerie.com\/fr\/wp-json\/wp\/v2\/pages\/54","targetHints":{"allow":["GET"]}}],"collection":[{"href":"https:\/\/www.linvosges-hotellerie.com\/fr\/wp-json\/wp\/v2\/pages"}],"about":[{"href":"https:\/\/www.linvosges-hotellerie.com\/fr\/wp-json\/wp\/v2\/types\/page"}],"author":[{"embeddable":true,"href":"https:\/\/www.linvosges-hotellerie.com\/fr\/wp-json\/wp\/v2\/users\/3"}],"replies":[{"embeddable":true,"href":"https:\/\/www.linvosges-hotellerie.com\/fr\/wp-json\/wp\/v2\/comments?post=54"}],"version-history":[{"count":1,"href":"https:\/\/www.linvosges-hotellerie.com\/fr\/wp-json\/wp\/v2\/pages\/54\/revisions"}],"predecessor-version":[{"id":60550,"href":"https:\/\/www.linvosges-hotellerie.com\/fr\/wp-json\/wp\/v2\/pages\/54\/revisions\/60550"}],"up":[{"embeddable":true,"href":"https:\/\/www.linvosges-hotellerie.com\/fr\/wp-json\/wp\/v2\/pages\/34"}],"wp:featuredmedia":[{"embeddable":true,"href":"https:\/\/www.linvosges-hotellerie.com\/fr\/wp-json\/wp\/v2\/media\/10416"}],"wp:attachment":[{"href":"https:\/\/www.linvosges-hotellerie.com\/fr\/wp-json\/wp\/v2\/media?parent=54"}],"curies":[{"name":"wp","href":"https:\/\/api.w.org\/{rel}","templated":true}]}}