{"id":58,"date":"2020-09-17T14:05:20","date_gmt":"2020-09-17T12:05:20","guid":{"rendered":"https:\/\/www.linvosges-hotellerie.fr\/?page_id=58"},"modified":"2025-07-04T11:27:43","modified_gmt":"2025-07-04T09:27:43","slug":"collections-tissus","status":"publish","type":"page","link":"https:\/\/www.linvosges-hotellerie.com\/fr\/ambiance-sur-mesure\/collections-tissus\/","title":{"rendered":"Nos collections de tissus"},"content":{"rendered":"<p><img decoding=\"async\" width=\"800\" height=\"741\" src=\"https:\/\/www.linvosges-hotellerie.com\/wp-content\/uploads\/2020\/12\/collection-tissus-confection-sur-mesure-hotel-professionnel-linvosges-hotellerie-1024x948.jpg\" alt=\"Nos Collections De Tissus Linvosges H\u00f4tellerie\" srcset=\"https:\/\/www.linvosges-hotellerie.com\/wp-content\/uploads\/2020\/12\/collection-tissus-confection-sur-mesure-hotel-professionnel-linvosges-hotellerie-1024x948.jpg 1024w, https:\/\/www.linvosges-hotellerie.com\/wp-content\/uploads\/2020\/12\/collection-tissus-confection-sur-mesure-hotel-professionnel-linvosges-hotellerie-600x555.jpg 600w, https:\/\/www.linvosges-hotellerie.com\/wp-content\/uploads\/2020\/12\/collection-tissus-confection-sur-mesure-hotel-professionnel-linvosges-hotellerie-300x278.jpg 300w, https:\/\/www.linvosges-hotellerie.com\/wp-content\/uploads\/2020\/12\/collection-tissus-confection-sur-mesure-hotel-professionnel-linvosges-hotellerie-768x711.jpg 768w, https:\/\/www.linvosges-hotellerie.com\/wp-content\/uploads\/2020\/12\/collection-tissus-confection-sur-mesure-hotel-professionnel-linvosges-hotellerie-1536x1421.jpg 1536w, https:\/\/www.linvosges-hotellerie.com\/wp-content\/uploads\/2020\/12\/collection-tissus-confection-sur-mesure-hotel-professionnel-linvosges-hotellerie.jpg 1140w\" sizes=\"(max-width: 800px) 100vw, 800px\" \/>\t\t\t\t\t\t\t\t\t\t\t\t\t<\/p>\n<h1>Nos tissus<\/br> <strong>sur-mesure pour professionnel<\/strong><\/h1>\n<h2>La collection Native<\/h2>\n<p>Une gamme renouvel\u00e9e au fil des saisons, des tendances, proposant des voiles et tissus d\u2019ameublement des plus l\u00e9gers aux plus lourds pour habiller vos lits et vos fen\u00eatres avec personnalit\u00e9.<\/p>\n<h2>La collection R\u00e9sist<br \/>\n<\/h2>\n<p>R\u00e9pondant aux normes de s\u00e9curit\u00e9 NON FEU, cette collection recommand\u00e9e dans les lieux publics offre un tr\u00e8s large panel de tissus, des plus sobres aux plus audacieux, qui peuvent \u00e9galement se doter de fonctionnalit\u00e9s compl\u00e9mentaires intelligentes : att\u00e9nuer le bruit, limiter la prolif\u00e9ration des bact\u00e9ries, capter les mauvaises odeurs.<\/p>\n<h2>La collection Cr\u00e9ative<\/h2>\n<p>Pour l\u2019artiste qui r\u00e9side en chacun de vous, cette collection vous offre la possibilit\u00e9 de cr\u00e9er le tissu qui vous ressemble, de laisser libre cours \u00e0 vos id\u00e9es et imprimer le motif souhait\u00e9 sur un support choisi parmi diff\u00e9rentes qualit\u00e9s de tissus.<\/p>\n<h3>D\u00e9couvrez nos ambiances sur-mesure<\/h3>\n<p>\t\t\t<a role=\"button\"><br \/>\n\t\t\t\t\t\tLa fen\u00eatre<br \/>\n\t\t\t\t\t<\/a><br \/>\n\t\t\t<a role=\"button\"><br \/>\n\t\t\t\t\t\tLe lit<br \/>\n\t\t\t\t\t<\/a><br \/>\n\t\t\t<a role=\"button\"><br \/>\n\t\t\t\t\t\tNos r\u00e9alisations<br \/>\n\t\t\t\t\t<\/a><\/p>\n","protected":false},"excerpt":{"rendered":"<p>Nos tissus sur-mesure pour professionnel La collection Native Une gamme renouvel\u00e9e au fil des saisons, des tendances, proposant des voiles et tissus d\u2019ameublement des plus l\u00e9gers aux plus lourds pour habiller vos lits et vos fen\u00eatres avec personnalit\u00e9. La collection R\u00e9sist R\u00e9pondant aux normes de s\u00e9curit\u00e9 NON FEU, cette collection recommand\u00e9e dans les lieux publics [&hellip;]<\/p>\n","protected":false},"author":3,"featured_media":10416,"parent":30,"menu_order":2,"comment_status":"closed","ping_status":"closed","template":"","meta":{"_acf_changed":false,"footnotes":""},"class_list":["post-58","page","type-page","status-publish","has-post-thumbnail","hentry"],"acf":[],"_links":{"self":[{"href":"https:\/\/www.linvosges-hotellerie.com\/fr\/wp-json\/wp\/v2\/pages\/58","targetHints":{"allow":["GET"]}}],"collection":[{"href":"https:\/\/www.linvosges-hotellerie.com\/fr\/wp-json\/wp\/v2\/pages"}],"about":[{"href":"https:\/\/www.linvosges-hotellerie.com\/fr\/wp-json\/wp\/v2\/types\/page"}],"author":[{"embeddable":true,"href":"https:\/\/www.linvosges-hotellerie.com\/fr\/wp-json\/wp\/v2\/users\/3"}],"replies":[{"embeddable":true,"href":"https:\/\/www.linvosges-hotellerie.com\/fr\/wp-json\/wp\/v2\/comments?post=58"}],"version-history":[{"count":1,"href":"https:\/\/www.linvosges-hotellerie.com\/fr\/wp-json\/wp\/v2\/pages\/58\/revisions"}],"predecessor-version":[{"id":60477,"href":"https:\/\/www.linvosges-hotellerie.com\/fr\/wp-json\/wp\/v2\/pages\/58\/revisions\/60477"}],"up":[{"embeddable":true,"href":"https:\/\/www.linvosges-hotellerie.com\/fr\/wp-json\/wp\/v2\/pages\/30"}],"wp:featuredmedia":[{"embeddable":true,"href":"https:\/\/www.linvosges-hotellerie.com\/fr\/wp-json\/wp\/v2\/media\/10416"}],"wp:attachment":[{"href":"https:\/\/www.linvosges-hotellerie.com\/fr\/wp-json\/wp\/v2\/media?parent=58"}],"curies":[{"name":"wp","href":"https:\/\/api.w.org\/{rel}","templated":true}]}}