{"id":64,"date":"2020-09-17T14:08:18","date_gmt":"2020-09-17T12:08:18","guid":{"rendered":"https:\/\/www.linvosges-hotellerie.fr\/?page_id=64"},"modified":"2026-01-06T17:08:08","modified_gmt":"2026-01-06T16:08:08","slug":"contact","status":"publish","type":"page","link":"https:\/\/www.linvosges-hotellerie.com\/fr\/contact\/","title":{"rendered":"Contact"},"content":{"rendered":"<h2>Contactez-nous<\/h2>\n<p>\t\t\t\t<a href=\"tel:330329601122\" tabindex=\"-1\"><br \/>\n\t\t\t\t\t\t\t\t<\/a><\/p>\n<p>\n\t\t\t\t\t\t<a href=\"tel:330329601122\" ><br \/>\n\t\t\t\t\t\t\t+33 (0) 3 29 60 11 22\t\t\t\t\t\t<\/a>\n\t\t\t\t\t<\/p>\n<p>\n\t\t\t\t\t\tNous sommes joignables du lundi au vendredi<\/br> de 8h30 \u00e0 12h et de 14h \u00e0 17h\t\t\t\t\t<\/p>\n<p>\t\t\t\t<a href=\"mailto:hotellerie@linvosges.com\" tabindex=\"-1\"><br \/>\n\t\t\t\t\t\t\t\t<\/a><\/p>\n<p>\n\t\t\t\t\t\t<a href=\"mailto:hotellerie@linvosges.com\" ><br \/>\n\t\t\t\t\t\t\thotellerie@linvosges.com\t\t\t\t\t\t<\/a>\n\t\t\t\t\t<\/p>\n<p>\n\t\t\t\t\t\t\u00c9crivez-nous et nous vous<\/br> r\u00e9pondrons rapidement\t\t\t\t\t<\/p>\n<p>\n\t\t\t\t\t\t\tformulaire\n\t\t\t\t\t<\/p>\n<p>\n\t\t\t\t\t\tCompl\u00e9tez le formulaire ci-dessous en indiquant l&#8217;objet de votre demande\t\t\t\t\t<\/p>\n<p role=\"status\" aria-live=\"polite\" aria-atomic=\"true\">\n<ul><\/ul>\n<form action=\"\/wp-admin\/admin-ajax.php#wpcf7-f1552-o3\" method=\"post\" aria-label=\"Formulaire de contact\" novalidate=\"novalidate\" data-status=\"init\">\n<input type=\"hidden\" name=\"_wpcf7\" value=\"1552\" \/><br \/>\n<input type=\"hidden\" name=\"_wpcf7_version\" value=\"5.9.8\" \/><br \/>\n<input type=\"hidden\" name=\"_wpcf7_locale\" value=\"fr_FR\" \/><br \/>\n<input type=\"hidden\" name=\"_wpcf7_unit_tag\" value=\"wpcf7-f1552-o3\" \/><br \/>\n<input type=\"hidden\" name=\"_wpcf7_container_post\" value=\"0\" \/><br \/>\n<input type=\"hidden\" name=\"_wpcf7_posted_data_hash\" value=\"\" \/><\/p>\n<p><label>\u00c9tablissement <input size=\"40\" maxlength=\"400\" aria-required=\"true\" aria-invalid=\"false\" value=\"\" type=\"text\" name=\"your-business\" \/><\/label><br \/>\n<label>Civilit\u00e9* <select aria-required=\"true\" aria-invalid=\"false\" name=\"civilite\"><option value=\"\">&#8212;Veuillez choisir une option&#8212;<\/option><option value=\"Mme\">Mme<\/option><option value=\"M.\">M.<\/option><\/select><\/label><br \/>\n<label>Nom* <input size=\"40\" maxlength=\"400\" aria-invalid=\"false\" value=\"\" type=\"text\" name=\"your-name\" \/><\/label><br \/>\n<label>E-mail* <input size=\"40\" maxlength=\"400\" aria-required=\"true\" aria-invalid=\"false\" value=\"\" type=\"email\" name=\"your-email\" \/><\/label><br \/>\n<label>Adresse* <input size=\"40\" maxlength=\"400\" aria-required=\"true\" aria-invalid=\"false\" value=\"\" type=\"text\" name=\"your-address\" \/><\/label><br \/>\n<label>Code postal* <input aria-required=\"true\" aria-invalid=\"false\" value=\"\" type=\"number\" name=\"your-postal-code\" \/><\/label><br \/>\n<label>Ville <input size=\"40\" maxlength=\"400\" aria-required=\"true\" aria-invalid=\"false\" value=\"\" type=\"text\" name=\"your-city\" \/><\/label><br \/>\n<label>T\u00e9l\u00e9phone <input size=\"40\" maxlength=\"400\" aria-invalid=\"false\" value=\"\" type=\"tel\" name=\"your-phone\" \/><\/label><br \/>\n<label>Je souhaite \u00eatre contact\u00e9.e <select aria-invalid=\"false\" name=\"heure\"><option value=\"Tranche horaire\">Tranche horaire<\/option><option value=\"LUNDI - Matin\">LUNDI &#8211; Matin<\/option><option value=\"LUNDI - Apr\u00e8s-midi\">LUNDI &#8211; Apr\u00e8s-midi<\/option><option value=\"MARDI - Matin\">MARDI &#8211; Matin<\/option><option value=\"MARDI - Apr\u00e8s-midi\">MARDI &#8211; Apr\u00e8s-midi<\/option><option value=\"MERCREDI - Matin\">MERCREDI &#8211; Matin<\/option><option value=\"MERCREDI - Apr\u00e8s-midi\">MERCREDI &#8211; Apr\u00e8s-midi<\/option><option value=\"JEUDI - Matin\">JEUDI &#8211; Matin<\/option><option value=\"JEUDI - Apr\u00e8s-midi\">JEUDI &#8211; Apr\u00e8s-midi<\/option><option value=\"VENDREDI - Matin\">VENDREDI &#8211; Matin<\/option><option value=\"VENDREDI - Apr\u00e8s-midi\">VENDREDI &#8211; Apr\u00e8s-midi<\/option><\/select><\/label><br \/>\n<label>Objet <select aria-required=\"true\" aria-invalid=\"false\" name=\"objet\"><option value=\"\">&#8212;Veuillez choisir une option&#8212;<\/option><option value=\"Demander un devis\">Demander un devis<\/option><option value=\"Demander un catalogue\">Demander un catalogue<\/option><option value=\"Prendre rendez-vous avec un expert\">Prendre rendez-vous avec un expert<\/option><option value=\"Autre demande\">Autre demande<\/option><\/select><\/label><br \/>\n<label>Message <textarea cols=\"40\" rows=\"10\" maxlength=\"2000\" aria-invalid=\"false\" name=\"your-message\"><\/textarea><\/label>\n<\/p>\n<p><strong>*champ obligatoire<\/strong>\n<\/p>\n<p><input type=\"submit\" value=\"Envoyer\" \/>\n<\/p>\n<p style=\"display: none !important;\" data-prefix=\"_wpcf7_ak_\"><label>&#916;<textarea name=\"_wpcf7_ak_hp_textarea\" cols=\"45\" rows=\"8\" maxlength=\"100\"><\/textarea><\/label><input type=\"hidden\" id=\"ak_js_3\" name=\"_wpcf7_ak_js\" value=\"176\"\/><\/p>\n<\/form>\n<p>Les donn\u00e9es recueillies sur ce formulaire sont destin\u00e9es \u00e0 Linvosges, responsable de traitement, pour g\u00e9rer la relation avec vous, vous apporter les r\u00e9ponses et informations que vous demandez, et \u00e0 fins de prospection. Conform\u00e9ment \u00e0 la loi, vous disposez de droits d\u2019acc\u00e8s, de rectification et d\u2019opposition aux donn\u00e9es vous concernant.<\/p>\n<p>Pour en savoir plus, consultez notre <a href=\"https:\/\/www.linvosges-hotellerie.com\/fr\/politique-de-confidentialite\/\">politique de confidentialit\u00e9<\/a><\/p>\n<h1>Une \u00e9quipe d&#8217;experts vous accompagne dans vos projets<\/h1>\n<p>Survolez la carte pour trouver votre contact<\/p>\n<p>Cliquez sur votre d\u00e9partement pour trouver votre contact<\/p>\n<div class=\"map_wrapper\" id=\"map_wrapper_2616\">\n<div class=\"map_box\" style=\"max-width:2200px\">\n<div class=\"map_aspect_ratio\" style=\"padding-top:56%\" data-padding-top=\"56%\" data-padding-top-mobile=\"0%\">\n<div class=\"map_container\">\n<div class=\"map_render map_loading\" id=\"map_2616\"><\/div>\n<\/div>\n<\/div>\n<\/div>\n<\/div>\n<p><strong>Nathalie GASPARD<\/strong><br \/>Portable : <a href=\"tel:+33687758001\">+33 (0)6 87 75 80 01<\/a><br \/>mail : <a href=\"mailto:nathalie.gaspard@linvosges.com\">nathalie.gaspard@linvosges.com<\/a><\/p>\n<p>MONACO<\/p>\n<p>\t\t\t\t\t\t\t\t\t\t\t\t\t<img decoding=\"async\" width=\"819\" height=\"957\" src=\"https:\/\/www.linvosges-hotellerie.com\/wp-content\/uploads\/2021\/02\/monaco.png\" alt=\"Principaut\u00e9 de Monaco\" srcset=\"https:\/\/www.linvosges-hotellerie.com\/wp-content\/uploads\/2021\/02\/monaco.png 819w, https:\/\/www.linvosges-hotellerie.com\/wp-content\/uploads\/2021\/02\/monaco-257x300.png 257w, https:\/\/www.linvosges-hotellerie.com\/wp-content\/uploads\/2021\/02\/monaco-768x897.png 768w, https:\/\/www.linvosges-hotellerie.com\/wp-content\/uploads\/2021\/02\/monaco-600x701.png 600w\" sizes=\"(max-width: 819px) 100vw, 819px\" \/><br \/>\n\t\t\t\t\t\t\t\t\t\t\t\t\t<img decoding=\"async\" width=\"819\" height=\"957\" src=\"https:\/\/www.linvosges-hotellerie.com\/wp-content\/uploads\/2021\/03\/monaco-actif.png\" alt=\"Carte de la Principaut\u00e9 de Monaco\" srcset=\"https:\/\/www.linvosges-hotellerie.com\/wp-content\/uploads\/2021\/03\/monaco-actif.png 819w, https:\/\/www.linvosges-hotellerie.com\/wp-content\/uploads\/2021\/03\/monaco-actif-257x300.png 257w, https:\/\/www.linvosges-hotellerie.com\/wp-content\/uploads\/2021\/03\/monaco-actif-768x897.png 768w, https:\/\/www.linvosges-hotellerie.com\/wp-content\/uploads\/2021\/03\/monaco-actif-600x701.png 600w\" sizes=\"(max-width: 819px) 100vw, 819px\" \/>\t\t\t\t\t\t\t\t\t\t\t\t\t<\/p>\n<p><strong>Eva\u00a0 ZANARDI<\/strong><br \/>Portable : <a href=\"tel:+33638377508\">+33 (0)6 32.77.31.11<\/a><br \/>mail : <a href=\"mailto:sebastien.courteille@linvosges.com\">eva.zanardi@linvosges.com<\/a><\/p>\n<p>BELGIQUE<\/p>\n<p>\t\t\t\t\t\t\t\t\t\t\t\t\t<img decoding=\"async\" width=\"1000\" height=\"814\" src=\"https:\/\/www.linvosges-hotellerie.com\/wp-content\/uploads\/2020\/12\/belgique-export-hotel-professionnel-linvosges-hotellerie.jpg\" alt=\"Contactez Notre Expert Linvosges H\u00f4tellerie Pour La Belgique\" srcset=\"https:\/\/www.linvosges-hotellerie.com\/wp-content\/uploads\/2020\/12\/belgique-export-hotel-professionnel-linvosges-hotellerie.jpg 1000w, https:\/\/www.linvosges-hotellerie.com\/wp-content\/uploads\/2020\/12\/belgique-export-hotel-professionnel-linvosges-hotellerie-300x244.jpg 300w, https:\/\/www.linvosges-hotellerie.com\/wp-content\/uploads\/2020\/12\/belgique-export-hotel-professionnel-linvosges-hotellerie-768x625.jpg 768w, https:\/\/www.linvosges-hotellerie.com\/wp-content\/uploads\/2020\/12\/belgique-export-hotel-professionnel-linvosges-hotellerie-600x488.jpg 600w\" sizes=\"(max-width: 1000px) 100vw, 1000px\" \/><br \/>\n\t\t\t\t\t\t\t\t\t\t\t\t\t<img decoding=\"async\" width=\"1000\" height=\"814\" src=\"https:\/\/www.linvosges-hotellerie.com\/wp-content\/uploads\/2020\/12\/belgique-export-hotel-professionnel-linvosges-hotellerie-2.jpg\" alt=\"Contactez Notre Expert Linvosges H\u00f4tellerie Pour La Belgique\" srcset=\"https:\/\/www.linvosges-hotellerie.com\/wp-content\/uploads\/2020\/12\/belgique-export-hotel-professionnel-linvosges-hotellerie-2.jpg 1000w, https:\/\/www.linvosges-hotellerie.com\/wp-content\/uploads\/2020\/12\/belgique-export-hotel-professionnel-linvosges-hotellerie-2-300x244.jpg 300w, https:\/\/www.linvosges-hotellerie.com\/wp-content\/uploads\/2020\/12\/belgique-export-hotel-professionnel-linvosges-hotellerie-2-768x625.jpg 768w, https:\/\/www.linvosges-hotellerie.com\/wp-content\/uploads\/2020\/12\/belgique-export-hotel-professionnel-linvosges-hotellerie-2-600x488.jpg 600w\" sizes=\"(max-width: 1000px) 100vw, 1000px\" \/>\t\t\t\t\t\t\t\t\t\t\t\t\t<\/p>\n<p><strong>Milia RUBEIZ<\/strong><br \/>Portable : <a href=\"tel:+33670178524\">+33 (0)6 70 17 85 24<\/a><br \/>mail : <a href=\"mailto:mrubeiz@grouperosa.fr\">mrubeiz@grouperosa.fr<\/a><\/p>\n<p>LUXEMBOURG<\/p>\n<p>\t\t\t\t\t\t\t\t\t\t\t\t\t<img decoding=\"async\" width=\"343\" height=\"500\" src=\"https:\/\/www.linvosges-hotellerie.com\/wp-content\/uploads\/2020\/12\/luxembourg-export-hotel-professionnel-linvosges-hotellerie.jpg\" alt=\"Contactez Notre Expert Linvosges H\u00f4tellerie Pour Le Luxembourg\" srcset=\"https:\/\/www.linvosges-hotellerie.com\/wp-content\/uploads\/2020\/12\/luxembourg-export-hotel-professionnel-linvosges-hotellerie.jpg 343w, https:\/\/www.linvosges-hotellerie.com\/wp-content\/uploads\/2020\/12\/luxembourg-export-hotel-professionnel-linvosges-hotellerie-206x300.jpg 206w\" sizes=\"(max-width: 343px) 100vw, 343px\" \/><br \/>\n\t\t\t\t\t\t\t\t\t\t\t\t\t<img decoding=\"async\" width=\"343\" height=\"500\" src=\"https:\/\/www.linvosges-hotellerie.com\/wp-content\/uploads\/2020\/12\/luxembourg-export-hotel-professionnel-linvosges-hotellerie-2.jpg\" alt=\"Contactez Notre Expert Linvosges H\u00f4tellerie Pour Le Luxembourg\" srcset=\"https:\/\/www.linvosges-hotellerie.com\/wp-content\/uploads\/2020\/12\/luxembourg-export-hotel-professionnel-linvosges-hotellerie-2.jpg 343w, https:\/\/www.linvosges-hotellerie.com\/wp-content\/uploads\/2020\/12\/luxembourg-export-hotel-professionnel-linvosges-hotellerie-2-206x300.jpg 206w\" sizes=\"(max-width: 343px) 100vw, 343px\" \/>\t\t\t\t\t\t\t\t\t\t\t\t\t<\/p>\n<p><strong>Nathalie GASPARD<\/strong><br \/>Portable : <a href=\"tel:+33687758001\">+33 (0)6 87 75 80 01<\/a><br \/>mail : <a href=\"mailto:nathalie.gaspard@linvosges.com\">nathalie.gaspard@linvosges.com<\/a><\/p>\n<p>EXPORT<\/p>\n<p>\t\t\t\t\t\t\t\t\t\t\t\t\t<img decoding=\"async\" width=\"1140\" height=\"1140\" src=\"https:\/\/www.linvosges-hotellerie.com\/wp-content\/uploads\/2020\/12\/export-hotel-professionnel-linvosges-hotellerie.jpg\" alt=\"Contactez Notre Expert Linvosges H\u00f4tellerie Pour L&#039;export\" srcset=\"https:\/\/www.linvosges-hotellerie.com\/wp-content\/uploads\/2020\/12\/export-hotel-professionnel-linvosges-hotellerie.jpg 1140w, https:\/\/www.linvosges-hotellerie.com\/wp-content\/uploads\/2020\/12\/export-hotel-professionnel-linvosges-hotellerie-300x300.jpg 300w, https:\/\/www.linvosges-hotellerie.com\/wp-content\/uploads\/2020\/12\/export-hotel-professionnel-linvosges-hotellerie-1024x1024.jpg 1024w, https:\/\/www.linvosges-hotellerie.com\/wp-content\/uploads\/2020\/12\/export-hotel-professionnel-linvosges-hotellerie-150x150.jpg 150w, https:\/\/www.linvosges-hotellerie.com\/wp-content\/uploads\/2020\/12\/export-hotel-professionnel-linvosges-hotellerie-768x768.jpg 768w, https:\/\/www.linvosges-hotellerie.com\/wp-content\/uploads\/2020\/12\/export-hotel-professionnel-linvosges-hotellerie-600x600.jpg 600w, https:\/\/www.linvosges-hotellerie.com\/wp-content\/uploads\/2020\/12\/export-hotel-professionnel-linvosges-hotellerie-100x100.jpg 100w\" sizes=\"(max-width: 1140px) 100vw, 1140px\" \/><br \/>\n\t\t\t\t\t\t\t\t\t\t\t\t\t<img decoding=\"async\" width=\"1140\" height=\"1140\" src=\"https:\/\/www.linvosges-hotellerie.com\/wp-content\/uploads\/2020\/12\/export-hotel-professionnel-linvosges-hotellerie-2.jpg\" alt=\"Contactez Notre Expert Linvosges H\u00f4tellerie Pour L&#039;export\" srcset=\"https:\/\/www.linvosges-hotellerie.com\/wp-content\/uploads\/2020\/12\/export-hotel-professionnel-linvosges-hotellerie-2.jpg 1140w, https:\/\/www.linvosges-hotellerie.com\/wp-content\/uploads\/2020\/12\/export-hotel-professionnel-linvosges-hotellerie-2-300x300.jpg 300w, https:\/\/www.linvosges-hotellerie.com\/wp-content\/uploads\/2020\/12\/export-hotel-professionnel-linvosges-hotellerie-2-150x150.jpg 150w, https:\/\/www.linvosges-hotellerie.com\/wp-content\/uploads\/2020\/12\/export-hotel-professionnel-linvosges-hotellerie-2-768x768.jpg 768w, https:\/\/www.linvosges-hotellerie.com\/wp-content\/uploads\/2020\/12\/export-hotel-professionnel-linvosges-hotellerie-2-600x600.jpg 600w, https:\/\/www.linvosges-hotellerie.com\/wp-content\/uploads\/2020\/12\/export-hotel-professionnel-linvosges-hotellerie-2-100x100.jpg 100w\" sizes=\"(max-width: 1140px) 100vw, 1140px\" \/>\t\t\t\t\t\t\t\t\t\t\t\t\t<\/p>\n<p><strong>Milia RUBEIZ<\/strong><br \/>Portable : <a href=\"tel:+33670178524\">+33 (0)6 70 17 85 24<\/a><br \/>mail : <a href=\"mailto:mrubeiz@grouperosa.fr\">mrubeiz@grouperosa.fr<\/a><\/p>\n<p>DROM-COM<\/p>\n<p>\t\t\t\t\t\t\t\t\t\t\t\t\t<img decoding=\"async\" width=\"525\" height=\"1140\" src=\"https:\/\/www.linvosges-hotellerie.com\/wp-content\/uploads\/2021\/01\/domtom-export-hotel-professionnel-linvosges-hotellerie.jpg\" alt=\"Contactez Notre Expert Linvosges H\u00f4tellerie Pour Les DOM TOM\" srcset=\"https:\/\/www.linvosges-hotellerie.com\/wp-content\/uploads\/2021\/01\/domtom-export-hotel-professionnel-linvosges-hotellerie.jpg 525w, https:\/\/www.linvosges-hotellerie.com\/wp-content\/uploads\/2021\/01\/domtom-export-hotel-professionnel-linvosges-hotellerie-138x300.jpg 138w, https:\/\/www.linvosges-hotellerie.com\/wp-content\/uploads\/2021\/01\/domtom-export-hotel-professionnel-linvosges-hotellerie-471x1024.jpg 471w\" sizes=\"(max-width: 525px) 100vw, 525px\" \/><br \/>\n\t\t\t\t\t\t\t\t\t\t\t\t\t<img decoding=\"async\" width=\"525\" height=\"1140\" src=\"https:\/\/www.linvosges-hotellerie.com\/wp-content\/uploads\/2021\/01\/domtom-export-hotel-professionnel-linvosges-hotellerie-2.jpg\" alt=\"Contactez Notre Expert Linvosges H\u00f4tellerie Pour Les DOM TOM\" srcset=\"https:\/\/www.linvosges-hotellerie.com\/wp-content\/uploads\/2021\/01\/domtom-export-hotel-professionnel-linvosges-hotellerie-2.jpg 525w, https:\/\/www.linvosges-hotellerie.com\/wp-content\/uploads\/2021\/01\/domtom-export-hotel-professionnel-linvosges-hotellerie-2-138x300.jpg 138w, https:\/\/www.linvosges-hotellerie.com\/wp-content\/uploads\/2021\/01\/domtom-export-hotel-professionnel-linvosges-hotellerie-2-471x1024.jpg 471w\" sizes=\"(max-width: 525px) 100vw, 525px\" \/>\t\t\t\t\t\t\t\t\t\t\t\t\t<\/p>\n<p><strong>Milia RUBEIZ<\/strong><br \/>Portable : <a href=\"tel:+33670178524\">+33 (0)6 70 17 85 24<\/a><br \/>mail : <a href=\"mailto:mrubeiz@grouperosa.fr\">mrubeiz@grouperosa.fr<\/a><\/p>\n<p>BELGIQUE<\/p>\n<p>\t\t\t\t\t\t\t\t\t\t\t\t\t<img decoding=\"async\" width=\"1000\" height=\"814\" src=\"https:\/\/www.linvosges-hotellerie.com\/wp-content\/uploads\/2020\/12\/belgique-export-hotel-professionnel-linvosges-hotellerie-2.jpg\" alt=\"Contactez Notre Expert Linvosges H\u00f4tellerie Pour La Belgique\" srcset=\"https:\/\/www.linvosges-hotellerie.com\/wp-content\/uploads\/2020\/12\/belgique-export-hotel-professionnel-linvosges-hotellerie-2.jpg 1000w, https:\/\/www.linvosges-hotellerie.com\/wp-content\/uploads\/2020\/12\/belgique-export-hotel-professionnel-linvosges-hotellerie-2-300x244.jpg 300w, https:\/\/www.linvosges-hotellerie.com\/wp-content\/uploads\/2020\/12\/belgique-export-hotel-professionnel-linvosges-hotellerie-2-768x625.jpg 768w, https:\/\/www.linvosges-hotellerie.com\/wp-content\/uploads\/2020\/12\/belgique-export-hotel-professionnel-linvosges-hotellerie-2-600x488.jpg 600w\" sizes=\"(max-width: 1000px) 100vw, 1000px\" \/>\t\t\t\t\t\t\t\t\t\t\t\t\t<\/p>\n<p><strong>Chantal MARTEL<\/strong><br \/>Portable : <a href=\"tel:+33670178524\">+33 (0)6 70 17 85 24<\/a><br \/>mail : <a href=\"mailto:chantal.martel@linvosges.com\">chantal.martel@linvosges.com<\/a><\/p>\n<p>LUXEMBOURG<\/p>\n<p>\t\t\t\t\t\t\t\t\t\t\t\t\t<img decoding=\"async\" width=\"343\" height=\"500\" src=\"https:\/\/www.linvosges-hotellerie.com\/wp-content\/uploads\/2020\/12\/luxembourg-export-hotel-professionnel-linvosges-hotellerie-2.jpg\" alt=\"Contactez Notre Expert Linvosges H\u00f4tellerie Pour Le Luxembourg\" srcset=\"https:\/\/www.linvosges-hotellerie.com\/wp-content\/uploads\/2020\/12\/luxembourg-export-hotel-professionnel-linvosges-hotellerie-2.jpg 343w, https:\/\/www.linvosges-hotellerie.com\/wp-content\/uploads\/2020\/12\/luxembourg-export-hotel-professionnel-linvosges-hotellerie-2-206x300.jpg 206w\" sizes=\"(max-width: 343px) 100vw, 343px\" \/>\t\t\t\t\t\t\t\t\t\t\t\t\t<\/p>\n<p><strong>Nathalie GASPARD<\/strong><br \/>Portable : <a href=\"tel:+33687758001\">+33 (0)6 87 75 80 01<\/a><br \/>mail : <a href=\"mailto:nathalie.gaspard@linvosges.com\">nathalie.gaspard@linvosges.com<\/a><\/p>\n<p>EXPORT<\/p>\n<p>\t\t\t\t\t\t\t\t\t\t\t\t\t<img decoding=\"async\" width=\"1140\" height=\"1140\" src=\"https:\/\/www.linvosges-hotellerie.com\/wp-content\/uploads\/2020\/12\/export-hotel-professionnel-linvosges-hotellerie-2.jpg\" alt=\"Contactez Notre Expert Linvosges H\u00f4tellerie Pour L&#039;export\" srcset=\"https:\/\/www.linvosges-hotellerie.com\/wp-content\/uploads\/2020\/12\/export-hotel-professionnel-linvosges-hotellerie-2.jpg 1140w, https:\/\/www.linvosges-hotellerie.com\/wp-content\/uploads\/2020\/12\/export-hotel-professionnel-linvosges-hotellerie-2-300x300.jpg 300w, https:\/\/www.linvosges-hotellerie.com\/wp-content\/uploads\/2020\/12\/export-hotel-professionnel-linvosges-hotellerie-2-150x150.jpg 150w, https:\/\/www.linvosges-hotellerie.com\/wp-content\/uploads\/2020\/12\/export-hotel-professionnel-linvosges-hotellerie-2-768x768.jpg 768w, https:\/\/www.linvosges-hotellerie.com\/wp-content\/uploads\/2020\/12\/export-hotel-professionnel-linvosges-hotellerie-2-600x600.jpg 600w, https:\/\/www.linvosges-hotellerie.com\/wp-content\/uploads\/2020\/12\/export-hotel-professionnel-linvosges-hotellerie-2-100x100.jpg 100w\" sizes=\"(max-width: 1140px) 100vw, 1140px\" \/>\t\t\t\t\t\t\t\t\t\t\t\t\t<\/p>\n<p><strong>S\u00e9bastien COURTEILLE<\/strong><br \/>Portable : <a href=\"tel:+33638377508\">+33 (0)6 38 37 75 08<\/a><br \/>mail : <a href=\"mailto:sebastien.courteille@linvosges.com\">sebastien.courteille@linvosges.com<\/a><\/p>\n<p>DROM-COM<\/p>\n<p>\t\t\t\t\t\t\t\t\t\t\t\t\t<img decoding=\"async\" width=\"1140\" height=\"154\" src=\"https:\/\/www.linvosges-hotellerie.com\/wp-content\/uploads\/2021\/01\/domtom-export-hotel-professionnel-linvosges-hotellerie-3.jpg\" alt=\"Domtom Export Hotel Professionnel Linvosges Hotellerie 3\" srcset=\"https:\/\/www.linvosges-hotellerie.com\/wp-content\/uploads\/2021\/01\/domtom-export-hotel-professionnel-linvosges-hotellerie-3.jpg 1140w, https:\/\/www.linvosges-hotellerie.com\/wp-content\/uploads\/2021\/01\/domtom-export-hotel-professionnel-linvosges-hotellerie-3-300x41.jpg 300w, https:\/\/www.linvosges-hotellerie.com\/wp-content\/uploads\/2021\/01\/domtom-export-hotel-professionnel-linvosges-hotellerie-3-1024x139.jpg 1024w, https:\/\/www.linvosges-hotellerie.com\/wp-content\/uploads\/2021\/01\/domtom-export-hotel-professionnel-linvosges-hotellerie-3-768x104.jpg 768w, https:\/\/www.linvosges-hotellerie.com\/wp-content\/uploads\/2021\/01\/domtom-export-hotel-professionnel-linvosges-hotellerie-3-1536x208.jpg 1536w, https:\/\/www.linvosges-hotellerie.com\/wp-content\/uploads\/2021\/01\/domtom-export-hotel-professionnel-linvosges-hotellerie-3-600x81.jpg 600w\" sizes=\"(max-width: 1140px) 100vw, 1140px\" \/>\t\t\t\t\t\t\t\t\t\t\t\t\t<\/p>\n<p><strong>S\u00e9bastien COURTEILLE<\/strong><br \/>Portable : <a href=\"tel:+33638377508\">+33 (0)6 38 37 75 08<\/a><br \/>mail : <a href=\"mailto:sebastien.courteille@linvosges.com\">sebastien.courteille@linvosges.com<\/a><\/p>\n","protected":false},"excerpt":{"rendered":"<p>Contactez-nous +33 (0) 3 29 60 11 22 Nous sommes joignables du lundi au vendredi de 8h30 \u00e0 12h et de 14h \u00e0 17h hotellerie@linvosges.com \u00c9crivez-nous et nous vous r\u00e9pondrons rapidement formulaire Compl\u00e9tez le formulaire ci-dessous en indiquant l&#8217;objet de votre demande \u00c9tablissement Civilit\u00e9* &#8212;Veuillez choisir une option&#8212;MmeM. Nom* E-mail* Adresse* Code postal* Ville T\u00e9l\u00e9phone [&hellip;]<\/p>\n","protected":false},"author":3,"featured_media":10416,"parent":0,"menu_order":26,"comment_status":"closed","ping_status":"closed","template":"","meta":{"_acf_changed":false,"footnotes":""},"class_list":["post-64","page","type-page","status-publish","has-post-thumbnail","hentry"],"acf":[],"_links":{"self":[{"href":"https:\/\/www.linvosges-hotellerie.com\/fr\/wp-json\/wp\/v2\/pages\/64","targetHints":{"allow":["GET"]}}],"collection":[{"href":"https:\/\/www.linvosges-hotellerie.com\/fr\/wp-json\/wp\/v2\/pages"}],"about":[{"href":"https:\/\/www.linvosges-hotellerie.com\/fr\/wp-json\/wp\/v2\/types\/page"}],"author":[{"embeddable":true,"href":"https:\/\/www.linvosges-hotellerie.com\/fr\/wp-json\/wp\/v2\/users\/3"}],"replies":[{"embeddable":true,"href":"https:\/\/www.linvosges-hotellerie.com\/fr\/wp-json\/wp\/v2\/comments?post=64"}],"version-history":[{"count":16,"href":"https:\/\/www.linvosges-hotellerie.com\/fr\/wp-json\/wp\/v2\/pages\/64\/revisions"}],"predecessor-version":[{"id":65373,"href":"https:\/\/www.linvosges-hotellerie.com\/fr\/wp-json\/wp\/v2\/pages\/64\/revisions\/65373"}],"wp:featuredmedia":[{"embeddable":true,"href":"https:\/\/www.linvosges-hotellerie.com\/fr\/wp-json\/wp\/v2\/media\/10416"}],"wp:attachment":[{"href":"https:\/\/www.linvosges-hotellerie.com\/fr\/wp-json\/wp\/v2\/media?parent=64"}],"curies":[{"name":"wp","href":"https:\/\/api.w.org\/{rel}","templated":true}]}}