{"id":66,"date":"2020-09-17T14:08:58","date_gmt":"2020-09-17T12:08:58","guid":{"rendered":"https:\/\/www.linvosges-hotellerie.fr\/?page_id=66"},"modified":"2026-04-03T13:47:41","modified_gmt":"2026-04-03T11:47:41","slug":"conditions-generales-de-vente","status":"publish","type":"page","link":"https:\/\/www.linvosges-hotellerie.com\/fr\/conditions-generales-de-vente\/","title":{"rendered":"Conditions g\u00e9n\u00e9rales de vente"},"content":{"rendered":"\n<p>Les pr\u00e9sentes conditions g\u00e9n\u00e9rales de vente (ci-apr\u00e8s \u00ab&nbsp;<strong>CGV<\/strong>&nbsp;\u00bb) s\u2019appliquent aux relations entre LINVOSGES et ses clients professionnels en mesure de remettre \u00e0 LINVOSGES leur extrait KBis ou tout autre document justifiant de leur immatriculation professionnelle (ci-apr\u00e8s le(s) \u00ab&nbsp;<strong>Client(s)<\/strong>&nbsp;\u00bb), notamment sur <em>linvosges-hotellerie.com<\/em> pour la fourniture d\u2019articles de la gamme \u00ab&nbsp;Linvosges H\u00f4tellerie&nbsp;\u00bb, destin\u00e9e aux professionnels (ci-apr\u00e8s les \u00ab&nbsp;<strong>Produits<\/strong>&nbsp;\u00bb).<\/p>\n\n\n\n<p>LINVOSGES se r\u00e9serve le droit de mettre \u00e0 jour les CGV \u00e0 tout moment.<\/p>\n\n\n\n<h2 class=\"wp-block-heading\">1 Commandes<\/h2>\n\n\n<p>Toute commande pass\u00e9e engage le Client \u00e0 compter de sa date d&#8217;\u00e9mission. LINVOSGES dispose d&#8217;un d\u00e9lai de dix (10) jours ouvr\u00e9s \u00e0 compter de la r\u00e9ception de la commande pour l&#8217;accepter, et est consid\u00e9r\u00e9 comme li\u00e9 par celle-ci d\u00e8s lors que la commande a \u00e9t\u00e9 accept\u00e9e par \u00e9crit. L&#8217;\u00e9mission d&#8217;une commande par un Client implique l&#8217;acceptation sans r\u00e9serve des CGV.<\/p>\n\n\n<h2 class=\"wp-block-heading\">2 Produits personnalis\u00e9s<\/h2>\n\n\n<p>Les Produits personnalis\u00e9s <em>(broderie, confection sur mesure, personnalisation \u2026)<\/em> ne peuvent faire l\u2019objet d\u2019aucun \u00e9change ou retour. Dans la mesure o\u00f9 ils ne sont r\u00e9alis\u00e9s qu\u2019\u00e0 la demande, le Client accepte un seuil de tol\u00e9rance de +\/-10 % sur les quantit\u00e9s d\u00e9finitives livr\u00e9es et factur\u00e9es.<\/p>\n\n<h2>3 Tarifs<\/h2>\n<p>Les prix des Produits indiqu\u00e9s lors de la commande par le Client sont fix\u00e9s sur la base des tarifs en vigueur au jour de la prise de commande, LINVOSGES se r\u00e9servant le droit de les modifier post\u00e9rieurement. Les tarifs sont \u00e9tablis hors taxes.<\/p>\n<p>Les prix des Produits deviennent fermes et d\u00e9finitifs lors de l\u2019acceptation de la commande par LINVOSGES.<\/p>\n<p>Si les prix des Produits mentionn\u00e9s lors de la commande n\u2019ont pas augment\u00e9, l\u2019acceptation de ladite commande par LINVOSGES vaut vente ferme et d\u00e9finitive desdits Produits.<\/p>\n\n<h2>4 Conditions de paiement<\/h2>\n\n\n<p>Les factures sont r\u00e9gl\u00e9es au si\u00e8ge social de LINVOSGES, par ch\u00e8que ou virement, dans un d\u00e9lai de trente (30) jours nets, \u00e0 compter de la date d\u2019\u00e9mission de facture. Elles peuvent \u00e9galement \u00eatre r\u00e9gl\u00e9es par carte bancaire imm\u00e9diatement \u00e0 la commande sur linvosges-hotellerie.com.<\/p>\n\n\n\n<p>Par exception au principe ci-dessus, les conditions de r\u00e8glement sont les suivantes :<\/p>\n\n\n\n<p>Pour toute commande sup\u00e9rieure \u00e0 1500 \u20acHT ou pour toute commande faisant l\u2019objet d\u2019une fabrication sp\u00e9ciale sans minimum de commande, le Client devra verser comptant un acompte de 30% lors de la commande.<\/p>\n\n\n\n<p>Toute d\u00e9rogation aux conditions de r\u00e8glement doit \u00eatre assortie de contreparties objectives et justifiables et faire l\u2019objet d\u2019un accord pr\u00e9alable et \u00e9crit de LINVOSGES.<\/p>\n\n\n\n<h2 class=\"wp-block-heading\">5 D\u00e9faut de paiement<\/h2>\n\n\n\n<p>Le d\u00e9faut de paiement \u00e0 \u00e9ch\u00e9ance, quel que soit le mode de r\u00e8glement, rend imm\u00e9diatement exigibles toutes les cr\u00e9ances de LINVOSGES, m\u00eame celles non \u00e9chues.<\/p>\n\n\n\n<p>Toute facture non pay\u00e9e \u00e0 \u00e9ch\u00e9ance entra\u00eenera \u00e9galement :<\/p>\n\n\n\n<ul class=\"wp-block-list\">\n<li>L\u2019exigibilit\u00e9 de plein droit et sans mise en demeure pr\u00e9alable d\u2019une p\u00e9nalit\u00e9 de retard calcul\u00e9e sur la base de trois (3) fois le taux d&#8217;int\u00e9r\u00eat l\u00e9gal en vigueur,<\/li>\n\n\n\n<li>L\u2019exigibilit\u00e9 d\u2019une indemnit\u00e9 forfaitaire de 40\u20ac pour frais de recouvrement,<\/li>\n\n\n\n<li>La suspension des livraisons jusqu\u2019au complet paiement des sommes dues, sans qu\u2019aucune indemnit\u00e9 ne puisse \u00eatre r\u00e9clam\u00e9e,<\/li>\n\n\n\n<li>L\u2019exigibilit\u00e9, \u00e0 titre de clause p\u00e9nale, d\u2019une indemnit\u00e9 fix\u00e9e \u00e0 10 % du montant TTC des sommes restant dues,<\/li>\n\n\n\n<li>au choix de LINVOSGES, en application de la clause de r\u00e9serve de propri\u00e9t\u00e9 ci-apr\u00e8s, la possibilit\u00e9 d\u2019exiger la restitution des Produits concern\u00e9s.<\/li>\n<\/ul>\n\n\n\n<h2 class=\"wp-block-heading\">6 Transfert des risques &#8211; R\u00e9serve de propri\u00e9t\u00e9<\/h2>\n\n\n\n<p>LINVOSGES conserve la propri\u00e9t\u00e9 des Produits livr\u00e9s jusqu&#8217;au complet paiement du prix par le Client. Le transfert des risques a lieu d\u00e8s la prise en charge des Produits par le transporteur dans les entrep\u00f4ts LINVOSGES. Quel que soit le mode d\u2019exp\u00e9dition ou de livraison, les Produits voyagent aux risques et p\u00e9rils du Client.<\/p>\n\n\n\n<h2 class=\"wp-block-heading\">7 Livraison<\/h2>\n\n\n\n<p>Les frais de port, pour une livraison \u00e0 destination de la France m\u00e9tropolitaine, sont fix\u00e9s \u00e0&nbsp;:<\/p>\n\n\n\n<ul class=\"wp-block-list\">\n<li>27 \u20ac pour une commande &lt; 150 \u20acHT\u00a0;<\/li>\n\n\n\n<li>19 \u20ac pour une commande > 150 \u20acHT et &lt;400 \u20ac HT\u00a0;<\/li>\n\n\n\n<li>Les commandes > 400\u20ac HT sont livr\u00e9es Franco de port.<\/li>\n<\/ul>\n\n\n\n<p>Les frais de port hors France m\u00e9tropolitaine feront l\u2019objet d\u2019un devis sp\u00e9cifique. La livraison ne peut intervenir que si le Client est \u00e0 jour de toutes ses obligations \u00e0 l&#8217;\u00e9gard de LINVOSGES, notamment en mati\u00e8re de paiement. Les d\u00e9lais de livraison ne sont donn\u00e9s par LINVOSGES qu\u2019\u00e0 titre indicatif. Les retards ou livraisons partielles ne donnent pas le droit au Client d&#8217;annuler la vente et\/ou de refuser les Produits ou de r\u00e9clamer des dommages et int\u00e9r\u00eats ou une quelconque indemnit\u00e9. LINVOSGES a le droit d&#8217;effectuer des livraisons partielles.<\/p>\n\n\n\n<h2 class=\"wp-block-heading\">8 R\u00e9clamation &#8211; Retour &#8211; Echange<\/h2>\n\n\n\n<p>Aucun retour de Produit ne sera accept\u00e9 sans l\u2019accord pr\u00e9alable et \u00e9crit de LINVOSGES.<\/p>\n\n\n\n<p>Il appartient au Client de v\u00e9rifier l\u2019\u00e9tat des colis \u00e0 leur arriv\u00e9e et, en cas de manquant ou d\u2019avarie, de d\u00e9crire la perte ou l&#8217;\u00e9tat du colis et d\u2019\u00e9mettre les r\u00e9serves n\u00e9cessaires sur le bordereau de livraison. Le Client est tenu d\u2019en effectuer confirmation au transporteur et \u00e0 LINVOSGES dans les soixante-douze (72) heures \u00e0 compter de la r\u00e9ception des Produits, par lettre recommand\u00e9e ou par acte extrajudiciaire <em>(art. L.133-3 du Code de Commerce)<\/em>.<\/p>\n\n\n\n<p>Les r\u00e9clamations pour non-conformit\u00e9 quantitative et\/ou qualitative des Produits livr\u00e9s doivent \u00eatre formul\u00e9es par le Client aupr\u00e8s de LINVOSGES dans les huit (8) jours suivant la r\u00e9ception des Produits.<\/p>\n\n\n\n<p>La responsabilit\u00e9 de LINVOSGES se limite en tout \u00e9tat de cause au remplacement des Produits reconnus d\u00e9fectueux, \u00e0 l\u2019exclusion de toute indemnit\u00e9, dommages et int\u00e9r\u00eats ou frais \u00e0 quelques titres que ce soit.<\/p>\n\n\n\n<h2 class=\"wp-block-heading\">9 Garantie<\/h2>\n\n\n\n<p>Tous les Produits b\u00e9n\u00e9ficient du r\u00e9gime l\u00e9gal de la garantie, pour autant que leur utilisation en ait \u00e9t\u00e9 normale et que les conseils d&#8217;entretien aient \u00e9t\u00e9 suivis.<\/p>\n\n\n\n<h2 class=\"wp-block-heading\">10 Force majeur<\/h2>\n\n\n\n<p>Aucune des Parties ne sera responsable d&#8217;un manquement ou d&#8217;un retard dans l&#8217;ex\u00e9cution de ses obligations si ce manquement ou retard est caus\u00e9 par un \u00e9v\u00e9nement de force majeure tel que d\u00e9fini par l&#8217;article 1218 du Code civil ainsi que par la jurisprudence des Tribunaux fran\u00e7ais.<\/p>\n\n\n\n<p>En cas de survenance d&#8217;un tel \u00e9v\u00e8nement, la Partie d\u00e9faillante s&#8217;engage \u00e0 informer sans d\u00e9lai l&#8217;autre Partie de la nature, de la dur\u00e9e pr\u00e9visible et des cons\u00e9quences de cet \u00e9v\u00e9nement sur la ou les obligations concern\u00e9es.<\/p>\n\n\n\n<p>La Partie d\u00e9faillante est dispens\u00e9e de toute ex\u00e9cution ou respect ult\u00e9rieur de l&#8217;obligation ou des obligations concern\u00e9es tant que ces circonstances subsistent et qu&#8217;elle s&#8217;efforce de reprendre l&#8217;ex\u00e9cution ou le respect dans toute la mesure du possible et sans d\u00e9lai. Dans l\u2019hypoth\u00e8se o\u00f9 la dur\u00e9e d\u2019un tel \u00e9v\u00e9nement venait \u00e0 d\u00e9passer un (1) mois \u00e0 compter de sa survenance, chacune des parties aura la possibilit\u00e9 d\u2019annuler les commandes en cours, par lettre recommand\u00e9e avec accus\u00e9 de r\u00e9ception.<\/p>\n\n\n\n<h2 class=\"wp-block-heading\">11 Propri\u00e9t\u00e9 intellectuelle<\/h2>\n\n\n\n<p>Le Client ne dispose d\u2019aucun droit de propri\u00e9t\u00e9 intellectuelle <em>(marques, brevets, dessins et mod\u00e8les, droit d\u2019auteur\u2026)<\/em> sur les Produits, le mat\u00e9riel, les documents publicitaires, les emballages des Produits qui sont et restent la propri\u00e9t\u00e9 de LINVOSGES.<\/p>\n\n\n\n<p>Il ne pourra notamment utiliser les signes distinctifs de LINVOSGES qu\u2019avec son accord pr\u00e9alable \u00e9crit et sous condition du respect des r\u00e8gles en mati\u00e8re d\u2019usage des logos appartenant \u00e0 LINVOSGES <em>(caract\u00e9ristiques de dimensionnement, typographie, couleurs, etc.).<\/em><\/p>\n\n\n\n<p>Le Client ne pourra en aucun cas proc\u00e9der \u00e0 la revente des Produits, au d\u00e9marquage et\/ou \u00e0 une quelconque d\u00e9gradation des Produits qui risquerait de gravement nuire \u00e0 l\u2019image de marque de LINVOSGES.<\/p>\n\n\n\n<p>Les indications, graphismes, dessins et photographies figurant dans les catalogues LINVOSGES et les documents figurant sur le site Internet de la marque n\u2019ont qu\u2019un caract\u00e8re purement indicatif n\u2019engageant nullement LINVOSGES, qui pourra les modifier \u00e0 sa convenance \u00e0 tout moment.<\/p>\n\n\n\n<h2 class=\"wp-block-heading\">12 Cession<\/h2>\n\n\n\n<p>Sans l&#8217;accord pr\u00e9alable et \u00e9crit de LINVOSGES, le Client ne pourra en aucun cas c\u00e9der ou transmettre directement ou indirectement tout ou partie des commandes \u00e9mises.<\/p>\n\n\n\n<h2 class=\"wp-block-heading\">13 Fin des relations<\/h2>\n\n\n\n<p>En cas de manquement du Client \u00e0 l&#8217;une quelconque des dispositions des CGV, LINVOSGES peut d\u00e9cider, imm\u00e9diatement et de plein droit, de cesser toute relation commerciale avec lui, huit (8) jours apr\u00e8s l&#8217;envoi d&#8217;une mise en demeure par lettre recommand\u00e9e avec demande d&#8217;avis de r\u00e9ception constatant le manquement et rest\u00e9e sans effet.<\/p>\n\n\n\n<h2 class=\"wp-block-heading\">14 Ethique des affaires<\/h2>\n\n\n\n<p>Dans le cadre de la lutte contre la corruption, le trafic d\u2019influence et les atteintes \u00e0 la probit\u00e9, le Client s\u2019engage \u00e0 (i) appliquer et respecter les textes nationaux et internationaux en vigueur dans tous les pays o\u00f9 il est pr\u00e9sent ou exerce une activit\u00e9 commerciale, (ii) avoir mis en place l\u2019ensemble des proc\u00e9dures requises pour s\u2019assurer du respect de ces obligations et (iii) sensibiliser et \u00e9valuer ses clients, fournisseurs et interm\u00e9diaires aux dispositions susvis\u00e9es.<\/p>\n\n\n\n<p>Dans le cadre du devoir de vigilance des entreprises, le Client s\u2019engage \u00e0&nbsp;respecter les textes nationaux et internationaux en vigueur dans tous les pays o\u00f9 il est pr\u00e9sent ou exerce une activit\u00e9 commerciale, en mati\u00e8re de droits humains et libert\u00e9s fondamentales, de sant\u00e9 et s\u00e9curit\u00e9 des personnes ainsi que relatifs \u00e0 l\u2019environnement.<\/p>\n\n\n\n<p>Le Client s\u2019engage \u00e0 informer imm\u00e9diatement LINVOSGES de tout manquement aux dispositions susvis\u00e9es<\/p>\n\n\n\n<h2 class=\"wp-block-heading\">15 Confidentialit\u00e9<\/h2>\n\n\n\n<p>Tous les documents, \u00e9l\u00e9ments ou informations transmis par une partie \u00e0 l\u2019autre, quels que soient le support ou la forme utilis\u00e9s, sont consid\u00e9r\u00e9s comme strictement confidentiels et ne peuvent \u00eatre divulgu\u00e9s en aucune fa\u00e7on \u00e0 des tiers sans l\u2019autorisation pr\u00e9alable \u00e9crite de la Partie divulgatrice.<strong><\/strong><\/p>\n\n\n\n<h2 class=\"wp-block-heading\">16 Droit applicable &#8211; Attribution de juridiction<\/h2>\n\n\n\n<p>Les CGV sont soumises au droit fran\u00e7ais. En cas de litige les parties s\u2019efforceront de r\u00e9soudre leur diff\u00e9rend \u00e0 l\u2019amiable. En cas de d\u00e9saccord persistant, pour tout litige relatif \u00e0 l&#8217;interpr\u00e9tation et\/ou \u00e0 l&#8217;ex\u00e9cution des pr\u00e9sentes, comp\u00e9tence est attribu\u00e9e aux Tribunaux d\u2019Epinal (France).<\/p>\n\n\n\n<div style=\"height:63px\" aria-hidden=\"true\" class=\"wp-block-spacer\"><\/div>\n\n\n\n<p class=\"has-text-align-right\"><em>Conditions g\u00e9n\u00e9rales de vente mises \u00e0 jour en mars 26<\/em><\/p>\n\n\n\n<p><\/p>\n","protected":false},"excerpt":{"rendered":"<p>Les pr\u00e9sentes conditions g\u00e9n\u00e9rales de vente (ci-apr\u00e8s \u00ab&nbsp;CGV&nbsp;\u00bb) s\u2019appliquent aux relations entre LINVOSGES et ses clients professionnels en mesure de remettre \u00e0 LINVOSGES leur extrait KBis ou tout autre document justifiant de leur immatriculation professionnelle (ci-apr\u00e8s le(s) \u00ab&nbsp;Client(s)&nbsp;\u00bb), notamment sur linvosges-hotellerie.com pour la fourniture d\u2019articles de la gamme \u00ab&nbsp;Linvosges H\u00f4tellerie&nbsp;\u00bb, destin\u00e9e aux professionnels (ci-apr\u00e8s les [&hellip;]<\/p>\n","protected":false},"author":3,"featured_media":10416,"parent":0,"menu_order":31,"comment_status":"closed","ping_status":"closed","template":"","meta":{"_acf_changed":false,"footnotes":""},"class_list":["post-66","page","type-page","status-publish","has-post-thumbnail","hentry"],"acf":[],"_links":{"self":[{"href":"https:\/\/www.linvosges-hotellerie.com\/fr\/wp-json\/wp\/v2\/pages\/66","targetHints":{"allow":["GET"]}}],"collection":[{"href":"https:\/\/www.linvosges-hotellerie.com\/fr\/wp-json\/wp\/v2\/pages"}],"about":[{"href":"https:\/\/www.linvosges-hotellerie.com\/fr\/wp-json\/wp\/v2\/types\/page"}],"author":[{"embeddable":true,"href":"https:\/\/www.linvosges-hotellerie.com\/fr\/wp-json\/wp\/v2\/users\/3"}],"replies":[{"embeddable":true,"href":"https:\/\/www.linvosges-hotellerie.com\/fr\/wp-json\/wp\/v2\/comments?post=66"}],"version-history":[{"count":2,"href":"https:\/\/www.linvosges-hotellerie.com\/fr\/wp-json\/wp\/v2\/pages\/66\/revisions"}],"predecessor-version":[{"id":66106,"href":"https:\/\/www.linvosges-hotellerie.com\/fr\/wp-json\/wp\/v2\/pages\/66\/revisions\/66106"}],"wp:featuredmedia":[{"embeddable":true,"href":"https:\/\/www.linvosges-hotellerie.com\/fr\/wp-json\/wp\/v2\/media\/10416"}],"wp:attachment":[{"href":"https:\/\/www.linvosges-hotellerie.com\/fr\/wp-json\/wp\/v2\/media?parent=66"}],"curies":[{"name":"wp","href":"https:\/\/api.w.org\/{rel}","templated":true}]}}