{"id":70,"date":"2020-09-17T14:09:57","date_gmt":"2020-09-17T12:09:57","guid":{"rendered":"https:\/\/www.linvosges-hotellerie.fr\/?page_id=70"},"modified":"2026-04-03T12:02:45","modified_gmt":"2026-04-03T10:02:45","slug":"mentions-legales","status":"publish","type":"page","link":"https:\/\/www.linvosges-hotellerie.com\/fr\/mentions-legales\/","title":{"rendered":"Mentions l\u00e9gales"},"content":{"rendered":"<p>Linvosges Soci\u00e9t\u00e9 Actions Simplifi\u00e9es au capital de 627.000\u20ac dont le si\u00e8ge social est sis 6 place des d\u00e9port\u00e9s \/ 88400 G\u00e9rardmer \/ France &#8211; R.C.S. Epinal SIREN 475 682480<br \/>\nSIRET 475 682 480 00193<br \/>\nN\u00b0 d&#8217;identification TVA : FR39475682480<\/p>\n<p><strong>Directeur de la publication : <\/strong>Monsieur Patrick Pergament, Pr\u00e9sident<\/p>\n<h2>Nous contacter<\/h2>\n<h3>Par t\u00e9l\u00e9phone<\/h3>\n<p>Pour passer commander, obtenir un suivi ou des informations sur la livraison, les garanties, une \u00e9ventuelle r\u00e9clamation, notre Service client est \u00e0 votre disposition pour vous renseigner au :<br \/>\nEn France m\u00e9tropolitaine : 03 29 60 11 22 (prix d\u2019un appel local variable suivant op\u00e9rateur, non surtax\u00e9)<br \/>\nDepuis l\u2019\u00e9tranger : 0033 329 601 122<\/p>\n<p>Nous sommes joignables du lundi au vendredi de 8h30 \u00e0 12h et de 14h \u00e0 17h et le vendredi de 8h30 \u00e0 12h et de 14h \u00e0 16h30<\/p>\n<h3>Par Fax<\/h3>\n<p>En France m\u00e9tropolitaine : 0 329 601\u00a0123 Depuis l&#8217;\u00e9tranger : 00 33 329 601 123<\/p>\n<h3>Par courrier<\/h3>\n<p>LINVOSGES<br \/>\nD\u00e9partement H\u00f4tellerie<br \/>\nBP 09<br \/>\n88401 G\u00e9rardmer Cedex France<\/p>\n<p>Pour toute remarque sur le fonctionnement de ce site, \u00e9crivez \u00e0 l\u2019administrateur du site :\u00a0<a href=\"mailto:hotellerie@linvosges.com\" rel=\"sponsored nofollow\">hotellerie@linvosges.com<\/a>.<\/p>\n<h2>D\u00e9veloppement informatique et h\u00e9bergement<\/h2>\n<p>D\u00e9veloppements informatiques : St\u00e9phane CARION, 13 Bis Rue Gaston Nicol 44510 LE POULIGUEN contact@stephanecarion.fr<br \/>\nH\u00e9bergement : AWS http:\/\/aws.amazon.com<\/p>\n<h2>D\u00e9ontologie<\/h2>\n<p>Linvosges est membre de la F\u00e9d\u00e9ration des Entreprises de Vente \u00e0 Distance. Pour acc\u00e9der au site de la FEVAD,\u00a0<a href=\"https:\/\/www.mediateurfevad.fr\/\" rel=\"sponsored nofollow\">cliquez ici<\/a>.<\/p>\n<p>Nous sommes engag\u00e9s \u00e0 respecter l\u2019\u00e9thique de la profession et en particulier le code de d\u00e9ontologie du e-commerce et de la vente \u00e0 distance de la FEVAD.<\/p>\n<p>En sa qualit\u00e9 d\u2019adh\u00e9rent de la FEVAD et conform\u00e9ment \u00e0 la l\u00e9gislation sur le r\u00e8glement amiable des litiges par la m\u00e9diation, la soci\u00e9t\u00e9 LINVOSGES adh\u00e8re au Service du M\u00e9diateur du e-commerce de la FEVAD (F\u00e9d\u00e9ration du e-commerce et de la Vente \u00e0 distance) accessible aux adresses postale et \u00e9lectronique suivantes : 60 rue la Bo\u00e9tie, 75008 Paris et\u00a0<a href=\"mailto:mediateurducommerce@fevad.com\" rel=\"sponsored nofollow\">mediateurducommerce@fevad.com<\/a>. Le M\u00e9diateur peut intervenir sur saisine de votre part pour tout litige de consommation qui n\u2019a pu recevoir de r\u00e8glement amiable. Pour plus de d\u00e9tails sur les modalit\u00e9s de saisie du M\u00e9diateur,\u00a0<a href=\"https:\/\/www.mediateurfevad.fr\" rel=\"sponsored nofollow\">https:\/\/www.mediateurfevad.fr<\/a>.<\/p>\n<p>LINVOSGES est \u00e9galement Ambassadeur des Vosges et adh\u00e8re \u00e0 <a href=\"https:\/\/www.vosges.com\" rel=\"sponsored nofollow\">www.vosges.com<\/a>.<\/p>\n<h2>Droit de marque &#8211; Droit d&#8217;auteur \u2013 Copyright<\/h2>\n<p>L&#8217;ensemble des marques, sigles, noms de collection, mod\u00e8les et produits, \u00e9l\u00e9ments de ce site et leur architecture, rel\u00e8vent de la l\u00e9gislation fran\u00e7aise et europ\u00e9enne sur le droit des marques, le droit d&#8217;auteur et la propri\u00e9t\u00e9 intellectuelle. Tous les droits de reproduction sont r\u00e9serv\u00e9s, y compris pour les documents t\u00e9l\u00e9chargeables et les repr\u00e9sentations iconographiques et photographiques.<\/p>\n<p>La reproduction de tout ou partie de ce site sur un support \u00e9lectronique quel qu&#8217;il soit est formellement interdite sauf l\u2019impression pour un usage strictement personnel et priv\u00e9 et sauf autorisation expresse du directeur de la publication.<\/p>\n<h2>Politique, vie priv\u00e9e et cookies donn\u00e9es \u00e0 caract\u00e8re personnel<\/h2>\n<p>Les Donn\u00e9es sont collect\u00e9es \u00e0 des fins de commande, de gestion de la relation clients et de prospection.<\/p>\n<p>Soit par email, en \u00e9crivant \u00e0 notre D\u00e9l\u00e9gu\u00e9 \u00e0 la Protection des Donn\u00e9es :\u00a0<a href=\"mailto:dpo@linvosges.com\">dpo@linvosges.com<\/a><\/p>\n<p>Soit par courrier, en \u00e9crivant \u00e0 l\u2019adresse suivante :<br \/>\nLINVOSGES<br \/>\nD\u00e9partement H\u00f4tellerie<br \/>\nBP 09<br \/>\n88401 G\u00e9rardmer Cedex France<\/p>\n<p>Vous disposez \u00e9galement du droit de former une r\u00e9clamation devant l\u2019autorit\u00e9 de contr\u00f4le (la CNIL pour la France).<\/p>\n<p>Pour conna\u00eetre notre politique en mati\u00e8re de confidentialit\u00e9, de traitement des donn\u00e9es personnelles et notre charte en mati\u00e8re de cookies,\u00a0<a href=\"https:\/\/www.linvosges-hotellerie.com\/fr\/charte-des-cookies\/\">cliquez ici<\/a>.<\/p>\n","protected":false},"excerpt":{"rendered":"<p>Linvosges Soci\u00e9t\u00e9 Actions Simplifi\u00e9es au capital de 627.000\u20ac dont le si\u00e8ge social est sis 6 place des d\u00e9port\u00e9s \/ 88400 G\u00e9rardmer \/ France &#8211; R.C.S. Epinal SIREN 475 682480 SIRET 475 682 480 00193 N\u00b0 d&#8217;identification TVA : FR39475682480 Directeur de la publication : Monsieur Patrick Pergament, Pr\u00e9sident Nous contacter Par t\u00e9l\u00e9phone Pour passer commander, [&hellip;]<\/p>\n","protected":false},"author":3,"featured_media":10416,"parent":0,"menu_order":29,"comment_status":"closed","ping_status":"closed","template":"","meta":{"_acf_changed":false,"footnotes":""},"class_list":["post-70","page","type-page","status-publish","has-post-thumbnail","hentry"],"acf":[],"_links":{"self":[{"href":"https:\/\/www.linvosges-hotellerie.com\/fr\/wp-json\/wp\/v2\/pages\/70","targetHints":{"allow":["GET"]}}],"collection":[{"href":"https:\/\/www.linvosges-hotellerie.com\/fr\/wp-json\/wp\/v2\/pages"}],"about":[{"href":"https:\/\/www.linvosges-hotellerie.com\/fr\/wp-json\/wp\/v2\/types\/page"}],"author":[{"embeddable":true,"href":"https:\/\/www.linvosges-hotellerie.com\/fr\/wp-json\/wp\/v2\/users\/3"}],"replies":[{"embeddable":true,"href":"https:\/\/www.linvosges-hotellerie.com\/fr\/wp-json\/wp\/v2\/comments?post=70"}],"version-history":[{"count":1,"href":"https:\/\/www.linvosges-hotellerie.com\/fr\/wp-json\/wp\/v2\/pages\/70\/revisions"}],"predecessor-version":[{"id":66103,"href":"https:\/\/www.linvosges-hotellerie.com\/fr\/wp-json\/wp\/v2\/pages\/70\/revisions\/66103"}],"wp:featuredmedia":[{"embeddable":true,"href":"https:\/\/www.linvosges-hotellerie.com\/fr\/wp-json\/wp\/v2\/media\/10416"}],"wp:attachment":[{"href":"https:\/\/www.linvosges-hotellerie.com\/fr\/wp-json\/wp\/v2\/media?parent=70"}],"curies":[{"name":"wp","href":"https:\/\/api.w.org\/{rel}","templated":true}]}}