{"id":12051,"date":"2021-01-26T11:50:06","date_gmt":"2021-01-26T10:50:06","guid":{"rendered":"https:\/\/www.linvosges-hotellerie.fr\/?post_type=product&#038;p=12051"},"modified":"2026-01-01T10:19:28","modified_gmt":"2026-01-01T09:19:28","slug":"plaid-microfibre-microflanelle","status":"publish","type":"product","link":"https:\/\/www.linvosges-hotellerie.com\/fr\/decoration\/plaid\/plaid-microfibre-microflanelle\/","title":{"rendered":"Plaid Microfibre Microflanelle"},"content":{"rendered":"<p class=\"p1\">Ce plaid toucher peluche extra doux est l&#8217;accessoire id\u00e9al pour accompagner vos h\u00f4tes en terrasse ou pour un instant cocooning &#8211;<span class=\"Apple-converted-space\">\u00a0 <\/span>Finition ourlets coins droits.<\/p>\n","protected":false},"excerpt":{"rendered":"<p class=\"p1\">Lavage en machine \u00e0 60\u00b0<br \/>\nChlore et agents de blanchiment interdit<br \/>\nS\u00e9chage en tambour \u00e0 60\u00b0<br \/>\nRepassage interdit<br \/>\nProduits autoris\u00e9s pour le nettoyage \u00e0 sec : Perchlor\u00e9thyl\u00e8ne, Hydrocarbures<\/p>\n<p><span class=\"ginetex\"> 4 o s m W <\/span><\/p>\n","protected":false},"featured_media":16971,"template":"","meta":{"_acf_changed":false},"label":[],"product_brand":[],"product_cat":[25,699,714],"product_tag":[],"gamme":[778],"matiere":[787],"class_list":{"0":"post-12051","1":"product","2":"type-product","3":"status-publish","4":"has-post-thumbnail","6":"product_cat-decoration","7":"product_cat-plaid","8":"product_cat-vous-aimerez","9":"pa_couleur-acier","10":"pa_couleur-rouge","11":"pa_couleur-taupe","12":"pa_dimensions-130x170-cm","13":"pa_grammage-280grs-m","14":"pa_matiere-100-polyester-2","15":"gamme-microflanelle","16":"matiere-polyester","18":"first","19":"instock","20":"taxable","21":"shipping-taxable","22":"purchasable","23":"product-type-variable","24":"has-default-attributes"},"acf":[],"df_price":24.64,"df_sale_price":"","df_regular_price":24.64,"df_image_link":"https:\/\/www.linvosges-hotellerie.com\/wp-content\/uploads\/2021\/01\/MICROFLANELLE-PLAID-ACIER-TAUPE-ROUGE-300x300.jpg","_links":{"self":[{"href":"https:\/\/www.linvosges-hotellerie.com\/fr\/wp-json\/wp\/v2\/product\/12051","targetHints":{"allow":["GET"]}}],"collection":[{"href":"https:\/\/www.linvosges-hotellerie.com\/fr\/wp-json\/wp\/v2\/product"}],"about":[{"href":"https:\/\/www.linvosges-hotellerie.com\/fr\/wp-json\/wp\/v2\/types\/product"}],"wp:featuredmedia":[{"embeddable":true,"href":"https:\/\/www.linvosges-hotellerie.com\/fr\/wp-json\/wp\/v2\/media\/16971"}],"wp:attachment":[{"href":"https:\/\/www.linvosges-hotellerie.com\/fr\/wp-json\/wp\/v2\/media?parent=12051"}],"wp:term":[{"taxonomy":"label","embeddable":true,"href":"https:\/\/www.linvosges-hotellerie.com\/fr\/wp-json\/wp\/v2\/label?post=12051"},{"taxonomy":"product_brand","embeddable":true,"href":"https:\/\/www.linvosges-hotellerie.com\/fr\/wp-json\/wp\/v2\/product_brand?post=12051"},{"taxonomy":"product_cat","embeddable":true,"href":"https:\/\/www.linvosges-hotellerie.com\/fr\/wp-json\/wp\/v2\/product_cat?post=12051"},{"taxonomy":"product_tag","embeddable":true,"href":"https:\/\/www.linvosges-hotellerie.com\/fr\/wp-json\/wp\/v2\/product_tag?post=12051"},{"taxonomy":"gamme","embeddable":true,"href":"https:\/\/www.linvosges-hotellerie.com\/fr\/wp-json\/wp\/v2\/gamme?post=12051"},{"taxonomy":"matiere","embeddable":true,"href":"https:\/\/www.linvosges-hotellerie.com\/fr\/wp-json\/wp\/v2\/matiere?post=12051"}],"curies":[{"name":"wp","href":"https:\/\/api.w.org\/{rel}","templated":true}]}}