{"id":12202,"date":"2021-01-31T20:14:49","date_gmt":"2021-01-31T19:14:49","guid":{"rendered":"https:\/\/www.linvosges-hotellerie.fr\/?post_type=product&#038;p=12202"},"modified":"2026-04-28T00:14:09","modified_gmt":"2026-04-27T22:14:09","slug":"alese-molleton-200grs-m2-forme-plateau-adele","status":"publish","type":"product","link":"https:\/\/www.linvosges-hotellerie.com\/fr\/la-literie\/alese\/alese-molleton-200grs-m2-forme-plateau-adele\/","title":{"rendered":"Al\u00e8se molleton 200grs\/m\u00b2 Ad\u00e8le"},"content":{"rendered":"<p class=\"p1\">Simple et efficace en flanelle de coton gratt\u00e9, elle se lave \u00e0\u00a0 haute temp\u00e9rature et s\u00e8che rapidement. Forme plateau \u00e9lastique aux 4 angles,forme housse bonnet 30cm.<\/p>\n","protected":false},"excerpt":{"rendered":"<p>Lavage en machine \u00e0 95\u00b0<br \/>\nBlanchiment possible<br \/>\nS\u00e9chage en tambour \u00e0 60\u00b0<br \/>\nRepassage \u00e0 une temp\u00e9rature de 200\u00b0 maximum<br \/>\nProduits autoris\u00e9s pour le nettoyage \u00e0 sec : Hydrocarbures<br \/>\n<span class=\"ginetex\"> 2 u s v W <\/span><\/p>\n","protected":false},"featured_media":2947,"template":"","meta":{"_acf_changed":false},"label":[],"product_brand":[],"product_cat":[40,39,3357],"product_tag":[],"gamme":[340],"matiere":[784],"class_list":{"0":"post-12202","1":"product","2":"type-product","3":"status-publish","4":"has-post-thumbnail","6":"product_cat-alese","7":"product_cat-la-literie","8":"product_cat-les-protections-de-lit","9":"pa_couleur-blanc","10":"pa_dimensions-140-190-cm","11":"pa_dimensions-140-200-cm","12":"pa_dimensions-160-200-cm","13":"pa_dimensions-180x200-cm","14":"pa_dimensions-200-200-cm","15":"pa_dimensions-80-190-cm","16":"pa_dimensions-80-200-cm","17":"pa_dimensions-90-190-cm","18":"pa_dimensions-90-200-cm","19":"pa_forme-housse","20":"pa_forme-plateau","21":"pa_grammage-200grs-m","22":"pa_matiere-molleton-100-coton-gratte-2-faces","23":"gamme-adele","24":"matiere-coton","26":"first","27":"instock","28":"taxable","29":"shipping-taxable","30":"purchasable","31":"product-type-variable","32":"has-default-attributes"},"acf":[],"df_price":11.67,"df_sale_price":"","df_regular_price":11.67,"df_image_link":"https:\/\/www.linvosges-hotellerie.com\/wp-content\/uploads\/2020\/12\/alese-adele-molleton-200-grs-m2-hotel-professionnel-linvosges-hotellerie-2-300x300.jpg","_links":{"self":[{"href":"https:\/\/www.linvosges-hotellerie.com\/fr\/wp-json\/wp\/v2\/product\/12202","targetHints":{"allow":["GET"]}}],"collection":[{"href":"https:\/\/www.linvosges-hotellerie.com\/fr\/wp-json\/wp\/v2\/product"}],"about":[{"href":"https:\/\/www.linvosges-hotellerie.com\/fr\/wp-json\/wp\/v2\/types\/product"}],"wp:featuredmedia":[{"embeddable":true,"href":"https:\/\/www.linvosges-hotellerie.com\/fr\/wp-json\/wp\/v2\/media\/2947"}],"wp:attachment":[{"href":"https:\/\/www.linvosges-hotellerie.com\/fr\/wp-json\/wp\/v2\/media?parent=12202"}],"wp:term":[{"taxonomy":"label","embeddable":true,"href":"https:\/\/www.linvosges-hotellerie.com\/fr\/wp-json\/wp\/v2\/label?post=12202"},{"taxonomy":"product_brand","embeddable":true,"href":"https:\/\/www.linvosges-hotellerie.com\/fr\/wp-json\/wp\/v2\/product_brand?post=12202"},{"taxonomy":"product_cat","embeddable":true,"href":"https:\/\/www.linvosges-hotellerie.com\/fr\/wp-json\/wp\/v2\/product_cat?post=12202"},{"taxonomy":"product_tag","embeddable":true,"href":"https:\/\/www.linvosges-hotellerie.com\/fr\/wp-json\/wp\/v2\/product_tag?post=12202"},{"taxonomy":"gamme","embeddable":true,"href":"https:\/\/www.linvosges-hotellerie.com\/fr\/wp-json\/wp\/v2\/gamme?post=12202"},{"taxonomy":"matiere","embeddable":true,"href":"https:\/\/www.linvosges-hotellerie.com\/fr\/wp-json\/wp\/v2\/matiere?post=12202"}],"curies":[{"name":"wp","href":"https:\/\/api.w.org\/{rel}","templated":true}]}}