{"id":13508,"date":"2021-08-02T16:57:42","date_gmt":"2021-08-02T14:57:42","guid":{"rendered":"https:\/\/www.linvosges-hotellerie.fr\/?post_type=product&#038;p=13508"},"modified":"2026-05-08T00:08:42","modified_gmt":"2026-05-07T22:08:42","slug":"coussin-deco-dehoussable-eclat","status":"publish","type":"product","link":"https:\/\/www.linvosges-hotellerie.com\/fr\/decoration\/coussin\/coussin-deco-dehoussable-eclat\/","title":{"rendered":"Coussin d\u00e9co d\u00e9houssable Eclat"},"content":{"rendered":"<p>Les couleurs \u00e9clatantes de ce coussin aux imprim\u00e9s v\u00e9g\u00e9taux apporte une touche peps et cosy dans vos chambres.<br \/>\nConfectionn\u00e9 en velours ras double face et disponible dans une palette de 4 coloris vitamin\u00e9s.<br \/>\nSa finition d\u00e9houssable par zip sur le bas le rend parfaitement r\u00e9versible et facilite son entretien<\/p>\n","protected":false},"excerpt":{"rendered":"<p>Lavage en machine \u00e0 30\u00b0 d\u00e9licat<br \/>\nChlore et agents de blanchiment interdit<br \/>\nS\u00e8che linge interdit<br \/>\nRepassage \u00e0 une temp\u00e9rature de 110\u00b0 maximum, sans vapeur<br \/>\nProduits autoris\u00e9s pour le nettoyage \u00e0 sec : Perchlor\u00e9thyl\u00e8ne, Hydrocarbures<\/p>\n<p><span class=\"ginetex\"> e o d n E <\/span><\/p>\n","protected":false},"featured_media":13925,"template":"","meta":{"_acf_changed":false},"label":[],"product_brand":[],"product_cat":[452,25],"product_tag":[3286],"gamme":[798],"matiere":[787],"class_list":{"0":"post-13508","1":"product","2":"type-product","3":"status-publish","4":"has-post-thumbnail","6":"product_cat-coussin","7":"product_cat-decoration","8":"product_tag-sans-oekotex","9":"pa_couleur-bleu-roy","10":"pa_couleur-caramel","11":"pa_couleur-corail","12":"pa_couleur-vert-bleu","13":"pa_dimensions-40-40-cm","14":"pa_grammage-300grs-m","15":"pa_matiere-100-polyester","16":"gamme-eclat","17":"matiere-polyester","19":"first","20":"instock","21":"taxable","22":"shipping-taxable","23":"purchasable","24":"product-type-variable","25":"has-default-attributes"},"acf":[],"df_price":27.42,"df_sale_price":"","df_regular_price":27.42,"df_image_link":"https:\/\/www.linvosges-hotellerie.com\/wp-content\/uploads\/2021\/08\/coussin-deco-dehoussable-eclat-hotel-professionnel-linvosges-hotellerie-300x300.jpg","_links":{"self":[{"href":"https:\/\/www.linvosges-hotellerie.com\/fr\/wp-json\/wp\/v2\/product\/13508","targetHints":{"allow":["GET"]}}],"collection":[{"href":"https:\/\/www.linvosges-hotellerie.com\/fr\/wp-json\/wp\/v2\/product"}],"about":[{"href":"https:\/\/www.linvosges-hotellerie.com\/fr\/wp-json\/wp\/v2\/types\/product"}],"wp:featuredmedia":[{"embeddable":true,"href":"https:\/\/www.linvosges-hotellerie.com\/fr\/wp-json\/wp\/v2\/media\/13925"}],"wp:attachment":[{"href":"https:\/\/www.linvosges-hotellerie.com\/fr\/wp-json\/wp\/v2\/media?parent=13508"}],"wp:term":[{"taxonomy":"label","embeddable":true,"href":"https:\/\/www.linvosges-hotellerie.com\/fr\/wp-json\/wp\/v2\/label?post=13508"},{"taxonomy":"product_brand","embeddable":true,"href":"https:\/\/www.linvosges-hotellerie.com\/fr\/wp-json\/wp\/v2\/product_brand?post=13508"},{"taxonomy":"product_cat","embeddable":true,"href":"https:\/\/www.linvosges-hotellerie.com\/fr\/wp-json\/wp\/v2\/product_cat?post=13508"},{"taxonomy":"product_tag","embeddable":true,"href":"https:\/\/www.linvosges-hotellerie.com\/fr\/wp-json\/wp\/v2\/product_tag?post=13508"},{"taxonomy":"gamme","embeddable":true,"href":"https:\/\/www.linvosges-hotellerie.com\/fr\/wp-json\/wp\/v2\/gamme?post=13508"},{"taxonomy":"matiere","embeddable":true,"href":"https:\/\/www.linvosges-hotellerie.com\/fr\/wp-json\/wp\/v2\/matiere?post=13508"}],"curies":[{"name":"wp","href":"https:\/\/api.w.org\/{rel}","templated":true}]}}