{"id":13581,"date":"2021-09-03T11:20:10","date_gmt":"2021-09-03T09:20:10","guid":{"rendered":"https:\/\/www.linvosges-hotellerie.fr\/?post_type=product&#038;p=13581"},"modified":"2026-04-01T03:33:20","modified_gmt":"2026-04-01T01:33:20","slug":"pareo-spa-sweet-life","status":"publish","type":"product","link":"https:\/\/www.linvosges-hotellerie.com\/fr\/eponges\/spa-piscine\/pareo-spa-sweet-life\/","title":{"rendered":"Par\u00e9o Spa Sweet life"},"content":{"rendered":"<p>Ce par\u00e9o, d\u00e9di\u00e9 au bien-\u00eatre, est confectionn\u00e9 en \u00e9ponge microfibre blanche. \u00c0 la fois l\u00e9ger, pour un co\u00fbt d\u2019entretien en blanchisserie r\u00e9duit, il est aussi super absorbant. Son s\u00e9chage rapide, gr\u00e2ce \u00e0 sa composition coton\/polyester, vient compl\u00e9ter ses atouts afin de satisfaire les exigences professionnelles.<br \/>\nFinition ourlet haut et bas 3cm, bande \u00e9lastique et velcro pour fermeture poitrine ou taille<\/p>\n","protected":false},"excerpt":{"rendered":"<p>Lavage en machine \u00e0 60\u00b0<br \/>\nBlanchiment autoris\u00e9<br \/>\nS\u00e9chage en tambour \u00e0 60\u00b0<br \/>\nRepassage \u00e0 une temp\u00e9rature de 110\u00b0 maximum sans vapeur<br \/>\nNettoyage \u00e0 sec interdit<\/p>\n<p><span class=\"ginetex\"> 4 u s n U <\/span><\/p>\n","protected":false},"featured_media":13648,"template":"","meta":{"_acf_changed":false},"label":[],"product_brand":[],"product_cat":[46,58,57],"product_tag":[],"gamme":[810],"matiere":[784,787],"class_list":{"0":"post-13581","1":"product","2":"type-product","3":"status-publish","4":"has-post-thumbnail","6":"product_cat-eponges","7":"product_cat-linge-de-bain","8":"product_cat-spa-piscine","9":"pa_couleur-blanc","10":"pa_dimensions-76x133-cm","11":"pa_grammage-350grs-m","12":"pa_matiere-55-coton-45-polyester","13":"gamme-sweet-life","14":"matiere-coton","15":"matiere-polyester","17":"first","18":"instock","19":"sale","20":"taxable","21":"shipping-taxable","22":"purchasable","23":"product-type-variable","24":"has-default-attributes"},"acf":[],"df_price":12.18,"df_sale_price":"","df_regular_price":12.18,"df_image_link":"https:\/\/www.linvosges-hotellerie.com\/wp-content\/uploads\/2021\/09\/pareo-sweet-life-spa-piscine-hotel-professionnel-linvosges-hotellerie-2-300x300.jpg","_links":{"self":[{"href":"https:\/\/www.linvosges-hotellerie.com\/fr\/wp-json\/wp\/v2\/product\/13581","targetHints":{"allow":["GET"]}}],"collection":[{"href":"https:\/\/www.linvosges-hotellerie.com\/fr\/wp-json\/wp\/v2\/product"}],"about":[{"href":"https:\/\/www.linvosges-hotellerie.com\/fr\/wp-json\/wp\/v2\/types\/product"}],"wp:featuredmedia":[{"embeddable":true,"href":"https:\/\/www.linvosges-hotellerie.com\/fr\/wp-json\/wp\/v2\/media\/13648"}],"wp:attachment":[{"href":"https:\/\/www.linvosges-hotellerie.com\/fr\/wp-json\/wp\/v2\/media?parent=13581"}],"wp:term":[{"taxonomy":"label","embeddable":true,"href":"https:\/\/www.linvosges-hotellerie.com\/fr\/wp-json\/wp\/v2\/label?post=13581"},{"taxonomy":"product_brand","embeddable":true,"href":"https:\/\/www.linvosges-hotellerie.com\/fr\/wp-json\/wp\/v2\/product_brand?post=13581"},{"taxonomy":"product_cat","embeddable":true,"href":"https:\/\/www.linvosges-hotellerie.com\/fr\/wp-json\/wp\/v2\/product_cat?post=13581"},{"taxonomy":"product_tag","embeddable":true,"href":"https:\/\/www.linvosges-hotellerie.com\/fr\/wp-json\/wp\/v2\/product_tag?post=13581"},{"taxonomy":"gamme","embeddable":true,"href":"https:\/\/www.linvosges-hotellerie.com\/fr\/wp-json\/wp\/v2\/gamme?post=13581"},{"taxonomy":"matiere","embeddable":true,"href":"https:\/\/www.linvosges-hotellerie.com\/fr\/wp-json\/wp\/v2\/matiere?post=13581"}],"curies":[{"name":"wp","href":"https:\/\/api.w.org\/{rel}","templated":true}]}}