{"id":13585,"date":"2021-09-03T11:42:01","date_gmt":"2021-09-03T09:42:01","guid":{"rendered":"https:\/\/www.linvosges-hotellerie.fr\/?post_type=product&#038;p=13585"},"modified":"2026-05-10T00:13:43","modified_gmt":"2026-05-09T22:13:43","slug":"peignoir-spa-et-piscine-sweet-life","status":"publish","type":"product","link":"https:\/\/www.linvosges-hotellerie.com\/fr\/eponges\/spa-piscine\/peignoir-spa-et-piscine-sweet-life\/","title":{"rendered":"Peignoir Spa et piscine Sweet life"},"content":{"rendered":"<p>Ce peignoir, d\u00e9di\u00e9 au bien-\u00eatre, est confectionn\u00e9 en \u00e9ponge microfibre blanche. \u00c0 la fois l\u00e9ger, pour un co\u00fbt d\u2019entretien en blanchisserie r\u00e9duit, il est aussi super absorbant. Son s\u00e9chage rapide, gr\u00e2ce \u00e0 sa composition coton\/polyester, vient compl\u00e9ter ses atouts afin de satisfaire les exigences professionnelles.<br \/>\nFinition col ch\u00e2le enveloppant, il est muni de 2 poches basses, d\u2019un attache cou et se noue \u00e0 la taille par une ceinture \u00e0 passants. Int\u00e9rieur \u00e9ponge, ext\u00e9rieur microfibre<\/p>\n","protected":false},"excerpt":{"rendered":"<p>Lavage en machine \u00e0 60\u00b0<br \/>\nBlanchiment autoris\u00e9<br \/>\nS\u00e9chage en tambour \u00e0 60\u00b0<br \/>\nRepassage \u00e0 une temp\u00e9rature de 110\u00b0 maximum sans vapeur<br \/>\nNettoyage \u00e0 sec interdit<\/p>\n<p><span class=\"ginetex\">4 u s n U<\/span><\/p>\n","protected":false},"featured_media":15934,"template":"","meta":{"_acf_changed":false},"label":[],"product_brand":[],"product_cat":[46,413,57],"product_tag":[],"gamme":[810],"matiere":[793],"class_list":{"0":"post-13585","1":"product","2":"type-product","3":"status-publish","4":"has-post-thumbnail","6":"product_cat-eponges","7":"product_cat-peignoir","8":"product_cat-spa-piscine","9":"pa_couleur-blanc","10":"pa_couleur-cappuccino","11":"pa_couleur-chocolat","12":"pa_dimensions-l","13":"pa_dimensions-m","14":"pa_dimensions-s","15":"pa_dimensions-xl","16":"pa_dimensions-xxl","17":"pa_grammage-300grs-m","18":"pa_matiere-50-coton-50-polyester","19":"gamme-sweet-life","20":"matiere-polycoton","22":"first","23":"instock","24":"taxable","25":"shipping-taxable","26":"purchasable","27":"product-type-variable","28":"has-default-attributes"},"acf":[],"df_price":31.37,"df_sale_price":"","df_regular_price":31.37,"df_image_link":"https:\/\/www.linvosges-hotellerie.com\/wp-content\/uploads\/2021\/09\/linge-de-bain-sweet-life-spa-hotel-professionnel-linvosges-hotellerie-300x300.jpg","_links":{"self":[{"href":"https:\/\/www.linvosges-hotellerie.com\/fr\/wp-json\/wp\/v2\/product\/13585","targetHints":{"allow":["GET"]}}],"collection":[{"href":"https:\/\/www.linvosges-hotellerie.com\/fr\/wp-json\/wp\/v2\/product"}],"about":[{"href":"https:\/\/www.linvosges-hotellerie.com\/fr\/wp-json\/wp\/v2\/types\/product"}],"wp:featuredmedia":[{"embeddable":true,"href":"https:\/\/www.linvosges-hotellerie.com\/fr\/wp-json\/wp\/v2\/media\/15934"}],"wp:attachment":[{"href":"https:\/\/www.linvosges-hotellerie.com\/fr\/wp-json\/wp\/v2\/media?parent=13585"}],"wp:term":[{"taxonomy":"label","embeddable":true,"href":"https:\/\/www.linvosges-hotellerie.com\/fr\/wp-json\/wp\/v2\/label?post=13585"},{"taxonomy":"product_brand","embeddable":true,"href":"https:\/\/www.linvosges-hotellerie.com\/fr\/wp-json\/wp\/v2\/product_brand?post=13585"},{"taxonomy":"product_cat","embeddable":true,"href":"https:\/\/www.linvosges-hotellerie.com\/fr\/wp-json\/wp\/v2\/product_cat?post=13585"},{"taxonomy":"product_tag","embeddable":true,"href":"https:\/\/www.linvosges-hotellerie.com\/fr\/wp-json\/wp\/v2\/product_tag?post=13585"},{"taxonomy":"gamme","embeddable":true,"href":"https:\/\/www.linvosges-hotellerie.com\/fr\/wp-json\/wp\/v2\/gamme?post=13585"},{"taxonomy":"matiere","embeddable":true,"href":"https:\/\/www.linvosges-hotellerie.com\/fr\/wp-json\/wp\/v2\/matiere?post=13585"}],"curies":[{"name":"wp","href":"https:\/\/api.w.org\/{rel}","templated":true}]}}