{"id":13590,"date":"2021-09-03T11:59:27","date_gmt":"2021-09-03T09:59:27","guid":{"rendered":"https:\/\/www.linvosges-hotellerie.fr\/?post_type=product&#038;p=13590"},"modified":"2025-04-23T21:49:16","modified_gmt":"2025-04-23T19:49:16","slug":"mules-spa-et-piscine-sweet-life","status":"publish","type":"product","link":"https:\/\/www.linvosges-hotellerie.com\/fr\/eponges\/spa-piscine\/mules\/mules-spa-et-piscine-sweet-life\/","title":{"rendered":"Mules bout ouvert Sweet life"},"content":{"rendered":"<p>D\u00e9di\u00e9es au bien-\u00eatre, ces mules \u00e0 bout ouvert sont confectionn\u00e9es en \u00e9ponge microfibre blanche. Adapt\u00e9es au milieu humide, elles permettent de garder les pieds au chaud et au sec \u00e0 la sortie du sauna ou entre deux soins. De plus, la semelle antid\u00e9rapante vient compl\u00e9ter les atouts afin de satisfaire les exigences professionnelles.<\/p>\n","protected":false},"excerpt":{"rendered":"<p>Lavage en machine interdit<br \/>\nChlore et agents de blanchiment interdit<br \/>\nS\u00e8che linge interdit<br \/>\nRepassage interdit<br \/>\nNettoyage \u00e0 sec interdit<\/p>\n<p><span class=\"ginetex\"> z o d m U <\/span><\/p>\n","protected":false},"featured_media":13755,"template":"","meta":{"_acf_changed":false},"label":[],"product_brand":[],"product_cat":[855],"product_tag":[],"gamme":[810],"matiere":[784,787],"class_list":{"0":"post-13590","1":"product","2":"type-product","3":"status-publish","4":"has-post-thumbnail","6":"product_cat-mules","7":"pa_couleur-blanc","8":"pa_dimensions-taille-unique","9":"pa_grammage-350grs-m","10":"pa_matiere-55-coton-45-polyester","11":"gamme-sweet-life","12":"matiere-coton","13":"matiere-polyester","15":"first","16":"outofstock","17":"taxable","18":"shipping-taxable","19":"product-type-variable","20":"has-default-attributes"},"acf":[],"df_price":"","df_sale_price":"","df_regular_price":"","df_image_link":"https:\/\/www.linvosges-hotellerie.com\/wp-content\/uploads\/2021\/09\/mules-spa-piscine-sweet-life-300x300.png","_links":{"self":[{"href":"https:\/\/www.linvosges-hotellerie.com\/fr\/wp-json\/wp\/v2\/product\/13590","targetHints":{"allow":["GET"]}}],"collection":[{"href":"https:\/\/www.linvosges-hotellerie.com\/fr\/wp-json\/wp\/v2\/product"}],"about":[{"href":"https:\/\/www.linvosges-hotellerie.com\/fr\/wp-json\/wp\/v2\/types\/product"}],"wp:featuredmedia":[{"embeddable":true,"href":"https:\/\/www.linvosges-hotellerie.com\/fr\/wp-json\/wp\/v2\/media\/13755"}],"wp:attachment":[{"href":"https:\/\/www.linvosges-hotellerie.com\/fr\/wp-json\/wp\/v2\/media?parent=13590"}],"wp:term":[{"taxonomy":"label","embeddable":true,"href":"https:\/\/www.linvosges-hotellerie.com\/fr\/wp-json\/wp\/v2\/label?post=13590"},{"taxonomy":"product_brand","embeddable":true,"href":"https:\/\/www.linvosges-hotellerie.com\/fr\/wp-json\/wp\/v2\/product_brand?post=13590"},{"taxonomy":"product_cat","embeddable":true,"href":"https:\/\/www.linvosges-hotellerie.com\/fr\/wp-json\/wp\/v2\/product_cat?post=13590"},{"taxonomy":"product_tag","embeddable":true,"href":"https:\/\/www.linvosges-hotellerie.com\/fr\/wp-json\/wp\/v2\/product_tag?post=13590"},{"taxonomy":"gamme","embeddable":true,"href":"https:\/\/www.linvosges-hotellerie.com\/fr\/wp-json\/wp\/v2\/gamme?post=13590"},{"taxonomy":"matiere","embeddable":true,"href":"https:\/\/www.linvosges-hotellerie.com\/fr\/wp-json\/wp\/v2\/matiere?post=13590"}],"curies":[{"name":"wp","href":"https:\/\/api.w.org\/{rel}","templated":true}]}}