{"id":13682,"date":"2021-09-20T11:15:28","date_gmt":"2021-09-20T09:15:28","guid":{"rendered":"https:\/\/www.linvosges-hotellerie.fr\/?post_type=product&#038;p=13682"},"modified":"2026-04-17T00:08:12","modified_gmt":"2026-04-16T22:08:12","slug":"taie-forme-sac-nature-percale-bio","status":"publish","type":"product","link":"https:\/\/www.linvosges-hotellerie.com\/fr\/linge-de-lit\/taie-doreiller\/taie-forme-sac-nature-percale-bio\/","title":{"rendered":"Taie forme sac Nature Percale Bio"},"content":{"rendered":"<p>Taie d&#8217;oreiller en percale 200 fils\/in\u00b2 tiss\u00e9e de longues fibres serr\u00e9es issues de l&#8217;agriculture biologique certifi\u00e9 GOTS. Mati\u00e8re noble par excellence, la fibre de coton est naturellement confortable et r\u00e9sistante.<\/p>\n<p>Dimensions taies d&#8217;oreiller carr\u00e9e ou rectangulaire :<br \/>\n45&#215;70, 50&#215;70, 50&#215;75, 60&#215;60, 65&#215;65<\/p>\n<p>Finition forme sac avec rabat portefeuille int\u00e9rieur<\/p>\n","protected":false},"excerpt":{"rendered":"<p>Lavage en machine \u00e0 60\u00b0<br \/>\nChlore et agents de blanchiment interdit<br \/>\nS\u00e9chage en tambour \u00e0 60\u00b0<br \/>\nRepassage \u00e0 une temp\u00e9rature de 150\u00b0 maximum<br \/>\nProduits autoris\u00e9s pour le nettoyage \u00e0 sec : Hydrocarbures<\/p>\n<p><span class=\"ginetex\"> 4 o s b W <\/span><\/p>\n","protected":false},"featured_media":10254,"template":"","meta":{"_acf_changed":false},"label":[],"product_brand":[],"product_cat":[1490],"product_tag":[],"gamme":[544],"matiere":[784],"class_list":{"0":"post-13682","1":"product","2":"type-product","3":"status-publish","4":"has-post-thumbnail","6":"product_cat-taie-doreiller","7":"pa_couleur-blanc","8":"pa_dimensions-45-70-cm","9":"pa_dimensions-50-70-cm","10":"pa_dimensions-50-75-cm","11":"pa_dimensions-60-60-cm","12":"pa_dimensions-65-65-cm","13":"pa_grammage-120grs-m","14":"pa_matiere-100-coton","15":"gamme-nature-percale-bio","16":"matiere-coton","18":"first","19":"instock","20":"sale","21":"taxable","22":"shipping-taxable","23":"purchasable","24":"product-type-variable","25":"has-default-attributes"},"acf":[],"df_price":4.18,"df_sale_price":"","df_regular_price":4.18,"df_image_link":"https:\/\/www.linvosges-hotellerie.com\/wp-content\/uploads\/2020\/12\/linge-de-lit-percale-bio-nature-120-grs-m2-hotel-professionnel-linvosges-hotellerie-3-300x300.jpg","_links":{"self":[{"href":"https:\/\/www.linvosges-hotellerie.com\/fr\/wp-json\/wp\/v2\/product\/13682","targetHints":{"allow":["GET"]}}],"collection":[{"href":"https:\/\/www.linvosges-hotellerie.com\/fr\/wp-json\/wp\/v2\/product"}],"about":[{"href":"https:\/\/www.linvosges-hotellerie.com\/fr\/wp-json\/wp\/v2\/types\/product"}],"wp:featuredmedia":[{"embeddable":true,"href":"https:\/\/www.linvosges-hotellerie.com\/fr\/wp-json\/wp\/v2\/media\/10254"}],"wp:attachment":[{"href":"https:\/\/www.linvosges-hotellerie.com\/fr\/wp-json\/wp\/v2\/media?parent=13682"}],"wp:term":[{"taxonomy":"label","embeddable":true,"href":"https:\/\/www.linvosges-hotellerie.com\/fr\/wp-json\/wp\/v2\/label?post=13682"},{"taxonomy":"product_brand","embeddable":true,"href":"https:\/\/www.linvosges-hotellerie.com\/fr\/wp-json\/wp\/v2\/product_brand?post=13682"},{"taxonomy":"product_cat","embeddable":true,"href":"https:\/\/www.linvosges-hotellerie.com\/fr\/wp-json\/wp\/v2\/product_cat?post=13682"},{"taxonomy":"product_tag","embeddable":true,"href":"https:\/\/www.linvosges-hotellerie.com\/fr\/wp-json\/wp\/v2\/product_tag?post=13682"},{"taxonomy":"gamme","embeddable":true,"href":"https:\/\/www.linvosges-hotellerie.com\/fr\/wp-json\/wp\/v2\/gamme?post=13682"},{"taxonomy":"matiere","embeddable":true,"href":"https:\/\/www.linvosges-hotellerie.com\/fr\/wp-json\/wp\/v2\/matiere?post=13682"}],"curies":[{"name":"wp","href":"https:\/\/api.w.org\/{rel}","templated":true}]}}