{"id":13759,"date":"2021-09-23T11:28:09","date_gmt":"2021-09-23T09:28:09","guid":{"rendered":"https:\/\/www.linvosges-hotellerie.fr\/?post_type=product&#038;p=13759"},"modified":"2025-04-23T21:49:38","modified_gmt":"2025-04-23T19:49:38","slug":"rideau-douce-nuit","status":"publish","type":"product","link":"https:\/\/www.linvosges-hotellerie.com\/fr\/decoration\/rideau\/rideau-douce-nuit\/","title":{"rendered":"Rideau Douce Nuit"},"content":{"rendered":"<p>Les rideaux Douce Nuit en velours doux et soyeux sont confectionn\u00e9s dans un tissu intelligent d\u00e9clin\u00e9s en 2 coloris tendance pour apporter une touche d\u00e9co \u00e0 vos chambres. Ils sont \u00e0 la fois Non Feu, occultants et acoustiques afin d&#8217;isoler des bruits ext\u00e9rieurs et att\u00e9nuer la r\u00e9verb\u00e9ration des bruits int\u00e9rieurs.<\/p>\n<p>Les dimensions : 135cm de large \/ 260cm de haut<\/p>\n<p>Les finitions :<\/p>\n<ul>\n<li>t\u00eate \u0153illets 40mm, coloris nickel mat, avec silencieux.<\/li>\n<li>bas ourlet de 8cm avec barrette de plomb de chaque c\u00f4t\u00e9.<\/li>\n<\/ul>\n<p>Les + :<\/p>\n<ul>\n<li>les silencieux limitent le bruit de frottement, facilite la glisse et prot\u00e8ge la tringle des rayures<\/li>\n<li>les barrettes de plomb de chaque c\u00f4t\u00e9 en bas lestent le rideau pour assurer une belle retomb\u00e9e et limiter l&#8217;effet trap\u00e8ze<\/li>\n<li>la confection est r\u00e9alis\u00e9e dans notre atelier de G\u00e9rardmer<\/li>\n<\/ul>\n","protected":false},"excerpt":{"rendered":"<p>Lavage en machine \u00e0 30\u00b0 d\u00e9licat<br \/>\nChlore et agents de blanchiment interdit<br \/>\nS\u00e9chage en machine interdit<br \/>\nRepassage \u00e0 une temp\u00e9rature de 110\u00b0 maximum, sans vapeur<br \/>\nNettoyage \u00e0 sec interdit<\/p>\n<p>w o d n U<\/p>\n","protected":false},"featured_media":13763,"template":"","meta":{"_acf_changed":false},"label":[],"product_brand":[],"product_cat":[25,805],"product_tag":[],"gamme":[801],"matiere":[787],"class_list":{"0":"post-13759","1":"product","2":"type-product","3":"status-publish","4":"has-post-thumbnail","6":"product_cat-decoration","7":"product_cat-rideau","8":"pa_couleur-bleu","9":"pa_couleur-moutarde","10":"pa_dimensions-135x260-cm","11":"pa_grammage-430-grs-m","12":"pa_matiere-100-polyester","13":"gamme-douce-nuit","14":"matiere-polyester","16":"first","17":"instock","18":"taxable","19":"shipping-taxable","20":"purchasable","21":"product-type-variable"},"acf":[],"df_price":113.5,"df_sale_price":"","df_regular_price":113.5,"df_image_link":"https:\/\/www.linvosges-hotellerie.com\/wp-content\/uploads\/2021\/09\/rideau-occultant-acoustique-douce-nuit-bleu-hotel-professionnel-300x300.png","_links":{"self":[{"href":"https:\/\/www.linvosges-hotellerie.com\/fr\/wp-json\/wp\/v2\/product\/13759","targetHints":{"allow":["GET"]}}],"collection":[{"href":"https:\/\/www.linvosges-hotellerie.com\/fr\/wp-json\/wp\/v2\/product"}],"about":[{"href":"https:\/\/www.linvosges-hotellerie.com\/fr\/wp-json\/wp\/v2\/types\/product"}],"wp:featuredmedia":[{"embeddable":true,"href":"https:\/\/www.linvosges-hotellerie.com\/fr\/wp-json\/wp\/v2\/media\/13763"}],"wp:attachment":[{"href":"https:\/\/www.linvosges-hotellerie.com\/fr\/wp-json\/wp\/v2\/media?parent=13759"}],"wp:term":[{"taxonomy":"label","embeddable":true,"href":"https:\/\/www.linvosges-hotellerie.com\/fr\/wp-json\/wp\/v2\/label?post=13759"},{"taxonomy":"product_brand","embeddable":true,"href":"https:\/\/www.linvosges-hotellerie.com\/fr\/wp-json\/wp\/v2\/product_brand?post=13759"},{"taxonomy":"product_cat","embeddable":true,"href":"https:\/\/www.linvosges-hotellerie.com\/fr\/wp-json\/wp\/v2\/product_cat?post=13759"},{"taxonomy":"product_tag","embeddable":true,"href":"https:\/\/www.linvosges-hotellerie.com\/fr\/wp-json\/wp\/v2\/product_tag?post=13759"},{"taxonomy":"gamme","embeddable":true,"href":"https:\/\/www.linvosges-hotellerie.com\/fr\/wp-json\/wp\/v2\/gamme?post=13759"},{"taxonomy":"matiere","embeddable":true,"href":"https:\/\/www.linvosges-hotellerie.com\/fr\/wp-json\/wp\/v2\/matiere?post=13759"}],"curies":[{"name":"wp","href":"https:\/\/api.w.org\/{rel}","templated":true}]}}