{"id":13773,"date":"2021-09-23T14:14:51","date_gmt":"2021-09-23T12:14:51","guid":{"rendered":"https:\/\/www.linvosges-hotellerie.fr\/?post_type=product&#038;p=13773"},"modified":"2025-04-23T21:49:38","modified_gmt":"2025-04-23T19:49:38","slug":"voilage-metalik","status":"publish","type":"product","link":"https:\/\/www.linvosges-hotellerie.com\/fr\/decoration\/voilage\/voilage-metalik\/","title":{"rendered":"Voilage Metalik"},"content":{"rendered":"<p>L&#8217;alternance de fils de lin brut et de viscose effet m\u00e9tal apporte de la luminosit\u00e9 aux voilages Metalik. Propos\u00e9 en coloris corde.<\/p>\n<p>Les dimensions : 135cm de large \/ 260cm de haut<\/p>\n<p>Les finitions :<\/p>\n<ul>\n<li>t\u00eate \u0153illets 40mm, coloris nickel mat, avec silencieux.<\/li>\n<li>bas plomb\u00e9 avec ajout de barrette de plomb de chaque c\u00f4t\u00e9.<\/li>\n<\/ul>\n<p>Les + :<\/p>\n<ul>\n<li>les silencieux limitent le bruit de frottement, facilite la glisse et prot\u00e8ge la tringle des rayures<\/li>\n<li>les barrettes de plomb de chaque c\u00f4t\u00e9 en bas lestent le rideau pour assurer une belle retomb\u00e9e et limiter l&#8217;effet trap\u00e8ze<\/li>\n<li>tiss\u00e9 en France et confectionn\u00e9 dans notre atelier de G\u00e9rardmer<\/li>\n<\/ul>\n","protected":false},"excerpt":{"rendered":"<p>Lavage en machine \u00e0 30\u00b0 d\u00e9licat<br \/>\nChlore et agents de blanchiment interdit<br \/>\nS\u00e9chage en machine interdit<br \/>\nRepassage \u00e0 une temp\u00e9rature de 150\u00b0 maximum<br \/>\nProduits autoris\u00e9s pour le nettoyage \u00e0 sec : Perchlor\u00e9thyl\u00e8ne, Hydrocarbures<\/p>\n<p>w o d b W<\/p>\n","protected":false},"featured_media":13777,"template":"","meta":{"_acf_changed":false},"label":[],"product_brand":[],"product_cat":[25,822],"product_tag":[],"gamme":[802],"matiere":[785,787,821],"class_list":{"0":"post-13773","1":"product","2":"type-product","3":"status-publish","4":"has-post-thumbnail","6":"product_cat-decoration","7":"product_cat-voilage","8":"pa_couleur-corde","9":"pa_dimensions-135x260-cm","10":"pa_grammage-87grs-m","11":"pa_matiere-51-viscose-25-lin-24-polyester","12":"gamme-metalik","13":"matiere-lin","14":"matiere-polyester","15":"matiere-viscose","17":"first","18":"instock","19":"taxable","20":"shipping-taxable","21":"purchasable","22":"product-type-variable"},"acf":[],"df_price":64.05,"df_sale_price":"","df_regular_price":64.05,"df_image_link":"https:\/\/www.linvosges-hotellerie.com\/wp-content\/uploads\/2021\/09\/voilage-metalik-corde-cote-hotel-professionnel-300x300.png","_links":{"self":[{"href":"https:\/\/www.linvosges-hotellerie.com\/fr\/wp-json\/wp\/v2\/product\/13773","targetHints":{"allow":["GET"]}}],"collection":[{"href":"https:\/\/www.linvosges-hotellerie.com\/fr\/wp-json\/wp\/v2\/product"}],"about":[{"href":"https:\/\/www.linvosges-hotellerie.com\/fr\/wp-json\/wp\/v2\/types\/product"}],"wp:featuredmedia":[{"embeddable":true,"href":"https:\/\/www.linvosges-hotellerie.com\/fr\/wp-json\/wp\/v2\/media\/13777"}],"wp:attachment":[{"href":"https:\/\/www.linvosges-hotellerie.com\/fr\/wp-json\/wp\/v2\/media?parent=13773"}],"wp:term":[{"taxonomy":"label","embeddable":true,"href":"https:\/\/www.linvosges-hotellerie.com\/fr\/wp-json\/wp\/v2\/label?post=13773"},{"taxonomy":"product_brand","embeddable":true,"href":"https:\/\/www.linvosges-hotellerie.com\/fr\/wp-json\/wp\/v2\/product_brand?post=13773"},{"taxonomy":"product_cat","embeddable":true,"href":"https:\/\/www.linvosges-hotellerie.com\/fr\/wp-json\/wp\/v2\/product_cat?post=13773"},{"taxonomy":"product_tag","embeddable":true,"href":"https:\/\/www.linvosges-hotellerie.com\/fr\/wp-json\/wp\/v2\/product_tag?post=13773"},{"taxonomy":"gamme","embeddable":true,"href":"https:\/\/www.linvosges-hotellerie.com\/fr\/wp-json\/wp\/v2\/gamme?post=13773"},{"taxonomy":"matiere","embeddable":true,"href":"https:\/\/www.linvosges-hotellerie.com\/fr\/wp-json\/wp\/v2\/matiere?post=13773"}],"curies":[{"name":"wp","href":"https:\/\/api.w.org\/{rel}","templated":true}]}}