{"id":13794,"date":"2021-09-25T17:51:23","date_gmt":"2021-09-25T15:51:23","guid":{"rendered":"https:\/\/www.linvosges-hotellerie.fr\/?post_type=product&#038;p=13794"},"modified":"2025-06-05T15:56:30","modified_gmt":"2025-06-05T13:56:30","slug":"plaid-fibres-recyclees-tweed","status":"publish","type":"product","link":"https:\/\/www.linvosges-hotellerie.com\/fr\/decoration\/plaid\/plaid-fibres-recyclees-tweed\/","title":{"rendered":"Plaid Tweed"},"content":{"rendered":"<p class=\"p1\">Chaud et confortable, cet accessoire est un indispensable pour les terrasses. D\u00e9pos\u00e9 sur un fauteuil ou en pied de lit, il devient un \u00e9l\u00e9ment d\u00e9co pour une ambiance cosy chic <span class=\"Apple-converted-space\">\u00a0 <\/span>Finition 2 ourlets \/ 2 lisi\u00e8res frang\u00e9es.<\/p>\n","protected":false},"excerpt":{"rendered":"<p class=\"p1\">Lavage en machine \u00e0 30\u00b0 d\u00e9licat<br \/>\nChlore et agents de blanchiment interdit<br \/>\nS\u00e9chage en tambour \u00e0 60\u00b0<br \/>\nRepassage \u00e0 une temp\u00e9rature de 150\u00b0 maximum<br \/>\nProduits autoris\u00e9s pour le nettoyage \u00e0 sec : Perchlor\u00e9thyl\u00e8ne, Hydrocarbures<\/p>\n<p><span class=\"ginetex\">e o s b W <\/span><\/p>\n","protected":false},"featured_media":13803,"template":"","meta":{"_acf_changed":false},"label":[],"product_brand":[],"product_cat":[25,699,714],"product_tag":[3286],"gamme":[824],"matiere":[828],"class_list":{"0":"post-13794","1":"product","2":"type-product","3":"status-publish","4":"has-post-thumbnail","6":"product_cat-decoration","7":"product_cat-plaid","8":"product_cat-vous-aimerez","9":"product_tag-sans-oekotex","10":"pa_couleur-anthracite","11":"pa_couleur-bleu-canard","12":"pa_dimensions-130x150-cm","13":"pa_grammage-372grs-m","14":"pa_matiere-50-acrylique-25-polyester-20-laine-5-autres-fibres","15":"gamme-tweed","16":"matiere-acrylique","18":"first","19":"instock","20":"taxable","21":"shipping-taxable","22":"purchasable","23":"product-type-variable","24":"has-default-attributes"},"acf":[],"df_price":36.3,"df_sale_price":"","df_regular_price":36.3,"df_image_link":"https:\/\/www.linvosges-hotellerie.com\/wp-content\/uploads\/2021\/09\/plaid-tweed-hotel-professionnel-linvosges-hotellerie-300x300.png","_links":{"self":[{"href":"https:\/\/www.linvosges-hotellerie.com\/fr\/wp-json\/wp\/v2\/product\/13794","targetHints":{"allow":["GET"]}}],"collection":[{"href":"https:\/\/www.linvosges-hotellerie.com\/fr\/wp-json\/wp\/v2\/product"}],"about":[{"href":"https:\/\/www.linvosges-hotellerie.com\/fr\/wp-json\/wp\/v2\/types\/product"}],"wp:featuredmedia":[{"embeddable":true,"href":"https:\/\/www.linvosges-hotellerie.com\/fr\/wp-json\/wp\/v2\/media\/13803"}],"wp:attachment":[{"href":"https:\/\/www.linvosges-hotellerie.com\/fr\/wp-json\/wp\/v2\/media?parent=13794"}],"wp:term":[{"taxonomy":"label","embeddable":true,"href":"https:\/\/www.linvosges-hotellerie.com\/fr\/wp-json\/wp\/v2\/label?post=13794"},{"taxonomy":"product_brand","embeddable":true,"href":"https:\/\/www.linvosges-hotellerie.com\/fr\/wp-json\/wp\/v2\/product_brand?post=13794"},{"taxonomy":"product_cat","embeddable":true,"href":"https:\/\/www.linvosges-hotellerie.com\/fr\/wp-json\/wp\/v2\/product_cat?post=13794"},{"taxonomy":"product_tag","embeddable":true,"href":"https:\/\/www.linvosges-hotellerie.com\/fr\/wp-json\/wp\/v2\/product_tag?post=13794"},{"taxonomy":"gamme","embeddable":true,"href":"https:\/\/www.linvosges-hotellerie.com\/fr\/wp-json\/wp\/v2\/gamme?post=13794"},{"taxonomy":"matiere","embeddable":true,"href":"https:\/\/www.linvosges-hotellerie.com\/fr\/wp-json\/wp\/v2\/matiere?post=13794"}],"curies":[{"name":"wp","href":"https:\/\/api.w.org\/{rel}","templated":true}]}}