{"id":13840,"date":"2021-10-14T10:32:34","date_gmt":"2021-10-14T08:32:34","guid":{"rendered":"https:\/\/www.linvosges-hotellerie.fr\/?post_type=product&#038;p=13840"},"modified":"2026-04-30T00:16:25","modified_gmt":"2026-04-29T22:16:25","slug":"coussin-velours-french-velvet","status":"publish","type":"product","link":"https:\/\/www.linvosges-hotellerie.com\/fr\/decoration\/coussin\/coussin-velours-french-velvet\/","title":{"rendered":"Coussin velours French Velvet"},"content":{"rendered":"<p>6 coloris intemporels pour ce coussin d\u00e9coratif en velours double face.<br \/>\nSa finition d\u00e9houssable par zip sur le bas le rend parfaitement r\u00e9versible et facilite son entretien<\/p>\n","protected":false},"excerpt":{"rendered":"<p>Lavage en machine \u00e0 30\u00b0<br \/>\nChlore et agents de blanchiment interdit<br \/>\nS\u00e8che linge interdit<br \/>\nRepassage interdit<br \/>\nProduits autoris\u00e9s pour le nettoyage \u00e0 sec : Perchlor\u00e9thyl\u00e8ne, Hydrocarbures<\/p>\n<p><span class=\"ginetex\"> w o d m E <\/span><\/p>\n","protected":false},"featured_media":13883,"template":"","meta":{"_acf_changed":false},"label":[],"product_brand":[],"product_cat":[713,452,25],"product_tag":[],"gamme":[484],"matiere":[787],"class_list":{"0":"post-13840","1":"product","2":"type-product","3":"status-publish","4":"has-post-thumbnail","6":"product_cat-conseil-expert","7":"product_cat-coussin","8":"product_cat-decoration","9":"pa_couleur-beige","10":"pa_couleur-bleu-canard","11":"pa_couleur-brun","12":"pa_couleur-griotte","13":"pa_couleur-gris","14":"pa_couleur-gris-clair","15":"pa_couleur-gris-souris","16":"pa_couleur-jaune","17":"pa_couleur-rouge","18":"pa_dimensions-40-40-cm","19":"pa_grammage-290grs-m","20":"pa_matiere-100-polyester","21":"gamme-french-velvet","22":"matiere-polyester","24":"first","25":"instock","26":"taxable","27":"shipping-taxable","28":"purchasable","29":"product-type-variable","30":"has-default-attributes"},"acf":[],"df_price":11.13,"df_sale_price":"","df_regular_price":11.13,"df_image_link":"https:\/\/www.linvosges-hotellerie.com\/wp-content\/uploads\/2021\/10\/coussin-velours-french-velvet-hotel-professionnel-linvosges-hotellerie-1-300x300.jpg","_links":{"self":[{"href":"https:\/\/www.linvosges-hotellerie.com\/fr\/wp-json\/wp\/v2\/product\/13840","targetHints":{"allow":["GET"]}}],"collection":[{"href":"https:\/\/www.linvosges-hotellerie.com\/fr\/wp-json\/wp\/v2\/product"}],"about":[{"href":"https:\/\/www.linvosges-hotellerie.com\/fr\/wp-json\/wp\/v2\/types\/product"}],"wp:featuredmedia":[{"embeddable":true,"href":"https:\/\/www.linvosges-hotellerie.com\/fr\/wp-json\/wp\/v2\/media\/13883"}],"wp:attachment":[{"href":"https:\/\/www.linvosges-hotellerie.com\/fr\/wp-json\/wp\/v2\/media?parent=13840"}],"wp:term":[{"taxonomy":"label","embeddable":true,"href":"https:\/\/www.linvosges-hotellerie.com\/fr\/wp-json\/wp\/v2\/label?post=13840"},{"taxonomy":"product_brand","embeddable":true,"href":"https:\/\/www.linvosges-hotellerie.com\/fr\/wp-json\/wp\/v2\/product_brand?post=13840"},{"taxonomy":"product_cat","embeddable":true,"href":"https:\/\/www.linvosges-hotellerie.com\/fr\/wp-json\/wp\/v2\/product_cat?post=13840"},{"taxonomy":"product_tag","embeddable":true,"href":"https:\/\/www.linvosges-hotellerie.com\/fr\/wp-json\/wp\/v2\/product_tag?post=13840"},{"taxonomy":"gamme","embeddable":true,"href":"https:\/\/www.linvosges-hotellerie.com\/fr\/wp-json\/wp\/v2\/gamme?post=13840"},{"taxonomy":"matiere","embeddable":true,"href":"https:\/\/www.linvosges-hotellerie.com\/fr\/wp-json\/wp\/v2\/matiere?post=13840"}],"curies":[{"name":"wp","href":"https:\/\/api.w.org\/{rel}","templated":true}]}}