{"id":15349,"date":"2022-11-16T10:49:55","date_gmt":"2022-11-16T09:49:55","guid":{"rendered":"https:\/\/www.linvosges-hotellerie.fr\/?post_type=product&#038;p=15349"},"modified":"2026-01-23T09:52:13","modified_gmt":"2026-01-23T08:52:13","slug":"couette-hiver-400grs-m%c2%b2-linvotel","status":"publish","type":"product","link":"https:\/\/www.linvosges-hotellerie.com\/fr\/la-literie\/couette\/couette-hiver-400grs-m%c2%b2-linvotel\/","title":{"rendered":"Couette hiver 400grs\/m\u00b2 Linvotel"},"content":{"rendered":"<p>Cette couette chaude et moelleuse garnie en 400grs\/m\u00b2 est id\u00e9ale pour l&#8217;hiver. Son enveloppe polycoton r\u00e9siste \u00e0 un lavage haute temp\u00e9rature \u00e0 95\u00b0. Son piquage carreaux ouvert permet un r\u00e9partition homog\u00e8ne du garnissage &#8211; Finition biais blanc tout autour<\/p>\n<p>Eco participation incluse dans le prix<\/p>\n","protected":false},"excerpt":{"rendered":"<p>Lavage en machine \u00e0 95\u00b0<br \/>\nChlore et agents de blanchiment interdit<br \/>\nS\u00e9chage en tambour \u00e0 60\u00b0<br \/>\nRepassage interdit<br \/>\nNettoyage \u00e0 sec interdit<br \/>\n<span class=\"ginetex\"> 2 o s m U <\/span><\/p>\n","protected":false},"featured_media":26674,"template":"","meta":{"_acf_changed":false},"label":[],"product_brand":[],"product_cat":[713,44,39,3347],"product_tag":[],"gamme":[842],"matiere":[793],"class_list":{"0":"post-15349","1":"product","2":"type-product","3":"status-publish","4":"has-post-thumbnail","6":"product_cat-conseil-expert","7":"product_cat-couette","8":"product_cat-la-literie","9":"product_cat-les-synthetiques","10":"pa_couleur-blanc","11":"pa_dimensions-140-200-cm","12":"pa_dimensions-160-210-cm","13":"pa_dimensions-240-220-cm","14":"pa_dimensions-260-240-cm","15":"pa_dimensions-280-240-cm","16":"pa_grammage-400grs-m","17":"pa_matiere-garnissage-100-fibres-polyester-creuses-siliconees-enveloppe-65-coton-35-polyester","18":"gamme-linvotel","19":"matiere-polycoton","21":"first","22":"instock","23":"taxable","24":"shipping-taxable","25":"purchasable","26":"product-type-variable","27":"has-default-attributes"},"acf":[],"df_price":40.15,"df_sale_price":"","df_regular_price":40.15,"df_image_link":"https:\/\/www.linvosges-hotellerie.com\/wp-content\/uploads\/2022\/11\/COUETTE-LINVOTEL-1-300x300.png","_links":{"self":[{"href":"https:\/\/www.linvosges-hotellerie.com\/fr\/wp-json\/wp\/v2\/product\/15349","targetHints":{"allow":["GET"]}}],"collection":[{"href":"https:\/\/www.linvosges-hotellerie.com\/fr\/wp-json\/wp\/v2\/product"}],"about":[{"href":"https:\/\/www.linvosges-hotellerie.com\/fr\/wp-json\/wp\/v2\/types\/product"}],"wp:featuredmedia":[{"embeddable":true,"href":"https:\/\/www.linvosges-hotellerie.com\/fr\/wp-json\/wp\/v2\/media\/26674"}],"wp:attachment":[{"href":"https:\/\/www.linvosges-hotellerie.com\/fr\/wp-json\/wp\/v2\/media?parent=15349"}],"wp:term":[{"taxonomy":"label","embeddable":true,"href":"https:\/\/www.linvosges-hotellerie.com\/fr\/wp-json\/wp\/v2\/label?post=15349"},{"taxonomy":"product_brand","embeddable":true,"href":"https:\/\/www.linvosges-hotellerie.com\/fr\/wp-json\/wp\/v2\/product_brand?post=15349"},{"taxonomy":"product_cat","embeddable":true,"href":"https:\/\/www.linvosges-hotellerie.com\/fr\/wp-json\/wp\/v2\/product_cat?post=15349"},{"taxonomy":"product_tag","embeddable":true,"href":"https:\/\/www.linvosges-hotellerie.com\/fr\/wp-json\/wp\/v2\/product_tag?post=15349"},{"taxonomy":"gamme","embeddable":true,"href":"https:\/\/www.linvosges-hotellerie.com\/fr\/wp-json\/wp\/v2\/gamme?post=15349"},{"taxonomy":"matiere","embeddable":true,"href":"https:\/\/www.linvosges-hotellerie.com\/fr\/wp-json\/wp\/v2\/matiere?post=15349"}],"curies":[{"name":"wp","href":"https:\/\/api.w.org\/{rel}","templated":true}]}}