{"id":15371,"date":"2022-11-16T16:38:23","date_gmt":"2022-11-16T15:38:23","guid":{"rendered":"https:\/\/www.linvosges-hotellerie.fr\/?post_type=product&#038;p=15371"},"modified":"2026-03-25T11:30:23","modified_gmt":"2026-03-25T10:30:23","slug":"serviette-eponge-dome","status":"publish","type":"product","link":"https:\/\/www.linvosges-hotellerie.com\/fr\/serviette-de-bain\/serviette-eponge-dome\/","title":{"rendered":"Serviette \u00e9ponge D\u00f4me"},"content":{"rendered":"<p>Compos\u00e9e d\u2019un c\u0153ur dense en 700grs\/m\u00b2 et de c\u00f4t\u00e9s a\u00e9riens en 360grs\/m\u00b2, cette serviette tiss\u00e9e de boucles z\u00e9ro twist s\u00e9duit blanchisseurs et h\u00f4teliers qui se voient entretenir des \u00e9ponges moins lourdes tout en offrant confort et moelleux aux utilisateurs. L\u2019apport de lyocell, fibre d\u2019origine v\u00e9g\u00e9tale r\u00e9alis\u00e9e \u00e0 partir de pulpe de bois, augmente les facult\u00e9s d\u2019absorption de l\u2019\u00e9ponge, permet un s\u00e9chage plus rapide et offre douceur et gonflant.<\/p>\n","protected":false},"excerpt":{"rendered":"<p>Lavage en machine \u00e0 60\u00b0<br \/>\nChlore et agents de blanchiment interdit<br \/>\nS\u00e9chage en tambour \u00e0 60\u00b0<br \/>\nRepassage \u00e0 une temp\u00e9rature de 150\u00b0 maximum<br \/>\nProduits autoris\u00e9s pour le nettoyage \u00e0 sec : Perchlor\u00e9thyl\u00e8ne, Hydrocarbures<\/p>\n<p><span class=\"ginetex\"> 4 o s b W <\/span><\/p>\n","protected":false},"featured_media":15368,"template":"","meta":{"_acf_changed":false},"label":[],"product_brand":[],"product_cat":[857],"product_tag":[],"gamme":[843],"matiere":[784,789],"class_list":{"0":"post-15371","1":"product","2":"type-product","3":"status-publish","4":"has-post-thumbnail","6":"product_cat-serviette-de-bain","7":"pa_couleur-blanc","8":"pa_dimensions-50x100-cm","9":"pa_grammage-700-grs-m","10":"pa_matiere-70-coton-30-lyocell","11":"gamme-dome","12":"matiere-coton","13":"matiere-lyocell","15":"first","16":"instock","17":"taxable","18":"shipping-taxable","19":"purchasable","20":"product-type-variable","21":"has-default-attributes"},"acf":[],"df_price":7.9,"df_sale_price":"","df_regular_price":7.9,"df_image_link":"https:\/\/www.linvosges-hotellerie.com\/wp-content\/uploads\/2022\/11\/linge-de-bain-dome-hotel-professionnel-linvosges-hotellerie-300x300.jpg","_links":{"self":[{"href":"https:\/\/www.linvosges-hotellerie.com\/fr\/wp-json\/wp\/v2\/product\/15371","targetHints":{"allow":["GET"]}}],"collection":[{"href":"https:\/\/www.linvosges-hotellerie.com\/fr\/wp-json\/wp\/v2\/product"}],"about":[{"href":"https:\/\/www.linvosges-hotellerie.com\/fr\/wp-json\/wp\/v2\/types\/product"}],"wp:featuredmedia":[{"embeddable":true,"href":"https:\/\/www.linvosges-hotellerie.com\/fr\/wp-json\/wp\/v2\/media\/15368"}],"wp:attachment":[{"href":"https:\/\/www.linvosges-hotellerie.com\/fr\/wp-json\/wp\/v2\/media?parent=15371"}],"wp:term":[{"taxonomy":"label","embeddable":true,"href":"https:\/\/www.linvosges-hotellerie.com\/fr\/wp-json\/wp\/v2\/label?post=15371"},{"taxonomy":"product_brand","embeddable":true,"href":"https:\/\/www.linvosges-hotellerie.com\/fr\/wp-json\/wp\/v2\/product_brand?post=15371"},{"taxonomy":"product_cat","embeddable":true,"href":"https:\/\/www.linvosges-hotellerie.com\/fr\/wp-json\/wp\/v2\/product_cat?post=15371"},{"taxonomy":"product_tag","embeddable":true,"href":"https:\/\/www.linvosges-hotellerie.com\/fr\/wp-json\/wp\/v2\/product_tag?post=15371"},{"taxonomy":"gamme","embeddable":true,"href":"https:\/\/www.linvosges-hotellerie.com\/fr\/wp-json\/wp\/v2\/gamme?post=15371"},{"taxonomy":"matiere","embeddable":true,"href":"https:\/\/www.linvosges-hotellerie.com\/fr\/wp-json\/wp\/v2\/matiere?post=15371"}],"curies":[{"name":"wp","href":"https:\/\/api.w.org\/{rel}","templated":true}]}}