{"id":15638,"date":"2023-01-04T16:38:43","date_gmt":"2023-01-04T15:38:43","guid":{"rendered":"https:\/\/www.linvosges-hotellerie.fr\/?post_type=product&#038;p=15638"},"modified":"2025-11-06T15:41:05","modified_gmt":"2025-11-06T14:41:05","slug":"drap-plat-edito","status":"publish","type":"product","link":"https:\/\/www.linvosges-hotellerie.com\/fr\/drap\/drap-plat-edito\/","title":{"rendered":"Drap plat Edito"},"content":{"rendered":"<p>Drap plat en polycoton satin 230 fils\/in\u00b2. Unie, tiss\u00e9e de rayures larges, de lignes fines ou encore de petits carreaux, cette gamme s\u00e9duit par ses diff\u00e9rents motifs, \u00e0 utiliser seuls ou en les mixant, pour apporter dynamisme et modernit\u00e9 \u00e0 vos chambres. Outre ses qualit\u00e9s esth\u00e9tiques, ce linge de lit, compos\u00e9 en m\u00e9lange intime de coton et de polyester, offre un toucher doux et fluide ainsi qu\u2019une excellente r\u00e9sistance.<\/p>\n<p>Dimensions drap :<br \/>\n180&#215;310, 240&#215;310, 280&#215;310<\/p>\n<p>Finitions drap :<br \/>\n&#8211; ourlet 3cm t\u00eate et pied<br \/>\n&#8211; lisi\u00e8res c\u00f4t\u00e9<br \/>\n&#8211; fil de couleur au pied (coloris fil en fonction des dimensions : 180&#215;310 : rouge, 240&#215;310 : bleu, 280&#215;310 : vert)<\/p>\n","protected":false},"excerpt":{"rendered":"<p>Lavage en machine \u00e0 95\u00b0<br \/>\nChlore et agents de blanchiment interdit<br \/>\nS\u00e9chage en tambour \u00e0 80\u00b0<br \/>\nRepassage \u00e0 une temp\u00e9rature de 200\u00b0 maximum<br \/>\nNettoyage \u00e0 sec interdit<\/p>\n<p><span class=\"ginetex\"> 2 o a v U <\/span><\/p>\n","protected":false},"featured_media":15572,"template":"","meta":{"_acf_changed":false},"label":[],"product_brand":[],"product_cat":[3274],"product_tag":[],"gamme":[847],"matiere":[793],"class_list":{"0":"post-15638","1":"product","2":"type-product","3":"status-publish","4":"has-post-thumbnail","6":"product_cat-drap","7":"pa_couleur-blanc-carreaux","8":"pa_couleur-blanc-rayures-0-5cm","9":"pa_couleur-blanc-rayures-2-0cm","10":"pa_couleur-blanc-uni","11":"pa_dimensions-180-310-cm","12":"pa_dimensions-240-310-cm","13":"pa_dimensions-280-310-cm","14":"pa_grammage-135grs-m","15":"pa_matiere-80-coton-20-polyester-2","16":"gamme-edito","17":"matiere-polycoton","19":"first","20":"instock","21":"taxable","22":"shipping-taxable","23":"purchasable","24":"product-type-variable"},"acf":[],"df_price":29.17,"df_sale_price":"","df_regular_price":29.17,"df_image_link":"https:\/\/www.linvosges-hotellerie.com\/wp-content\/uploads\/2023\/01\/Linge-de-lit-edito-hotel-professionnel-linvosges-hotellerie-300x300.jpg","_links":{"self":[{"href":"https:\/\/www.linvosges-hotellerie.com\/fr\/wp-json\/wp\/v2\/product\/15638","targetHints":{"allow":["GET"]}}],"collection":[{"href":"https:\/\/www.linvosges-hotellerie.com\/fr\/wp-json\/wp\/v2\/product"}],"about":[{"href":"https:\/\/www.linvosges-hotellerie.com\/fr\/wp-json\/wp\/v2\/types\/product"}],"wp:featuredmedia":[{"embeddable":true,"href":"https:\/\/www.linvosges-hotellerie.com\/fr\/wp-json\/wp\/v2\/media\/15572"}],"wp:attachment":[{"href":"https:\/\/www.linvosges-hotellerie.com\/fr\/wp-json\/wp\/v2\/media?parent=15638"}],"wp:term":[{"taxonomy":"label","embeddable":true,"href":"https:\/\/www.linvosges-hotellerie.com\/fr\/wp-json\/wp\/v2\/label?post=15638"},{"taxonomy":"product_brand","embeddable":true,"href":"https:\/\/www.linvosges-hotellerie.com\/fr\/wp-json\/wp\/v2\/product_brand?post=15638"},{"taxonomy":"product_cat","embeddable":true,"href":"https:\/\/www.linvosges-hotellerie.com\/fr\/wp-json\/wp\/v2\/product_cat?post=15638"},{"taxonomy":"product_tag","embeddable":true,"href":"https:\/\/www.linvosges-hotellerie.com\/fr\/wp-json\/wp\/v2\/product_tag?post=15638"},{"taxonomy":"gamme","embeddable":true,"href":"https:\/\/www.linvosges-hotellerie.com\/fr\/wp-json\/wp\/v2\/gamme?post=15638"},{"taxonomy":"matiere","embeddable":true,"href":"https:\/\/www.linvosges-hotellerie.com\/fr\/wp-json\/wp\/v2\/matiere?post=15638"}],"curies":[{"name":"wp","href":"https:\/\/api.w.org\/{rel}","templated":true}]}}