{"id":15663,"date":"2023-01-04T16:58:24","date_gmt":"2023-01-04T15:58:24","guid":{"rendered":"https:\/\/www.linvosges-hotellerie.fr\/?post_type=product&#038;p=15663"},"modified":"2025-11-06T15:33:27","modified_gmt":"2025-11-06T14:33:27","slug":"housse-de-couette-edito","status":"publish","type":"product","link":"https:\/\/www.linvosges-hotellerie.com\/fr\/housse-de-couette\/housse-de-couette-edito\/","title":{"rendered":"Housse de couette Edito"},"content":{"rendered":"<p>Housse de couette en polycoton satin 230 fils\/in\u00b2. Unie, tiss\u00e9e de rayures larges, de lignes fines ou encore de petits carreaux, cette gamme s\u00e9duit par ses diff\u00e9rents motifs, \u00e0 utiliser seuls ou en les mixant, pour apporter dynamisme et modernit\u00e9 \u00e0 vos chambres. Outre ses qualit\u00e9s esth\u00e9tiques, ce linge de lit, compos\u00e9 en m\u00e9lange intime de coton et de polyester, offre un toucher doux et fluide ainsi qu\u2019une excellente r\u00e9sistance.<\/p>\n<p>Recto : uni, rayures 0.5cm, rayures 2cm ou carreaux \/ Verso uni<\/p>\n<p>Dimensions housse de couette :<br \/>\n140&#215;200, 160&#215;210, 240&#215;220, 260&#215;240, 280&#215;240<\/p>\n<p>Finitions drap :<br \/>\n&#8211; forme sac ouvert sur toute la largeur en bas<br \/>\n&#8211; passes mains \u00e0 la t\u00eate<br \/>\n&#8211; surjet blanc tout autour<br \/>\n&#8211; surjet couleur au pied (coloris fil en fonction des dimensions : 140&#215;200 : rouge, 160&#215;210 : bleu, 240&#215;220 : orange, 260&#215;240 : vert, 280&#215;240 : gris)<\/p>\n","protected":false},"excerpt":{"rendered":"<p>Lavage en machine \u00e0 95\u00b0<br \/>\nChlore et agents de blanchiment interdit<br \/>\nS\u00e9chage en tambour \u00e0 80\u00b0<br \/>\nRepassage \u00e0 une temp\u00e9rature de 200\u00b0 maximum<br \/>\nNettoyage \u00e0 sec interdit<\/p>\n<p><span class=\"ginetex\"> 2 o a v U <\/span><\/p>\n","protected":false},"featured_media":15572,"template":"","meta":{"_acf_changed":false},"label":[],"product_brand":[],"product_cat":[858],"product_tag":[],"gamme":[847],"matiere":[793],"class_list":{"0":"post-15663","1":"product","2":"type-product","3":"status-publish","4":"has-post-thumbnail","6":"product_cat-housse-de-couette","7":"pa_couleur-blanc-carreaux","8":"pa_couleur-blanc-rayures-0-5cm","9":"pa_couleur-blanc-rayures-2-0cm","10":"pa_couleur-blanc-uni","11":"pa_dimensions-140-200-cm","12":"pa_dimensions-160-210-cm","13":"pa_dimensions-240-220-cm","14":"pa_dimensions-260-240-cm","15":"pa_dimensions-280-240-cm","16":"pa_grammage-135grs-m","17":"pa_matiere-80-coton-20-polyester-2","18":"gamme-edito","19":"matiere-polycoton","21":"first","22":"instock","23":"taxable","24":"shipping-taxable","25":"purchasable","26":"product-type-variable"},"acf":[],"df_price":24.44,"df_sale_price":"","df_regular_price":24.44,"df_image_link":"https:\/\/www.linvosges-hotellerie.com\/wp-content\/uploads\/2023\/01\/Linge-de-lit-edito-hotel-professionnel-linvosges-hotellerie-300x300.jpg","_links":{"self":[{"href":"https:\/\/www.linvosges-hotellerie.com\/fr\/wp-json\/wp\/v2\/product\/15663","targetHints":{"allow":["GET"]}}],"collection":[{"href":"https:\/\/www.linvosges-hotellerie.com\/fr\/wp-json\/wp\/v2\/product"}],"about":[{"href":"https:\/\/www.linvosges-hotellerie.com\/fr\/wp-json\/wp\/v2\/types\/product"}],"wp:featuredmedia":[{"embeddable":true,"href":"https:\/\/www.linvosges-hotellerie.com\/fr\/wp-json\/wp\/v2\/media\/15572"}],"wp:attachment":[{"href":"https:\/\/www.linvosges-hotellerie.com\/fr\/wp-json\/wp\/v2\/media?parent=15663"}],"wp:term":[{"taxonomy":"label","embeddable":true,"href":"https:\/\/www.linvosges-hotellerie.com\/fr\/wp-json\/wp\/v2\/label?post=15663"},{"taxonomy":"product_brand","embeddable":true,"href":"https:\/\/www.linvosges-hotellerie.com\/fr\/wp-json\/wp\/v2\/product_brand?post=15663"},{"taxonomy":"product_cat","embeddable":true,"href":"https:\/\/www.linvosges-hotellerie.com\/fr\/wp-json\/wp\/v2\/product_cat?post=15663"},{"taxonomy":"product_tag","embeddable":true,"href":"https:\/\/www.linvosges-hotellerie.com\/fr\/wp-json\/wp\/v2\/product_tag?post=15663"},{"taxonomy":"gamme","embeddable":true,"href":"https:\/\/www.linvosges-hotellerie.com\/fr\/wp-json\/wp\/v2\/gamme?post=15663"},{"taxonomy":"matiere","embeddable":true,"href":"https:\/\/www.linvosges-hotellerie.com\/fr\/wp-json\/wp\/v2\/matiere?post=15663"}],"curies":[{"name":"wp","href":"https:\/\/api.w.org\/{rel}","templated":true}]}}