{"id":16324,"date":"2023-06-22T16:00:41","date_gmt":"2023-06-22T14:00:41","guid":{"rendered":"https:\/\/www.linvosges-hotellerie.fr\/?post_type=product&#038;p=16324"},"modified":"2026-04-29T08:16:35","modified_gmt":"2026-04-29T06:16:35","slug":"drap-de-piscine-copacabana","status":"publish","type":"product","link":"https:\/\/www.linvosges-hotellerie.com\/fr\/eponges\/spa-piscine\/drap-de-piscine-copacabana\/","title":{"rendered":"Drap de piscine Copacabana"},"content":{"rendered":"<p>Drap de piscine en \u00e9ponge 510 grs\/m2.<br \/>\nBoucles fils retors<br \/>\nFinition double piq\u00fbre tout autour<br \/>\nColorant indanthr\u00e8ne adapt\u00e9 \u00e0 l&#8217;utilisation en milieu chlor\u00e9<\/p>\n","protected":false},"excerpt":{"rendered":"<p>Lavage en machine \u00e0 60\u00b0 d\u00e9licat<br \/>\nBlanchiment possible<br \/>\nS\u00e9chage en machine \u00e0 60\u00b0 maximum<br \/>\nRepassage \u00e0 une temp\u00e9rature de 110\u00b0 maximum<br \/>\nNettoyage \u00e0 sec interdit<\/p>\n<p>5 u s n U<\/p>\n","protected":false},"featured_media":16454,"template":"","meta":{"_acf_changed":false},"label":[],"product_brand":[],"product_cat":[64,46,57,714],"product_tag":[],"gamme":[875],"matiere":[784],"class_list":{"0":"post-16324","1":"product","2":"type-product","3":"status-publish","4":"has-post-thumbnail","6":"product_cat-500-grs-m2","7":"product_cat-eponges","8":"product_cat-spa-piscine","9":"product_cat-vous-aimerez","10":"pa_couleur-beige","11":"pa_couleur-gris","12":"pa_couleur-raye-blanc-beige","13":"pa_couleur-raye-blanc-gris","14":"pa_couleur-raye-blanc-jaune","15":"pa_couleur-raye-blanc-marine","16":"pa_couleur-raye-blanc-orange","17":"pa_dimensions-100x180-cm","18":"pa_grammage-510grs-m","19":"pa_matiere-100-coton","20":"gamme-copacabana","21":"matiere-coton","23":"first","24":"instock","25":"featured","26":"taxable","27":"shipping-taxable","28":"purchasable","29":"product-type-variable","30":"has-default-attributes"},"acf":[],"df_price":23.86,"df_sale_price":"","df_regular_price":23.86,"df_image_link":"https:\/\/www.linvosges-hotellerie.com\/wp-content\/uploads\/2023\/06\/drap-de-piscine-copacabana-510-grs-hotel-spa-professionnel-linvosges-hotellerie-300x300.jpg","_links":{"self":[{"href":"https:\/\/www.linvosges-hotellerie.com\/fr\/wp-json\/wp\/v2\/product\/16324","targetHints":{"allow":["GET"]}}],"collection":[{"href":"https:\/\/www.linvosges-hotellerie.com\/fr\/wp-json\/wp\/v2\/product"}],"about":[{"href":"https:\/\/www.linvosges-hotellerie.com\/fr\/wp-json\/wp\/v2\/types\/product"}],"wp:featuredmedia":[{"embeddable":true,"href":"https:\/\/www.linvosges-hotellerie.com\/fr\/wp-json\/wp\/v2\/media\/16454"}],"wp:attachment":[{"href":"https:\/\/www.linvosges-hotellerie.com\/fr\/wp-json\/wp\/v2\/media?parent=16324"}],"wp:term":[{"taxonomy":"label","embeddable":true,"href":"https:\/\/www.linvosges-hotellerie.com\/fr\/wp-json\/wp\/v2\/label?post=16324"},{"taxonomy":"product_brand","embeddable":true,"href":"https:\/\/www.linvosges-hotellerie.com\/fr\/wp-json\/wp\/v2\/product_brand?post=16324"},{"taxonomy":"product_cat","embeddable":true,"href":"https:\/\/www.linvosges-hotellerie.com\/fr\/wp-json\/wp\/v2\/product_cat?post=16324"},{"taxonomy":"product_tag","embeddable":true,"href":"https:\/\/www.linvosges-hotellerie.com\/fr\/wp-json\/wp\/v2\/product_tag?post=16324"},{"taxonomy":"gamme","embeddable":true,"href":"https:\/\/www.linvosges-hotellerie.com\/fr\/wp-json\/wp\/v2\/gamme?post=16324"},{"taxonomy":"matiere","embeddable":true,"href":"https:\/\/www.linvosges-hotellerie.com\/fr\/wp-json\/wp\/v2\/matiere?post=16324"}],"curies":[{"name":"wp","href":"https:\/\/api.w.org\/{rel}","templated":true}]}}