{"id":16834,"date":"2023-08-25T13:53:29","date_gmt":"2023-08-25T11:53:29","guid":{"rendered":"https:\/\/www.linvosges-hotellerie.fr\/?post_type=product&#038;p=16834"},"modified":"2026-04-14T15:48:13","modified_gmt":"2026-04-14T13:48:13","slug":"drap-housse-anais-ivoire","status":"publish","type":"product","link":"https:\/\/www.linvosges-hotellerie.com\/fr\/outlet-tout-a-50\/drap-housse-anais-ivoire\/","title":{"rendered":"Drap housse Ana\u00efs ivoire"},"content":{"rendered":"<p>Drap housse en percale polycoton 180 fils\/in\u00b2. Son tissage de longs fils entrecrois\u00e9s et serr\u00e9s lui conf\u00e8re une grande r\u00e9sistance.<br \/>\nLe m\u00e9lange de coton et de polyester rend l&#8217;entretien de votre linge plus ais\u00e9, \u00e0 savoir un s\u00e9chage plus rapide et un repassage facilit\u00e9<\/p>\n<p>Bonnet de 30 cm, convient pour des matelas jusqu&#8217;\u00e0 22cm d&#8217;\u00e9paisseur.<\/p>\n<p>Attention stocks limit\u00e9s<\/p>\n","protected":false},"excerpt":{"rendered":"<p>Lavage en machine \u00e0 95\u00b0<br \/>\nBlanchiment possible<br \/>\nS\u00e9chage en tambour \u00e0 60\u00b0<br \/>\nRepassage \u00e0 une temp\u00e9rature de 150\u00b0 maximum<br \/>\nNettoyage \u00e0 sec interdit<\/p>\n<p><span class=\"ginetex\"> 2 u s b U <\/span><\/p>\n","protected":false},"featured_media":17161,"template":"","meta":{"_acf_changed":false},"label":[],"product_brand":[],"product_cat":[873],"product_tag":[],"gamme":[508],"matiere":[793],"class_list":{"0":"post-16834","1":"product","2":"type-product","3":"status-publish","4":"has-post-thumbnail","6":"product_cat-outlet-tout-a-50","7":"pa_couleur-ivoire","8":"pa_dimensions-140-200-cm","9":"pa_dimensions-80-190-cm","10":"pa_dimensions-80-200-cm","11":"pa_dimensions-90-190-cm","12":"pa_forme-housse-bonnet-30cm","13":"pa_grammage-110grs-m","14":"pa_matiere-50-coton-50-polyester","15":"gamme-anais","16":"matiere-polycoton","18":"first","19":"outofstock","20":"taxable","21":"shipping-taxable","22":"product-type-variable"},"acf":[],"df_price":"","df_sale_price":"","df_regular_price":"","df_image_link":"https:\/\/www.linvosges-hotellerie.com\/wp-content\/uploads\/2023\/08\/ANAIS-IVOIRE-1-300x300.png","_links":{"self":[{"href":"https:\/\/www.linvosges-hotellerie.com\/fr\/wp-json\/wp\/v2\/product\/16834","targetHints":{"allow":["GET"]}}],"collection":[{"href":"https:\/\/www.linvosges-hotellerie.com\/fr\/wp-json\/wp\/v2\/product"}],"about":[{"href":"https:\/\/www.linvosges-hotellerie.com\/fr\/wp-json\/wp\/v2\/types\/product"}],"wp:featuredmedia":[{"embeddable":true,"href":"https:\/\/www.linvosges-hotellerie.com\/fr\/wp-json\/wp\/v2\/media\/17161"}],"wp:attachment":[{"href":"https:\/\/www.linvosges-hotellerie.com\/fr\/wp-json\/wp\/v2\/media?parent=16834"}],"wp:term":[{"taxonomy":"label","embeddable":true,"href":"https:\/\/www.linvosges-hotellerie.com\/fr\/wp-json\/wp\/v2\/label?post=16834"},{"taxonomy":"product_brand","embeddable":true,"href":"https:\/\/www.linvosges-hotellerie.com\/fr\/wp-json\/wp\/v2\/product_brand?post=16834"},{"taxonomy":"product_cat","embeddable":true,"href":"https:\/\/www.linvosges-hotellerie.com\/fr\/wp-json\/wp\/v2\/product_cat?post=16834"},{"taxonomy":"product_tag","embeddable":true,"href":"https:\/\/www.linvosges-hotellerie.com\/fr\/wp-json\/wp\/v2\/product_tag?post=16834"},{"taxonomy":"gamme","embeddable":true,"href":"https:\/\/www.linvosges-hotellerie.com\/fr\/wp-json\/wp\/v2\/gamme?post=16834"},{"taxonomy":"matiere","embeddable":true,"href":"https:\/\/www.linvosges-hotellerie.com\/fr\/wp-json\/wp\/v2\/matiere?post=16834"}],"curies":[{"name":"wp","href":"https:\/\/api.w.org\/{rel}","templated":true}]}}