{"id":16924,"date":"2023-09-04T10:44:22","date_gmt":"2023-09-04T08:44:22","guid":{"rendered":"https:\/\/www.linvosges-hotellerie.fr\/?post_type=product&#038;p=16924"},"modified":"2026-03-05T14:33:12","modified_gmt":"2026-03-05T13:33:12","slug":"steamer-izzi-plus","status":"publish","type":"product","link":"https:\/\/www.linvosges-hotellerie.com\/fr\/accessoires\/steamer-izzi-plus\/","title":{"rendered":"Steamer vapeur IZZI PLUS"},"content":{"rendered":"<p>IZZI PLUS est un steamer, d\u00e9velopp\u00e9 par LAURASTAR, qui d\u00e9froisse votre linge et purifie votre maison de mani\u00e8re efficace et naturelle. Gr\u00e2ce \u00e0 la puissance de sa vapeur Dry Microfine Steam (DMS), IZZI PLUS lisse instantan\u00e9ment tous les textiles, tels que les draps, nappes et rideaux. Il \u00e9limine \u00e9galement les micro-organismes et les insectes nuisibles pr\u00e9sents sur les surfaces, objets et textiles, ce qui limite les risques d&#8217;infections et soulage les allergies. Il fonctionne parfaitement sur les matelas, oreillers, tapis, canap\u00e9s, coussins, et bien plus encore.<\/p>\n<p>Enfin, IZZI PLUS rafra\u00eechit les textiles en r\u00e9duisant les odeurs d\u00e9sagr\u00e9ables.<\/p>\n<p>En r\u00e9sum\u00e9, IZZI PLUS sera votre alli\u00e9 pour le d\u00e9froissage et la purification !<\/p>\n<p>CARACTERISTIQUES :<br \/>\nPoign\u00e9e ergonomique pour le transport<br \/>\nEmplacement s\u00e9curis\u00e9 pour le DMS Steamer<br \/>\nRangement pour le c\u00e2ble vapeur<br \/>\nUtilisation avec de l\u2019eau du robinet<br \/>\nUtilisation en continu gr\u00e2ce au bac \u00e0 eau amovible<br \/>\nFonction auto-stop<br \/>\nEnrouleur de c\u00e2ble automatique<\/p>\n","protected":false},"excerpt":{"rendered":"<p>Temps de chauffe : 3 min<\/p>\n<p>Pression de la vapeur : pression constante de 3,5 bars<\/p>\n<p>Vitesse de la vapeur : 104 km\/h<\/p>\n<p>Temp\u00e9rature de la vapeur : jusqu\u2019\u00e0 150\u00b0C<\/p>\n<p>Capacit\u00e9 du r\u00e9servoir : env. 1,1 l<\/p>\n<p>Dimensions (H x L x P) : 45 x 28 x 28 cm<\/p>\n<p>Puissance de l\u2019appareil : 2000 W<\/p>\n","protected":false},"featured_media":16928,"template":"","meta":{"_acf_changed":false},"label":[],"product_brand":[],"product_cat":[894],"product_tag":[],"gamme":[895],"matiere":[],"class_list":{"0":"post-16924","1":"product","2":"type-product","3":"status-publish","4":"has-post-thumbnail","6":"product_cat-accessoires","7":"pa_couleur-anthracite","8":"pa_dimensions-45x28x28-cm","9":"gamme-izzi-plus","11":"first","12":"instock","13":"taxable","14":"shipping-taxable","15":"purchasable","16":"product-type-variable","17":"has-default-attributes"},"acf":[],"df_price":649,"df_sale_price":"","df_regular_price":649,"df_image_link":"https:\/\/www.linvosges-hotellerie.com\/wp-content\/uploads\/2023\/08\/Steamer-IZZI-PLUS-profil-Hotel-restaurant-gite-professionnels-Linvosges-hotellerie-300x300.png","_links":{"self":[{"href":"https:\/\/www.linvosges-hotellerie.com\/fr\/wp-json\/wp\/v2\/product\/16924","targetHints":{"allow":["GET"]}}],"collection":[{"href":"https:\/\/www.linvosges-hotellerie.com\/fr\/wp-json\/wp\/v2\/product"}],"about":[{"href":"https:\/\/www.linvosges-hotellerie.com\/fr\/wp-json\/wp\/v2\/types\/product"}],"wp:featuredmedia":[{"embeddable":true,"href":"https:\/\/www.linvosges-hotellerie.com\/fr\/wp-json\/wp\/v2\/media\/16928"}],"wp:attachment":[{"href":"https:\/\/www.linvosges-hotellerie.com\/fr\/wp-json\/wp\/v2\/media?parent=16924"}],"wp:term":[{"taxonomy":"label","embeddable":true,"href":"https:\/\/www.linvosges-hotellerie.com\/fr\/wp-json\/wp\/v2\/label?post=16924"},{"taxonomy":"product_brand","embeddable":true,"href":"https:\/\/www.linvosges-hotellerie.com\/fr\/wp-json\/wp\/v2\/product_brand?post=16924"},{"taxonomy":"product_cat","embeddable":true,"href":"https:\/\/www.linvosges-hotellerie.com\/fr\/wp-json\/wp\/v2\/product_cat?post=16924"},{"taxonomy":"product_tag","embeddable":true,"href":"https:\/\/www.linvosges-hotellerie.com\/fr\/wp-json\/wp\/v2\/product_tag?post=16924"},{"taxonomy":"gamme","embeddable":true,"href":"https:\/\/www.linvosges-hotellerie.com\/fr\/wp-json\/wp\/v2\/gamme?post=16924"},{"taxonomy":"matiere","embeddable":true,"href":"https:\/\/www.linvosges-hotellerie.com\/fr\/wp-json\/wp\/v2\/matiere?post=16924"}],"curies":[{"name":"wp","href":"https:\/\/api.w.org\/{rel}","templated":true}]}}