{"id":16930,"date":"2023-08-28T16:29:20","date_gmt":"2023-08-28T14:29:20","guid":{"rendered":"https:\/\/www.linvosges-hotellerie.fr\/?post_type=product&#038;p=16930"},"modified":"2026-03-05T14:32:53","modified_gmt":"2026-03-05T13:32:53","slug":"chariot-izzi-cart","status":"publish","type":"product","link":"https:\/\/www.linvosges-hotellerie.com\/fr\/accessoires\/chariot-izzi-cart\/","title":{"rendered":"Chariot IZZI CART"},"content":{"rendered":"<p>Cet assistant astucieux vous permet de d\u00e9placer sans effort les steamers Laurastar IZZI PLUS gr\u00e2ce \u00e0 ses 4 roulettes<\/p>\n<p>R\u00e9glable en hauteur, il est \u00e9quip\u00e9 d&#8217;un crochet pratique pour suspendre le linge lors du d\u00e9froissage et d&#8217;un socle thermo-r\u00e9sistant con\u00e7u pour poser le steamer Izzi PLUS m\u00eame lorsqu&#8217;il est chaud.<\/p>\n<p>Autre atout, il est pliable pour un rangement ultra-plat.<\/p>\n<p>Accessoire vendu sans steamer<\/p>\n","protected":false},"excerpt":{"rendered":"<p>Dimensions d\u00e9pli\u00e9 : 40 x 38 x 177 cm<\/p>\n<p>Dimensions pli\u00e9 : 40 x 10,5 x 105 cm<\/p>\n<p>Poids : 3.2 kg<\/p>\n","protected":false},"featured_media":16932,"template":"","meta":{"_acf_changed":false},"label":[],"product_brand":[],"product_cat":[894],"product_tag":[],"gamme":[895],"matiere":[],"class_list":{"0":"post-16930","1":"product","2":"type-product","3":"status-publish","4":"has-post-thumbnail","6":"product_cat-accessoires","7":"pa_couleur-gris","8":"pa_dimensions-40x105-cm","9":"gamme-izzi-plus","11":"first","12":"instock","13":"taxable","14":"shipping-taxable","15":"purchasable","16":"product-type-variable","17":"has-default-attributes"},"acf":[],"df_price":162,"df_sale_price":"","df_regular_price":162,"df_image_link":"https:\/\/www.linvosges-hotellerie.com\/wp-content\/uploads\/2023\/08\/IZZI-CART-Accessoire-pour-hotel-restaurant-gite-professionnel-Linvosges-hotellerie-300x300.png","_links":{"self":[{"href":"https:\/\/www.linvosges-hotellerie.com\/fr\/wp-json\/wp\/v2\/product\/16930","targetHints":{"allow":["GET"]}}],"collection":[{"href":"https:\/\/www.linvosges-hotellerie.com\/fr\/wp-json\/wp\/v2\/product"}],"about":[{"href":"https:\/\/www.linvosges-hotellerie.com\/fr\/wp-json\/wp\/v2\/types\/product"}],"wp:featuredmedia":[{"embeddable":true,"href":"https:\/\/www.linvosges-hotellerie.com\/fr\/wp-json\/wp\/v2\/media\/16932"}],"wp:attachment":[{"href":"https:\/\/www.linvosges-hotellerie.com\/fr\/wp-json\/wp\/v2\/media?parent=16930"}],"wp:term":[{"taxonomy":"label","embeddable":true,"href":"https:\/\/www.linvosges-hotellerie.com\/fr\/wp-json\/wp\/v2\/label?post=16930"},{"taxonomy":"product_brand","embeddable":true,"href":"https:\/\/www.linvosges-hotellerie.com\/fr\/wp-json\/wp\/v2\/product_brand?post=16930"},{"taxonomy":"product_cat","embeddable":true,"href":"https:\/\/www.linvosges-hotellerie.com\/fr\/wp-json\/wp\/v2\/product_cat?post=16930"},{"taxonomy":"product_tag","embeddable":true,"href":"https:\/\/www.linvosges-hotellerie.com\/fr\/wp-json\/wp\/v2\/product_tag?post=16930"},{"taxonomy":"gamme","embeddable":true,"href":"https:\/\/www.linvosges-hotellerie.com\/fr\/wp-json\/wp\/v2\/gamme?post=16930"},{"taxonomy":"matiere","embeddable":true,"href":"https:\/\/www.linvosges-hotellerie.com\/fr\/wp-json\/wp\/v2\/matiere?post=16930"}],"curies":[{"name":"wp","href":"https:\/\/api.w.org\/{rel}","templated":true}]}}