{"id":17137,"date":"2023-09-18T11:12:06","date_gmt":"2023-09-18T09:12:06","guid":{"rendered":"https:\/\/www.linvosges-hotellerie.fr\/?post_type=product&#038;p=17137"},"modified":"2026-03-16T14:14:07","modified_gmt":"2026-03-16T13:14:07","slug":"alese-molleton-400grs-m%c2%b2-clarys","status":"publish","type":"product","link":"https:\/\/www.linvosges-hotellerie.com\/fr\/outlet-tout-a-50\/alese-molleton-400grs-m%c2%b2-clarys\/","title":{"rendered":"Al\u00e8se molleton 400grs\/m\u00b2 Clarys"},"content":{"rendered":"<p class=\"p1\">Une al\u00e8se absorbante en coton gratt\u00e9 double face.<\/p>\n<p class=\"p1\">Forme plateau \u00e9lastique aux 4 angles<\/p>\n<p class=\"p1\">Forme housse bonnet 30cm ou 40cm<\/p>\n","protected":false},"excerpt":{"rendered":"<p>Lavage en machine \u00e0 60\u00b0<br \/>\nBlanchiment possible<br \/>\nS\u00e9chage en tambour interdit<br \/>\nRepassage \u00e0 une temp\u00e9rature de 200\u00b0 maximum<br \/>\nProduits autoris\u00e9s pour le nettoyage \u00e0 sec : Perchlor\u00e9thyl\u00e8ne, Hydrocarbures<br \/>\n4 u d v W<\/p>\n","protected":false},"featured_media":17158,"template":"","meta":{"_acf_changed":false},"label":[],"product_brand":[],"product_cat":[873],"product_tag":[],"gamme":[909],"matiere":[784],"class_list":{"0":"post-17137","1":"product","2":"type-product","3":"status-publish","4":"has-post-thumbnail","6":"product_cat-outlet-tout-a-50","7":"pa_couleur-blanc","8":"pa_dimensions-100-200-cm","9":"pa_dimensions-140-190-cm","10":"pa_dimensions-140-200-cm","11":"pa_dimensions-160-200-cm","12":"pa_dimensions-180x200-cm","13":"pa_dimensions-200-200-cm","14":"pa_dimensions-80-190-cm","15":"pa_dimensions-80-200-cm","16":"pa_dimensions-90-190-cm","17":"pa_dimensions-90-200-cm","18":"pa_forme-housse-bonnet-30cm","19":"pa_forme-housse-bonnet-40cm","20":"pa_forme-plateau","21":"pa_grammage-400grs-m","22":"pa_matiere-molleton-100-coton-gratte-2-faces","23":"gamme-clarys","24":"matiere-coton","26":"first","27":"instock","28":"sale","29":"taxable","30":"shipping-taxable","31":"purchasable","32":"product-type-variable","33":"has-default-attributes"},"acf":[],"df_price":11.58,"df_sale_price":"","df_regular_price":11.58,"df_image_link":"https:\/\/www.linvosges-hotellerie.com\/wp-content\/uploads\/2023\/09\/ALESE-CLARYS-300x300.png","_links":{"self":[{"href":"https:\/\/www.linvosges-hotellerie.com\/fr\/wp-json\/wp\/v2\/product\/17137","targetHints":{"allow":["GET"]}}],"collection":[{"href":"https:\/\/www.linvosges-hotellerie.com\/fr\/wp-json\/wp\/v2\/product"}],"about":[{"href":"https:\/\/www.linvosges-hotellerie.com\/fr\/wp-json\/wp\/v2\/types\/product"}],"wp:featuredmedia":[{"embeddable":true,"href":"https:\/\/www.linvosges-hotellerie.com\/fr\/wp-json\/wp\/v2\/media\/17158"}],"wp:attachment":[{"href":"https:\/\/www.linvosges-hotellerie.com\/fr\/wp-json\/wp\/v2\/media?parent=17137"}],"wp:term":[{"taxonomy":"label","embeddable":true,"href":"https:\/\/www.linvosges-hotellerie.com\/fr\/wp-json\/wp\/v2\/label?post=17137"},{"taxonomy":"product_brand","embeddable":true,"href":"https:\/\/www.linvosges-hotellerie.com\/fr\/wp-json\/wp\/v2\/product_brand?post=17137"},{"taxonomy":"product_cat","embeddable":true,"href":"https:\/\/www.linvosges-hotellerie.com\/fr\/wp-json\/wp\/v2\/product_cat?post=17137"},{"taxonomy":"product_tag","embeddable":true,"href":"https:\/\/www.linvosges-hotellerie.com\/fr\/wp-json\/wp\/v2\/product_tag?post=17137"},{"taxonomy":"gamme","embeddable":true,"href":"https:\/\/www.linvosges-hotellerie.com\/fr\/wp-json\/wp\/v2\/gamme?post=17137"},{"taxonomy":"matiere","embeddable":true,"href":"https:\/\/www.linvosges-hotellerie.com\/fr\/wp-json\/wp\/v2\/matiere?post=17137"}],"curies":[{"name":"wp","href":"https:\/\/api.w.org\/{rel}","templated":true}]}}