{"id":17204,"date":"2023-09-19T15:48:24","date_gmt":"2023-09-19T13:48:24","guid":{"rendered":"https:\/\/www.linvosges-hotellerie.fr\/?post_type=product&#038;p=17204"},"modified":"2025-04-23T22:04:01","modified_gmt":"2025-04-23T20:04:01","slug":"alese-housse-tencel","status":"publish","type":"product","link":"https:\/\/www.linvosges-hotellerie.com\/fr\/la-literie\/alese\/alese-housse-tencel\/","title":{"rendered":"Al\u00e8se housse Tencel"},"content":{"rendered":"<p>Cette protection de matelas imperm\u00e9able est r\u00e9alis\u00e9e en 100% TENCEL\u2122 Lyocell avec une membrane en polyur\u00e9thane. Elle est respirante, r\u00e9sistante et tr\u00e8s absorbante.<\/p>\n<p>Forme housse bonnet 23cm (convient pour matelas jusqu&#8217;\u00e0 20cm d&#8217;\u00e9paisseur)<\/p>\n","protected":false},"excerpt":{"rendered":"<p>Lavage en machine \u00e0 60\u00b0<br \/>\nChlore et agents de blanchiment interdit<br \/>\nS\u00e8che linge interdit<br \/>\nRepassage \u00e0 une temp\u00e9rature de 110\u00b0 maximum, sans vapeur<br \/>\nProduits autoris\u00e9s pour le nettoyage \u00e0 sec : Perchlor\u00e9thyl\u00e8ne, Hydrocarbures<br \/>\n<span class=\"ginetex\"> 4 o d n W <\/span><\/p>\n","protected":false},"featured_media":17279,"template":"","meta":{"_acf_changed":false},"label":[],"product_brand":[],"product_cat":[40,39,873],"product_tag":[],"gamme":[919],"matiere":[789],"class_list":{"0":"post-17204","1":"product","2":"type-product","3":"status-publish","4":"has-post-thumbnail","6":"product_cat-alese","7":"product_cat-la-literie","8":"product_cat-outlet-tout-a-50","9":"pa_couleur-blanc","10":"pa_dimensions-180x200-cm","11":"pa_grammage-250grs-m","12":"pa_matiere-56-polyester-44-lyocell","13":"gamme-tencel","14":"matiere-lyocell","16":"first","17":"outofstock","18":"taxable","19":"shipping-taxable","20":"product-type-variable"},"acf":[],"df_price":"","df_sale_price":"","df_regular_price":"","df_image_link":"https:\/\/www.linvosges-hotellerie.com\/wp-content\/uploads\/2023\/09\/ALESE-TENCEL-BLANC-FORME-HOUSSE-180x200-9577201-1-300x300.png","_links":{"self":[{"href":"https:\/\/www.linvosges-hotellerie.com\/fr\/wp-json\/wp\/v2\/product\/17204","targetHints":{"allow":["GET"]}}],"collection":[{"href":"https:\/\/www.linvosges-hotellerie.com\/fr\/wp-json\/wp\/v2\/product"}],"about":[{"href":"https:\/\/www.linvosges-hotellerie.com\/fr\/wp-json\/wp\/v2\/types\/product"}],"wp:featuredmedia":[{"embeddable":true,"href":"https:\/\/www.linvosges-hotellerie.com\/fr\/wp-json\/wp\/v2\/media\/17279"}],"wp:attachment":[{"href":"https:\/\/www.linvosges-hotellerie.com\/fr\/wp-json\/wp\/v2\/media?parent=17204"}],"wp:term":[{"taxonomy":"label","embeddable":true,"href":"https:\/\/www.linvosges-hotellerie.com\/fr\/wp-json\/wp\/v2\/label?post=17204"},{"taxonomy":"product_brand","embeddable":true,"href":"https:\/\/www.linvosges-hotellerie.com\/fr\/wp-json\/wp\/v2\/product_brand?post=17204"},{"taxonomy":"product_cat","embeddable":true,"href":"https:\/\/www.linvosges-hotellerie.com\/fr\/wp-json\/wp\/v2\/product_cat?post=17204"},{"taxonomy":"product_tag","embeddable":true,"href":"https:\/\/www.linvosges-hotellerie.com\/fr\/wp-json\/wp\/v2\/product_tag?post=17204"},{"taxonomy":"gamme","embeddable":true,"href":"https:\/\/www.linvosges-hotellerie.com\/fr\/wp-json\/wp\/v2\/gamme?post=17204"},{"taxonomy":"matiere","embeddable":true,"href":"https:\/\/www.linvosges-hotellerie.com\/fr\/wp-json\/wp\/v2\/matiere?post=17204"}],"curies":[{"name":"wp","href":"https:\/\/api.w.org\/{rel}","templated":true}]}}