{"id":17367,"date":"2023-09-21T16:31:10","date_gmt":"2023-09-21T14:31:10","guid":{"rendered":"https:\/\/www.linvosges-hotellerie.fr\/?post_type=product&#038;p=17367"},"modified":"2026-04-14T16:20:06","modified_gmt":"2026-04-14T14:20:06","slug":"couvre-lit-polipro","status":"publish","type":"product","link":"https:\/\/www.linvosges-hotellerie.com\/fr\/outlet-tout-a-50\/couvre-lit-polipro\/","title":{"rendered":"Couvre lit Polipro"},"content":{"rendered":"<p>L&#8217;aspect jean de ce couvre lit apporte de la fantaisie \u00e0 vos chambres. Garnissage 150grs\/m2, finition coins arrondis + piquage carreaux 20cm. Envers peau de p\u00eache.<\/p>\n<p>Attention stocks limit\u00e9s<\/p>\n","protected":false},"excerpt":{"rendered":"<p>Lavage en machine \u00e0 40\u00b0<br \/>\nBlanchiment interdit<br \/>\nS\u00e9chage en tambour interdit<br \/>\nRepassage interdit<br \/>\nProduits autoris\u00e9s pour le nettoyage \u00e0 sec : Perchlor\u00e9thyl\u00e8ne, Hydrocarbures<\/p>\n<p>8 o d n W<\/p>\n","protected":false},"featured_media":17371,"template":"","meta":{"_acf_changed":false},"label":[],"product_brand":[],"product_cat":[873],"product_tag":[],"gamme":[928],"matiere":[787],"class_list":{"0":"post-17367","1":"product","2":"type-product","3":"status-publish","4":"has-post-thumbnail","6":"product_cat-outlet-tout-a-50","7":"pa_couleur-gris-fonce","8":"pa_dimensions-230-260-cm","9":"pa_grammage-150grs-m","10":"pa_matiere-100-polyester","11":"gamme-polipro","12":"matiere-polyester","14":"first","15":"outofstock","16":"taxable","17":"shipping-taxable","18":"product-type-variable","19":"has-default-attributes"},"acf":[],"df_price":"","df_sale_price":"","df_regular_price":"","df_image_link":"https:\/\/www.linvosges-hotellerie.com\/wp-content\/uploads\/2023\/09\/C.L-MATELASSE-POLIPRO-150G-GRIS-FONCE-230x260-8882804-300x300.png","_links":{"self":[{"href":"https:\/\/www.linvosges-hotellerie.com\/fr\/wp-json\/wp\/v2\/product\/17367","targetHints":{"allow":["GET"]}}],"collection":[{"href":"https:\/\/www.linvosges-hotellerie.com\/fr\/wp-json\/wp\/v2\/product"}],"about":[{"href":"https:\/\/www.linvosges-hotellerie.com\/fr\/wp-json\/wp\/v2\/types\/product"}],"wp:featuredmedia":[{"embeddable":true,"href":"https:\/\/www.linvosges-hotellerie.com\/fr\/wp-json\/wp\/v2\/media\/17371"}],"wp:attachment":[{"href":"https:\/\/www.linvosges-hotellerie.com\/fr\/wp-json\/wp\/v2\/media?parent=17367"}],"wp:term":[{"taxonomy":"label","embeddable":true,"href":"https:\/\/www.linvosges-hotellerie.com\/fr\/wp-json\/wp\/v2\/label?post=17367"},{"taxonomy":"product_brand","embeddable":true,"href":"https:\/\/www.linvosges-hotellerie.com\/fr\/wp-json\/wp\/v2\/product_brand?post=17367"},{"taxonomy":"product_cat","embeddable":true,"href":"https:\/\/www.linvosges-hotellerie.com\/fr\/wp-json\/wp\/v2\/product_cat?post=17367"},{"taxonomy":"product_tag","embeddable":true,"href":"https:\/\/www.linvosges-hotellerie.com\/fr\/wp-json\/wp\/v2\/product_tag?post=17367"},{"taxonomy":"gamme","embeddable":true,"href":"https:\/\/www.linvosges-hotellerie.com\/fr\/wp-json\/wp\/v2\/gamme?post=17367"},{"taxonomy":"matiere","embeddable":true,"href":"https:\/\/www.linvosges-hotellerie.com\/fr\/wp-json\/wp\/v2\/matiere?post=17367"}],"curies":[{"name":"wp","href":"https:\/\/api.w.org\/{rel}","templated":true}]}}