{"id":17394,"date":"2023-09-22T12:29:23","date_gmt":"2023-09-22T10:29:23","guid":{"rendered":"https:\/\/www.linvosges-hotellerie.fr\/?post_type=product&#038;p=17394"},"modified":"2025-04-23T22:05:03","modified_gmt":"2025-04-23T20:05:03","slug":"couette-350grs-m%c2%b2-jumelable-revotel","status":"publish","type":"product","link":"https:\/\/www.linvosges-hotellerie.com\/fr\/la-literie\/couette\/couette-350grs-m%c2%b2-jumelable-revotel\/","title":{"rendered":"Couette 350grs\/m\u00b2 jumelable Revotel"},"content":{"rendered":"<p>Couettes jumelables par 4 boutons pressions sur la longueur<\/p>\n<p>Enveloppe Microfibre emeris\u00e9 &#8211; Garnissage polyester 350grs\/m\u00b2 pour convenir \u00e0 toutes les saisons.<\/p>\n<p>Finition piquage vagues parall\u00e8les et surjet bourdon tout autour<\/p>\n","protected":false},"excerpt":{"rendered":"<p>Lavage en machine \u00e0 40\u00b0<br \/>\nChlore et agents de blanchiment interdit<br \/>\nS\u00e9chage en tambour \u00e0 60\u00b0<br \/>\nRepassage interdit<br \/>\nProduits autoris\u00e9s pour le nettoyage \u00e0 sec : Perchlor\u00e9thyl\u00e8ne, Hydrocarbures<br \/>\n<span class=\"ginetex\"> 8 o s m W <\/span><\/p>\n","protected":false},"featured_media":17397,"template":"","meta":{"_acf_changed":false},"label":[],"product_brand":[],"product_cat":[44,39,873],"product_tag":[],"gamme":[936],"matiere":[787],"class_list":{"0":"post-17394","1":"product","2":"type-product","3":"status-publish","4":"has-post-thumbnail","6":"product_cat-couette","7":"product_cat-la-literie","8":"product_cat-outlet-tout-a-50","9":"pa_couleur-blanc","10":"pa_dimensions-2-x-140-240-cm","11":"pa_grammage-350grs-m","12":"pa_matiere-garnissage-100-fibres-polyester-nappees-enveloppe-polyester-microfibre","13":"gamme-revotel","14":"matiere-polyester","16":"first","17":"outofstock","18":"taxable","19":"shipping-taxable","20":"product-type-variable","21":"has-default-attributes"},"acf":[],"df_price":"","df_sale_price":"","df_regular_price":"","df_image_link":"https:\/\/www.linvosges-hotellerie.com\/wp-content\/uploads\/2023\/09\/COUETTE-REVOTEL-JUMELABLE-300x300.png","_links":{"self":[{"href":"https:\/\/www.linvosges-hotellerie.com\/fr\/wp-json\/wp\/v2\/product\/17394","targetHints":{"allow":["GET"]}}],"collection":[{"href":"https:\/\/www.linvosges-hotellerie.com\/fr\/wp-json\/wp\/v2\/product"}],"about":[{"href":"https:\/\/www.linvosges-hotellerie.com\/fr\/wp-json\/wp\/v2\/types\/product"}],"wp:featuredmedia":[{"embeddable":true,"href":"https:\/\/www.linvosges-hotellerie.com\/fr\/wp-json\/wp\/v2\/media\/17397"}],"wp:attachment":[{"href":"https:\/\/www.linvosges-hotellerie.com\/fr\/wp-json\/wp\/v2\/media?parent=17394"}],"wp:term":[{"taxonomy":"label","embeddable":true,"href":"https:\/\/www.linvosges-hotellerie.com\/fr\/wp-json\/wp\/v2\/label?post=17394"},{"taxonomy":"product_brand","embeddable":true,"href":"https:\/\/www.linvosges-hotellerie.com\/fr\/wp-json\/wp\/v2\/product_brand?post=17394"},{"taxonomy":"product_cat","embeddable":true,"href":"https:\/\/www.linvosges-hotellerie.com\/fr\/wp-json\/wp\/v2\/product_cat?post=17394"},{"taxonomy":"product_tag","embeddable":true,"href":"https:\/\/www.linvosges-hotellerie.com\/fr\/wp-json\/wp\/v2\/product_tag?post=17394"},{"taxonomy":"gamme","embeddable":true,"href":"https:\/\/www.linvosges-hotellerie.com\/fr\/wp-json\/wp\/v2\/gamme?post=17394"},{"taxonomy":"matiere","embeddable":true,"href":"https:\/\/www.linvosges-hotellerie.com\/fr\/wp-json\/wp\/v2\/matiere?post=17394"}],"curies":[{"name":"wp","href":"https:\/\/api.w.org\/{rel}","templated":true}]}}