{"id":17407,"date":"2023-09-22T15:33:43","date_gmt":"2023-09-22T13:33:43","guid":{"rendered":"https:\/\/www.linvosges-hotellerie.fr\/?post_type=product&#038;p=17407"},"modified":"2026-05-15T00:02:17","modified_gmt":"2026-05-14T22:02:17","slug":"alese-coton-enduit-softimper","status":"publish","type":"product","link":"https:\/\/www.linvosges-hotellerie.com\/fr\/la-literie\/alese\/alese-coton-enduit-softimper\/","title":{"rendered":"Al\u00e8se coton enduit Softimper"},"content":{"rendered":"<p>Cette al\u00e8se en \u00e9ponge coton gratt\u00e9 est totalement imperm\u00e9able gr\u00e2ce \u00e0 son enduction polyur\u00e9thane. Cette protection est \u00e9galement respirante et silencieuse pour un excellent confort de sommeil.<\/p>\n<p>Forme housse bonnet de 30\/35 cm, convient pour des matelas jusqu\u2019\u00e0 27cm d\u2019\u00e9paisseur<br \/>\nForme housse bonnet de 35\/40 cm, convient pour des matelas jusqu\u2019\u00e0 32cm d\u2019\u00e9paisseur<\/p>\n<p>Forme plateau<\/p>\n","protected":false},"excerpt":{"rendered":"<p>Lavage en machine \u00e0 60\u00b0<br \/>\nChlore et agents de blanchiment interdit<br \/>\nS\u00e8che linge interdit<br \/>\nRepassage \u00e0 une temp\u00e9rature de 110\u00b0 maximum, sans vapeur<br \/>\nNettoyage \u00e0 sec interdit<br \/>\n<span class=\"ginetex\"> 4 o d n U <\/span><\/p>\n","protected":false},"featured_media":2949,"template":"","meta":{"_acf_changed":false},"label":[],"product_brand":[],"product_cat":[40,713,39,3357],"product_tag":[],"gamme":[338],"matiere":[784,788],"class_list":{"0":"post-17407","1":"product","2":"type-product","3":"status-publish","4":"has-post-thumbnail","6":"product_cat-alese","7":"product_cat-conseil-expert","8":"product_cat-la-literie","9":"product_cat-les-protections-de-lit","10":"pa_couleur-blanc","11":"pa_dimensions-100-200-cm","12":"pa_dimensions-140-190-cm","13":"pa_dimensions-140-200-cm","14":"pa_dimensions-160-200-cm","15":"pa_dimensions-180x200-cm","16":"pa_dimensions-200-200-cm","17":"pa_dimensions-80-190-cm","18":"pa_dimensions-80-200-cm","19":"pa_dimensions-90-190-cm","20":"pa_dimensions-90-200-cm","21":"pa_forme-housse-bonnet-30-35","22":"pa_forme-housse-bonnet-35-40","23":"pa_forme-plateau","24":"pa_grammage-200grs-m","25":"pa_matiere-eponge-grattee-100-coton-avec-enduction-polyurethane","26":"gamme-softimper","27":"matiere-coton","28":"matiere-polyurethane","30":"first","31":"instock","32":"taxable","33":"shipping-taxable","34":"purchasable","35":"product-type-variable","36":"has-default-attributes"},"acf":[],"df_price":15.3,"df_sale_price":"","df_regular_price":15.3,"df_image_link":"https:\/\/www.linvosges-hotellerie.com\/wp-content\/uploads\/2020\/12\/alese-softimper-coton-enduit-200-grs-m2-hotel-professionnel-linvosges-hotellerie-300x300.jpg","_links":{"self":[{"href":"https:\/\/www.linvosges-hotellerie.com\/fr\/wp-json\/wp\/v2\/product\/17407","targetHints":{"allow":["GET"]}}],"collection":[{"href":"https:\/\/www.linvosges-hotellerie.com\/fr\/wp-json\/wp\/v2\/product"}],"about":[{"href":"https:\/\/www.linvosges-hotellerie.com\/fr\/wp-json\/wp\/v2\/types\/product"}],"wp:featuredmedia":[{"embeddable":true,"href":"https:\/\/www.linvosges-hotellerie.com\/fr\/wp-json\/wp\/v2\/media\/2949"}],"wp:attachment":[{"href":"https:\/\/www.linvosges-hotellerie.com\/fr\/wp-json\/wp\/v2\/media?parent=17407"}],"wp:term":[{"taxonomy":"label","embeddable":true,"href":"https:\/\/www.linvosges-hotellerie.com\/fr\/wp-json\/wp\/v2\/label?post=17407"},{"taxonomy":"product_brand","embeddable":true,"href":"https:\/\/www.linvosges-hotellerie.com\/fr\/wp-json\/wp\/v2\/product_brand?post=17407"},{"taxonomy":"product_cat","embeddable":true,"href":"https:\/\/www.linvosges-hotellerie.com\/fr\/wp-json\/wp\/v2\/product_cat?post=17407"},{"taxonomy":"product_tag","embeddable":true,"href":"https:\/\/www.linvosges-hotellerie.com\/fr\/wp-json\/wp\/v2\/product_tag?post=17407"},{"taxonomy":"gamme","embeddable":true,"href":"https:\/\/www.linvosges-hotellerie.com\/fr\/wp-json\/wp\/v2\/gamme?post=17407"},{"taxonomy":"matiere","embeddable":true,"href":"https:\/\/www.linvosges-hotellerie.com\/fr\/wp-json\/wp\/v2\/matiere?post=17407"}],"curies":[{"name":"wp","href":"https:\/\/api.w.org\/{rel}","templated":true}]}}