{"id":17443,"date":"2023-09-22T16:20:36","date_gmt":"2023-09-22T14:20:36","guid":{"rendered":"https:\/\/www.linvosges-hotellerie.fr\/?post_type=product&#038;p=17443"},"modified":"2025-11-13T14:21:01","modified_gmt":"2025-11-13T13:21:01","slug":"drap-housse-jersey","status":"publish","type":"product","link":"https:\/\/www.linvosges-hotellerie.com\/fr\/linge-de-lit\/coton\/drap-housse-jersey\/","title":{"rendered":"Drap housse Jersey"},"content":{"rendered":"<p>Drap housse en jersey pur coton, facile d&#8217;entretien et au repassage superflu.<\/p>\n<p>Bonnet de 35 cm, convient pour des matelas jusqu&#8217;\u00e0 30cm d&#8217;\u00e9paisseur.<\/p>\n","protected":false},"excerpt":{"rendered":"<p>Lavage en machine \u00e0 60\u00b0<br \/>\nBlanchiment interdit<br \/>\nS\u00e9chage en tambour \u00e0 60\u00b0 maximum<br \/>\nRepassage \u00e0 une temp\u00e9rature de 110\u00b0 maximum<br \/>\nProduits autoris\u00e9s pour le nettoyage \u00e0 sec : Perchlor\u00e9thyl\u00e8ne, Hydrocarbures<\/p>\n<p><span class=\"ginetex\"> 4 o s n W <\/span><\/p>\n","protected":false},"featured_media":17457,"template":"","meta":{"_acf_changed":false},"label":[],"product_brand":[],"product_cat":[543,31,3272],"product_tag":[],"gamme":[937],"matiere":[784],"class_list":{"0":"post-17443","1":"product","2":"type-product","3":"status-publish","4":"has-post-thumbnail","6":"product_cat-coton","7":"product_cat-linge-de-lit","8":"product_cat-repassage-superflu","9":"pa_couleur-blanc","10":"pa_dimensions-140-190-cm","11":"pa_dimensions-140-200-cm","12":"pa_dimensions-160-200-cm","13":"pa_dimensions-180x200-cm","14":"pa_dimensions-200-200-cm","15":"pa_dimensions-90-190-cm","16":"pa_dimensions-90-200-cm","17":"pa_forme-housse-bonnet-35cm","18":"pa_matiere-100-coton","19":"gamme-jersey","20":"matiere-coton","22":"first","23":"instock","24":"taxable","25":"shipping-taxable","26":"purchasable","27":"product-type-variable","28":"has-default-attributes"},"acf":[],"df_price":11.8,"df_sale_price":"","df_regular_price":11.8,"df_image_link":"https:\/\/www.linvosges-hotellerie.com\/wp-content\/uploads\/2023\/09\/DRAP-HOUSSE_JERSEY_BLANC-1-300x300.png","_links":{"self":[{"href":"https:\/\/www.linvosges-hotellerie.com\/fr\/wp-json\/wp\/v2\/product\/17443","targetHints":{"allow":["GET"]}}],"collection":[{"href":"https:\/\/www.linvosges-hotellerie.com\/fr\/wp-json\/wp\/v2\/product"}],"about":[{"href":"https:\/\/www.linvosges-hotellerie.com\/fr\/wp-json\/wp\/v2\/types\/product"}],"wp:featuredmedia":[{"embeddable":true,"href":"https:\/\/www.linvosges-hotellerie.com\/fr\/wp-json\/wp\/v2\/media\/17457"}],"wp:attachment":[{"href":"https:\/\/www.linvosges-hotellerie.com\/fr\/wp-json\/wp\/v2\/media?parent=17443"}],"wp:term":[{"taxonomy":"label","embeddable":true,"href":"https:\/\/www.linvosges-hotellerie.com\/fr\/wp-json\/wp\/v2\/label?post=17443"},{"taxonomy":"product_brand","embeddable":true,"href":"https:\/\/www.linvosges-hotellerie.com\/fr\/wp-json\/wp\/v2\/product_brand?post=17443"},{"taxonomy":"product_cat","embeddable":true,"href":"https:\/\/www.linvosges-hotellerie.com\/fr\/wp-json\/wp\/v2\/product_cat?post=17443"},{"taxonomy":"product_tag","embeddable":true,"href":"https:\/\/www.linvosges-hotellerie.com\/fr\/wp-json\/wp\/v2\/product_tag?post=17443"},{"taxonomy":"gamme","embeddable":true,"href":"https:\/\/www.linvosges-hotellerie.com\/fr\/wp-json\/wp\/v2\/gamme?post=17443"},{"taxonomy":"matiere","embeddable":true,"href":"https:\/\/www.linvosges-hotellerie.com\/fr\/wp-json\/wp\/v2\/matiere?post=17443"}],"curies":[{"name":"wp","href":"https:\/\/api.w.org\/{rel}","templated":true}]}}