{"id":18008,"date":"2023-12-06T13:26:24","date_gmt":"2023-12-06T12:26:24","guid":{"rendered":"https:\/\/www.linvosges-hotellerie.fr\/?post_type=product&#038;p=18008"},"modified":"2025-04-23T22:19:50","modified_gmt":"2025-04-23T20:19:50","slug":"housse-de-couette-ecume-cheminee","status":"publish","type":"product","link":"https:\/\/www.linvosges-hotellerie.com\/fr\/outlet-tout-a-50\/housse-de-couette-ecume-cheminee\/","title":{"rendered":"Housse de couette \u00c9cume chemin\u00e9e"},"content":{"rendered":"<p>Housse de couette 1 face seersucker x 1 face percale. Le tissu gaufr\u00e9 apporte une touche d&#8217;originalit\u00e9 tout en sobri\u00e9t\u00e9 \u00e0 cette gamme en percale 200fils\/in\u00b2. Le seersucker r\u00e9sulte d\u2019une technique de tissage dont l\u2019exercice de tensions diff\u00e9rentes permet d\u2019obtenir un tissu \u00e0 la fois lisse en fond et gaufr\u00e9 en surface. Ce relief offre au tissu la particularit\u00e9 d\u2019\u00eatre respirant et l\u00e9ger, d\u2019o\u00f9 le nom de notre gamme Ecume. Autre atout, il ne n\u00e9cessite pas de repassage.<br \/>\nMati\u00e8re noble par excellence, la fibre de coton est naturellement confortable et r\u00e9sistante.<\/p>\n<p>Finition forme chemin\u00e9e + passe-mains<\/p>\n","protected":false},"excerpt":{"rendered":"<p>Lavage en machine \u00e0 60\u00b0<br \/>\nChlore et agents de blanchiment interdit<br \/>\nS\u00e9chage en tambour \u00e0 60\u00b0<br \/>\nRepassage \u00e0 une temp\u00e9rature de 150\u00b0 maximum<br \/>\nNettoyage \u00e0 sec interdit<\/p>\n<p><span class=\"ginetex\"> 4 o s b U <\/span><\/p>\n","protected":false},"featured_media":4658,"template":"","meta":{"_acf_changed":false},"label":[],"product_brand":[],"product_cat":[873],"product_tag":[],"gamme":[549],"matiere":[784],"class_list":{"0":"post-18008","1":"product","2":"type-product","3":"status-publish","4":"has-post-thumbnail","6":"product_cat-outlet-tout-a-50","7":"pa_couleur-blanc","8":"pa_dimensions-280-240-cm","9":"pa_grammage-120grs-m","10":"pa_matiere-100-coton","11":"gamme-ecume","12":"matiere-coton","14":"first","15":"outofstock","16":"taxable","17":"shipping-taxable","18":"product-type-variable","19":"has-default-attributes"},"acf":[],"df_price":"","df_sale_price":"","df_regular_price":"","df_image_link":"https:\/\/www.linvosges-hotellerie.com\/wp-content\/uploads\/2020\/12\/ligne-de-lit-percale-seersucker-ecume-coton-120-grs-m2-hotel-professionnel-linvosges-hotellerie-4-300x300.jpg","_links":{"self":[{"href":"https:\/\/www.linvosges-hotellerie.com\/fr\/wp-json\/wp\/v2\/product\/18008","targetHints":{"allow":["GET"]}}],"collection":[{"href":"https:\/\/www.linvosges-hotellerie.com\/fr\/wp-json\/wp\/v2\/product"}],"about":[{"href":"https:\/\/www.linvosges-hotellerie.com\/fr\/wp-json\/wp\/v2\/types\/product"}],"wp:featuredmedia":[{"embeddable":true,"href":"https:\/\/www.linvosges-hotellerie.com\/fr\/wp-json\/wp\/v2\/media\/4658"}],"wp:attachment":[{"href":"https:\/\/www.linvosges-hotellerie.com\/fr\/wp-json\/wp\/v2\/media?parent=18008"}],"wp:term":[{"taxonomy":"label","embeddable":true,"href":"https:\/\/www.linvosges-hotellerie.com\/fr\/wp-json\/wp\/v2\/label?post=18008"},{"taxonomy":"product_brand","embeddable":true,"href":"https:\/\/www.linvosges-hotellerie.com\/fr\/wp-json\/wp\/v2\/product_brand?post=18008"},{"taxonomy":"product_cat","embeddable":true,"href":"https:\/\/www.linvosges-hotellerie.com\/fr\/wp-json\/wp\/v2\/product_cat?post=18008"},{"taxonomy":"product_tag","embeddable":true,"href":"https:\/\/www.linvosges-hotellerie.com\/fr\/wp-json\/wp\/v2\/product_tag?post=18008"},{"taxonomy":"gamme","embeddable":true,"href":"https:\/\/www.linvosges-hotellerie.com\/fr\/wp-json\/wp\/v2\/gamme?post=18008"},{"taxonomy":"matiere","embeddable":true,"href":"https:\/\/www.linvosges-hotellerie.com\/fr\/wp-json\/wp\/v2\/matiere?post=18008"}],"curies":[{"name":"wp","href":"https:\/\/api.w.org\/{rel}","templated":true}]}}