{"id":18026,"date":"2024-01-29T10:51:45","date_gmt":"2024-01-29T09:51:45","guid":{"rendered":"https:\/\/www.linvosges-hotellerie.fr\/?post_type=product&#038;p=18026"},"modified":"2025-07-11T14:23:51","modified_gmt":"2025-07-11T12:23:51","slug":"matelas-pompadour","status":"publish","type":"product","link":"https:\/\/www.linvosges-hotellerie.com\/fr\/la-literie\/matelas\/matelas-pompadour\/","title":{"rendered":"Matelas Pompadour"},"content":{"rendered":"<p>Le matelas Pompadour offre un confort digne d\u2019un h\u00f4tel 4 \u00e9toiles. La mousse \u00e0 m\u00e9moire de forme qui le compose convient \u00e0 toutes les morphologies pour un sommeil totalement r\u00e9parateur. De plus, celle-ci r\u00e9duit consid\u00e9rablement la charge des points d\u2019appui du corps en \u00e9pousant toutes ses courbes. Le noyau du matelas en mousse ferme Haute Densit\u00e9 assure un excellent soutien du corps et de la colonne vert\u00e9brale. Pour finir, son ind\u00e9pendance de couchage garantit une r\u00e9duction des r\u00e9veils nocturnes pour faciliter la r\u00e9cup\u00e9ration durant le sommeil. Vos h\u00f4tes sont assur\u00e9s de b\u00e9n\u00e9ficier d\u2019un bien-\u00eatre optimal !<\/p>\n<p><strong>POINTS FORTS :<\/strong><\/p>\n<ul>\n<li><strong>Ergonomie :<\/strong>La mousse \u00e0 m\u00e9moire de forme s\u2019adapte \u00e0 chaque morphologie, permettant une meilleure circulation sanguine ainsi qu&#8217;une r\u00e9duction des douleurs dorsales et articulaires.<\/li>\n<li><strong>Ind\u00e9pendance de couchage :<\/strong>La mousse \u00e0 m\u00e9moire de formes \u00e9vite toute transmission de mouvement, vous garantissant un sommeil moins perturb\u00e9 et donc plus r\u00e9parateur.<\/li>\n<li><strong>Confort \u00e9quilibr\u00e9 :<\/strong>Le matelas, avec son accueil moelleux en surface et son soutien ferme en profondeur, est parfait pour ceux qui recherchent un matelas ni trop souple, ni trop ferme.<\/li>\n<li><strong>A\u00e9ration optimis\u00e9e :<\/strong>Le matelas dispose d\u2019une tr\u00e8s bonne a\u00e9ration, gage d&#8217;une meilleure hygi\u00e8ne et dur\u00e9e de vie de votre literie.<\/li>\n<\/ul>\n<p><strong>CARACTERISTIQUES :<\/strong><\/p>\n<ul>\n<li><strong>Epaisseur du matelas :<\/strong>\u00a024 cm<\/li>\n<li><strong>Technologie :<\/strong>\u00a0M\u00e9moire de forme<\/li>\n<li><strong>Accueil :<\/strong>\u00a0Moelleux<\/li>\n<li><strong>Soutien :<\/strong>\u00a0Ferme<\/li>\n<li><strong>Ind\u00e9pendance de couchage :<\/strong>\u00a0Excellente<\/li>\n<li><strong>A\u00e9ration :<\/strong>\u00a0Tr\u00e8s bonne<\/li>\n<li><strong>D\u00e9houssable\u00a0:<\/strong> Oui<\/li>\n<li><strong>Conditionnement\u00a0:<\/strong> Compress\u00e9 roul\u00e9<\/li>\n<li><strong>Garantie :<\/strong>\u00a010 ans<\/li>\n<\/ul>\n","protected":false},"excerpt":{"rendered":"<p><strong>COMPOSITION :<\/strong><\/p>\n<ul>\n<li><strong>\u00c2me int\u00e9rieure du matelas :<\/strong>\u00a018 cm de mousse Haute Densit\u00e9 de 40 kg\/m\u00b3 + 4 cm de mousse \u00e0 m\u00e9moire de forme de 50 kg\/m\u00b3<\/li>\n<li><strong>Coutil :<\/strong>\n<ul>\n<li>Tissu stretch de 500 gr\/m\u00b2 + broderie centrale \u00ab\u00a0la ling\u00e8re\u00a0\u00bb<\/li>\n<li>Galon blanc<\/li>\n<li>Coutil anti d\u00e9rapant sur la face inf\u00e9rieure<\/li>\n<\/ul>\n<\/li>\n<\/ul>\n<p><strong>ENTRETIEN : <\/strong>Lavage \u00e0 sec<\/p>\n","protected":false},"featured_media":63202,"template":"","meta":{"_acf_changed":false},"label":[],"product_brand":[],"product_cat":[39,974],"product_tag":[],"gamme":[977],"matiere":[],"class_list":{"0":"post-18026","1":"product","2":"type-product","3":"status-publish","4":"has-post-thumbnail","6":"product_cat-la-literie","7":"product_cat-matelas","8":"pa_dimensions-140-190-cm","9":"pa_dimensions-140-200-cm","10":"pa_dimensions-160-200-cm","11":"pa_dimensions-180x200-cm","12":"pa_dimensions-90-190-cm","13":"pa_dimensions-90-200-cm","14":"pa_matiere-mousse-a-memoire-de-forme","15":"gamme-pompadour","17":"first","18":"instock","19":"taxable","20":"shipping-taxable","21":"purchasable","22":"product-type-variable"},"acf":[],"df_price":"","df_sale_price":"","df_regular_price":"","df_image_link":"https:\/\/www.linvosges-hotellerie.com\/wp-content\/uploads\/2024\/01\/MATELAS-POMPADOUR-300x300.png","_links":{"self":[{"href":"https:\/\/www.linvosges-hotellerie.com\/fr\/wp-json\/wp\/v2\/product\/18026","targetHints":{"allow":["GET"]}}],"collection":[{"href":"https:\/\/www.linvosges-hotellerie.com\/fr\/wp-json\/wp\/v2\/product"}],"about":[{"href":"https:\/\/www.linvosges-hotellerie.com\/fr\/wp-json\/wp\/v2\/types\/product"}],"wp:featuredmedia":[{"embeddable":true,"href":"https:\/\/www.linvosges-hotellerie.com\/fr\/wp-json\/wp\/v2\/media\/63202"}],"wp:attachment":[{"href":"https:\/\/www.linvosges-hotellerie.com\/fr\/wp-json\/wp\/v2\/media?parent=18026"}],"wp:term":[{"taxonomy":"label","embeddable":true,"href":"https:\/\/www.linvosges-hotellerie.com\/fr\/wp-json\/wp\/v2\/label?post=18026"},{"taxonomy":"product_brand","embeddable":true,"href":"https:\/\/www.linvosges-hotellerie.com\/fr\/wp-json\/wp\/v2\/product_brand?post=18026"},{"taxonomy":"product_cat","embeddable":true,"href":"https:\/\/www.linvosges-hotellerie.com\/fr\/wp-json\/wp\/v2\/product_cat?post=18026"},{"taxonomy":"product_tag","embeddable":true,"href":"https:\/\/www.linvosges-hotellerie.com\/fr\/wp-json\/wp\/v2\/product_tag?post=18026"},{"taxonomy":"gamme","embeddable":true,"href":"https:\/\/www.linvosges-hotellerie.com\/fr\/wp-json\/wp\/v2\/gamme?post=18026"},{"taxonomy":"matiere","embeddable":true,"href":"https:\/\/www.linvosges-hotellerie.com\/fr\/wp-json\/wp\/v2\/matiere?post=18026"}],"curies":[{"name":"wp","href":"https:\/\/api.w.org\/{rel}","templated":true}]}}