{"id":18033,"date":"2023-12-07T13:21:31","date_gmt":"2023-12-07T12:21:31","guid":{"rendered":"https:\/\/www.linvosges-hotellerie.fr\/?post_type=product&#038;p=18033"},"modified":"2025-07-04T17:21:23","modified_gmt":"2025-07-04T15:21:23","slug":"matelas-marquise","status":"publish","type":"product","link":"https:\/\/www.linvosges-hotellerie.com\/fr\/la-literie\/matelas\/matelas-marquise\/","title":{"rendered":"Matelas Marquise"},"content":{"rendered":"<p>Con\u00e7u pour procurer un confort et un bien-\u00eatre de couchage digne d\u2019un h\u00f4tel 5 \u00e9toiles, le matelas Marquise offrira un sommeil exceptionnel \u00e0 vos h\u00f4tes. Sa composition faite de nombreux ressorts ensach\u00e9s et d\u2019une g\u00e9n\u00e9reuse couche de mousse \u00e0 m\u00e9moire de forme, permet d\u2019obtenir un confort ergonomique \u00e9liminant les douleurs dorsales et articulaires. Autre atout, il absorbe chaque mouvement pour des nuits paisibles et r\u00e9paratrices. Enfin, sa plate-bande piqu\u00e9e et son plateau matelass\u00e9 lui conf\u00e8rent une esth\u00e9tique haut de gamme digne des plus grands h\u00f4tels.<\/p>\n<p><strong>POINTS FORTS :<\/strong><\/p>\n<ul>\n<li><strong>Ergonomie :<\/strong> La mousse \u00e0 m\u00e9moire de forme s\u2019adapte \u00e0 votre morphologie, permettant une meilleure circulation sanguine ainsi qu\u2019une r\u00e9duction des douleurs dorsales et articulaires.<\/li>\n<li><strong>Tr\u00e8s bonne ind\u00e9pendance de couchage :<\/strong> La mousse \u00e0 m\u00e9moire de forme permet d\u2019\u00e9viter toute transmission de mouvement, vous garantissant un sommeil plus paisible.<\/li>\n<li><strong>Soutien :<\/strong> Les ressorts ensach\u00e9s assurent une suspension optimale du corps.<\/li>\n<li><strong>Hygi\u00e8ne :<\/strong> Les ressorts ensach\u00e9s procurent au matelas une excellente a\u00e9ration, gage d\u2019une literie plus saine au quotidien et dans le temps.<\/li>\n<li><strong>Manipulation facilit\u00e9e<\/strong> gr\u00e2ce aux 4 poign\u00e9es int\u00e9gr\u00e9es (2 de chaque c\u00f4t\u00e9 du matelas)<\/li>\n<\/ul>\n<p><strong>CARACTERISTIQUES :<\/strong><\/p>\n<ul>\n<li><strong>Epaisseur du matelas :<\/strong> 28 cm<\/li>\n<li><strong>Technologie :<\/strong> Ressorts ensach\u00e9s &amp; m\u00e9moire de forme<\/li>\n<li><strong>Accueil : <\/strong>Progressif<\/li>\n<li><strong>Soutien :<\/strong> Ferme<\/li>\n<li><strong>Ind\u00e9pendance de couchage :<\/strong> Tr\u00e8s bonne<\/li>\n<li><strong>A\u00e9ration :<\/strong> Excellente<\/li>\n<li><strong>D\u00e9houssable :<\/strong> Oui<\/li>\n<li><strong>Conditionnement :<\/strong> Compress\u00e9 roul\u00e9<\/li>\n<li><strong>Garantie :<\/strong> 10 ans<\/li>\n<\/ul>\n","protected":false},"excerpt":{"rendered":"<p><strong>COMPOSITION :<\/strong><\/p>\n<ul>\n<li><strong>\u00c2me int\u00e9rieure du matelas :<\/strong> 18 cm de ressorts ensach\u00e9s, soit 850 ressorts ensach\u00e9s (sur la base d\u2019un matelas de 160&#215;200 cm) + 2 cm de mousse visco\u00e9lastique \u00e0 m\u00e9moire de forme d\u2019une densit\u00e9 de 50kg\/m3 + 6 cm de mousse de contact<\/li>\n<li><strong>Coutil :<\/strong>\n<ul>\n<li>Tissu stretch de 500 gr\/m\u00b2 + broderie centrale \u00ab\u00a0la ling\u00e8re\u00a0\u00bb<\/li>\n<li>Passepoil blanc sur la plate-bande + Velours blanc + galon<\/li>\n<li>Effet topper<\/li>\n<li>Poign\u00e9es verticales blanche sur les c\u00f4t\u00e9s<\/li>\n<li>Coutil anti d\u00e9rapant sur la face inf\u00e9rieure<\/li>\n<\/ul>\n<\/li>\n<\/ul>\n<p><strong>ENTRETIEN : <\/strong>Lavage \u00e0 sec<\/p>\n","protected":false},"featured_media":63226,"template":"","meta":{"_acf_changed":false},"label":[],"product_brand":[],"product_cat":[39,974],"product_tag":[],"gamme":[978],"matiere":[],"class_list":{"0":"post-18033","1":"product","2":"type-product","3":"status-publish","4":"has-post-thumbnail","6":"product_cat-la-literie","7":"product_cat-matelas","8":"pa_dimensions-140-190-cm","9":"pa_dimensions-140-200-cm","10":"pa_dimensions-160-200-cm","11":"pa_dimensions-180x200-cm","12":"pa_dimensions-90-190-cm","13":"pa_dimensions-90-200-cm","14":"pa_matiere-ressorts-ensaches-et-mousse-a-memoire-de-forme","15":"gamme-marquise","17":"first","18":"instock","19":"taxable","20":"shipping-taxable","21":"purchasable","22":"product-type-variable"},"acf":[],"df_price":"","df_sale_price":"","df_regular_price":"","df_image_link":"https:\/\/www.linvosges-hotellerie.com\/wp-content\/uploads\/2023\/12\/MATELAS-MARQUISE-1-300x300.jpg","_links":{"self":[{"href":"https:\/\/www.linvosges-hotellerie.com\/fr\/wp-json\/wp\/v2\/product\/18033","targetHints":{"allow":["GET"]}}],"collection":[{"href":"https:\/\/www.linvosges-hotellerie.com\/fr\/wp-json\/wp\/v2\/product"}],"about":[{"href":"https:\/\/www.linvosges-hotellerie.com\/fr\/wp-json\/wp\/v2\/types\/product"}],"wp:featuredmedia":[{"embeddable":true,"href":"https:\/\/www.linvosges-hotellerie.com\/fr\/wp-json\/wp\/v2\/media\/63226"}],"wp:attachment":[{"href":"https:\/\/www.linvosges-hotellerie.com\/fr\/wp-json\/wp\/v2\/media?parent=18033"}],"wp:term":[{"taxonomy":"label","embeddable":true,"href":"https:\/\/www.linvosges-hotellerie.com\/fr\/wp-json\/wp\/v2\/label?post=18033"},{"taxonomy":"product_brand","embeddable":true,"href":"https:\/\/www.linvosges-hotellerie.com\/fr\/wp-json\/wp\/v2\/product_brand?post=18033"},{"taxonomy":"product_cat","embeddable":true,"href":"https:\/\/www.linvosges-hotellerie.com\/fr\/wp-json\/wp\/v2\/product_cat?post=18033"},{"taxonomy":"product_tag","embeddable":true,"href":"https:\/\/www.linvosges-hotellerie.com\/fr\/wp-json\/wp\/v2\/product_tag?post=18033"},{"taxonomy":"gamme","embeddable":true,"href":"https:\/\/www.linvosges-hotellerie.com\/fr\/wp-json\/wp\/v2\/gamme?post=18033"},{"taxonomy":"matiere","embeddable":true,"href":"https:\/\/www.linvosges-hotellerie.com\/fr\/wp-json\/wp\/v2\/matiere?post=18033"}],"curies":[{"name":"wp","href":"https:\/\/api.w.org\/{rel}","templated":true}]}}