{"id":18040,"date":"2023-12-07T14:06:34","date_gmt":"2023-12-07T13:06:34","guid":{"rendered":"https:\/\/www.linvosges-hotellerie.fr\/?post_type=product&#038;p=18040"},"modified":"2025-07-04T17:15:07","modified_gmt":"2025-07-04T15:15:07","slug":"matelas-opera","status":"publish","type":"product","link":"https:\/\/www.linvosges-hotellerie.com\/fr\/la-literie\/matelas\/matelas-opera\/","title":{"rendered":"Matelas Op\u00e9ra"},"content":{"rendered":"<p>Le matelas Op\u00e9ra combine trois technologies diff\u00e9rentes pour un couchage de qualit\u00e9 h\u00f4teli\u00e8re 5 \u00e9toiles. Tout d\u2019abord les ressorts ensach\u00e9s, qui travaillent ind\u00e9pendamment et garantissent ainsi ergonomie, parfait maintien de la colonne vert\u00e9brale, et excellente ind\u00e9pendance de couchage. Ensuite, le latex naturel qui se r\u00e9v\u00e8le \u00eatre la technologie la plus efficace en terme de thermor\u00e9gulation et de r\u00e9duction des risques d\u2019allergies par son c\u00f4t\u00e9 100% naturel. Enfin, la mousse Haute Densit\u00e9, qui apporte de la douceur au coucher. Avec une \u00e9paisseur de 30 cm, ce matelas est id\u00e9al pour les h\u00f4teliers soucieux de l\u2019environnement et \u00e0 la recherche d\u2019un sommeil de qualit\u00e9 premium pour leurs h\u00f4tes.<\/p>\n<p><strong>POINTS FORTS :<\/strong><\/p>\n<ul>\n<li><strong>Confort :<\/strong> Ni trop souple, ni trop ferme, le latex et la mousse en surface offrent un \u00e9quilibre parfait.<\/li>\n<li><strong>Ergonomie et soutien :<\/strong> Les ressorts ensach\u00e9s s\u2019adaptent \u00e0 chaque morphologie tout en assurant une suspension optimale du corps, permettant une r\u00e9duction des douleurs dorsales et articulaires.<\/li>\n<li><strong>Ind\u00e9pendance de couchage :<\/strong> Les ressorts ensach\u00e9s permettent d\u2019\u00e9viter toute transmission de mouvement, vous garantissant un sommeil plus paisible.<\/li>\n<li><strong>Hygi\u00e8ne : <\/strong>Les ressorts ensach\u00e9s et le latex naturel procurent au matelas une excellente a\u00e9ration, gage d\u2019une literie plus saine au quotidien et dans le temps.<\/li>\n<li><strong>Long\u00e9vit\u00e9 :<\/strong> La structure en acier des ressorts ensach\u00e9s reste une des plus r\u00e9sistantes dans le temps, assurant \u00e0 votre matelas une meilleure dur\u00e9e de vie.<\/li>\n<li><strong>Composition saine :<\/strong> Le matelas est compos\u00e9 de mati\u00e8res naturelles sans danger pour la sant\u00e9 et respectueuses de l\u2019environnement.<\/li>\n<li><strong>Manipulation facilit\u00e9e<\/strong> gr\u00e2ce aux 6 poign\u00e9es int\u00e9gr\u00e9es (2 de chaque c\u00f4t\u00e9 du matelas + 2 face avant).<\/li>\n<\/ul>\n<p><strong>CARACTERISTIQUES :<\/strong><\/p>\n<ul>\n<li><strong>Epaisseur du matelas : <\/strong>30 cm<\/li>\n<li><strong>Technologie : <\/strong>Ressorts ensach\u00e9s<\/li>\n<li><strong>Accueil : <\/strong>Progressif<\/li>\n<li><strong>Soutien : <\/strong>Ferme<\/li>\n<li><strong>Ind\u00e9pendance de couchage : <\/strong>Excellente<\/li>\n<li><strong>A\u00e9ration : <\/strong>Excellente<\/li>\n<li><strong>D\u00e9houssable :<\/strong> Oui<\/li>\n<li><strong>Conditionnement :<\/strong> Roul\u00e9<\/li>\n<li><strong>Garantie : <\/strong>10 ans<\/li>\n<\/ul>\n<p>&nbsp;<\/p>\n","protected":false},"excerpt":{"rendered":"<p><strong>COMPOSITION :<\/strong><\/p>\n<ul>\n<li><strong>\u00c2me int\u00e9rieure du matelas : <\/strong>18 cm de ressorts ensach\u00e9s (850 sur la base d\u2019un matelas de largeur 160 cm) + 4 cm de latex naturel + 6 cm de mousse haute densit\u00e9<\/li>\n<li><strong>Coutil :<\/strong>\n<ul>\n<li>Tissu stretch de 300 gr\/m\u00b2 + broderie centrale \u00ab\u00a0la ling\u00e8re\u00a0\u00bb<\/li>\n<li>Passepoil blanc sur la plate-bande + galon<\/li>\n<li>Effet topper<\/li>\n<li>Poign\u00e9es verticales blanches sur les c\u00f4t\u00e9s et aux pieds<\/li>\n<li>Coutil anti d\u00e9rapant sur la face inf\u00e9rieure<\/li>\n<\/ul>\n<\/li>\n<\/ul>\n<p><strong>ENTRETIEN : <\/strong>Lavage \u00e0 sec<\/p>\n","protected":false},"featured_media":63196,"template":"","meta":{"_acf_changed":false},"label":[],"product_brand":[],"product_cat":[39,974],"product_tag":[],"gamme":[979],"matiere":[],"class_list":{"0":"post-18040","1":"product","2":"type-product","3":"status-publish","4":"has-post-thumbnail","6":"product_cat-la-literie","7":"product_cat-matelas","8":"pa_dimensions-140-190-cm","9":"pa_dimensions-140-200-cm","10":"pa_dimensions-160-200-cm","11":"pa_dimensions-180x200-cm","12":"pa_dimensions-90-190-cm","13":"pa_dimensions-90-200-cm","14":"pa_matiere-ressorts-ensaches-latex-naturel-bio-et-mousse","15":"gamme-opera","17":"first","18":"instock","19":"taxable","20":"shipping-taxable","21":"purchasable","22":"product-type-variable"},"acf":[],"df_price":"","df_sale_price":"","df_regular_price":"","df_image_link":"https:\/\/www.linvosges-hotellerie.com\/wp-content\/uploads\/2024\/01\/MATELAS-OPERA-300x300.png","_links":{"self":[{"href":"https:\/\/www.linvosges-hotellerie.com\/fr\/wp-json\/wp\/v2\/product\/18040","targetHints":{"allow":["GET"]}}],"collection":[{"href":"https:\/\/www.linvosges-hotellerie.com\/fr\/wp-json\/wp\/v2\/product"}],"about":[{"href":"https:\/\/www.linvosges-hotellerie.com\/fr\/wp-json\/wp\/v2\/types\/product"}],"wp:featuredmedia":[{"embeddable":true,"href":"https:\/\/www.linvosges-hotellerie.com\/fr\/wp-json\/wp\/v2\/media\/63196"}],"wp:attachment":[{"href":"https:\/\/www.linvosges-hotellerie.com\/fr\/wp-json\/wp\/v2\/media?parent=18040"}],"wp:term":[{"taxonomy":"label","embeddable":true,"href":"https:\/\/www.linvosges-hotellerie.com\/fr\/wp-json\/wp\/v2\/label?post=18040"},{"taxonomy":"product_brand","embeddable":true,"href":"https:\/\/www.linvosges-hotellerie.com\/fr\/wp-json\/wp\/v2\/product_brand?post=18040"},{"taxonomy":"product_cat","embeddable":true,"href":"https:\/\/www.linvosges-hotellerie.com\/fr\/wp-json\/wp\/v2\/product_cat?post=18040"},{"taxonomy":"product_tag","embeddable":true,"href":"https:\/\/www.linvosges-hotellerie.com\/fr\/wp-json\/wp\/v2\/product_tag?post=18040"},{"taxonomy":"gamme","embeddable":true,"href":"https:\/\/www.linvosges-hotellerie.com\/fr\/wp-json\/wp\/v2\/gamme?post=18040"},{"taxonomy":"matiere","embeddable":true,"href":"https:\/\/www.linvosges-hotellerie.com\/fr\/wp-json\/wp\/v2\/matiere?post=18040"}],"curies":[{"name":"wp","href":"https:\/\/api.w.org\/{rel}","templated":true}]}}