{"id":18054,"date":"2023-12-07T16:21:10","date_gmt":"2023-12-07T15:21:10","guid":{"rendered":"https:\/\/www.linvosges-hotellerie.fr\/?post_type=product&#038;p=18054"},"modified":"2025-07-11T14:36:20","modified_gmt":"2025-07-11T12:36:20","slug":"matelas-comtesse","status":"publish","type":"product","link":"https:\/\/www.linvosges-hotellerie.com\/fr\/la-literie\/matelas\/matelas-comtesse\/","title":{"rendered":"Matelas Comtesse"},"content":{"rendered":"<p>Le matelas Comtesse, destin\u00e9s aux h\u00f4tels 3 et 4 \u00e9toiles, est compos\u00e9 de ressorts ensach\u00e9s par\u00e9s d\u2019un car\u00e9nage en mousse sur le pourtour. Les courbes du corps sont parfaitement absorb\u00e9es gr\u00e2ce aux ressorts envelopp\u00e9s individuellement. De plus, ceux-ci permettent une circulation naturelle de l\u2019air, r\u00e9gulant ainsi la temp\u00e9rature et le taux d\u2019humidit\u00e9 pour un confort digne des grands h\u00f4tels. Enfin, la belle fermet\u00e9 du matelas garanti un soutien du corps optimal.<\/p>\n<p><strong>POINTS FORTS :<\/strong><\/p>\n<ul>\n<li><strong>Ergonomie :<\/strong> Les ressorts ensach\u00e9s s\u2019adaptent \u00e0 chaque morphologie, permettant une meilleure circulation sanguine ainsi qu\u2019une r\u00e9duction des douleurs dorsales et articulaires<\/li>\n<li><strong>R\u00e9duction des r\u00e9veils nocturnes\u00a0:<\/strong> Les ressorts ensach\u00e9s absorbent les mouvements, vous garantissant un sommeil moins perturb\u00e9 et donc plus r\u00e9parateur<\/li>\n<li><strong>Confort \u00e9quilibr\u00e9 :<\/strong>\u00a0L\u2019accueil \u00e9quilibr\u00e9 et le soutien ferme du matelas assurent un excellent maintien du corps et notamment de la colonne vert\u00e9brale<\/li>\n<li><strong>A\u00e9ration optimis\u00e9e :<\/strong>\u00a0Le matelas dispose d\u2019une tr\u00e8s bonne a\u00e9ration, gage d&#8217;une meilleure hygi\u00e8ne et dur\u00e9e de vie de votre literie<\/li>\n<li><strong>Hygi\u00e8ne :<\/strong>\u00a0Les ressorts ensach\u00e9s conf\u00e8rent au matelas une excellente a\u00e9ration, gage d\u2019une literie plus saine au quotidien et dans le temps<\/li>\n<\/ul>\n<p><strong>CARACTERISTIQUES :<\/strong><\/p>\n<ul>\n<li><strong>Epaisseur du matelas :<\/strong>\u00a024 cm<\/li>\n<li><strong>Technologie :<\/strong>\u00a0Ressorts ensach\u00e9s<\/li>\n<li><strong>Accueil :<\/strong>\u00a0Equilibr\u00e9<\/li>\n<li><strong>Soutien :<\/strong>\u00a0Ferme \u2013 4\/5<\/li>\n<li><strong>Ind\u00e9pendance de couchage :<\/strong>\u00a0Tr\u00e8s bonne<\/li>\n<li><strong>A\u00e9ration :<\/strong>\u00a0Excellente<\/li>\n<li><strong>Fabrication\u00a0:<\/strong> Made in France<\/li>\n<li><strong>D\u00e9houssable\u00a0:<\/strong> Oui<\/li>\n<li><strong>Conditionnement\u00a0:<\/strong> Roul\u00e9 ou \u00e0 plat<\/li>\n<li><strong>Garantie :<\/strong>\u00a010 ans<\/li>\n<\/ul>\n<p>&nbsp;<\/p>\n","protected":false},"excerpt":{"rendered":"<p><strong>COMPOSITION :<\/strong><\/p>\n<ul>\n<li><strong>\u00c2me int\u00e9rieure du matelas :<\/strong> 18 cm de ressorts ensach\u00e9s, soit 850 ressorts ensach\u00e9s (sur la base d\u2019un matelas de 160&#215;200 cm) + 2 cm de mousse poly\u00e9ther d\u2019une densit\u00e9 de 25kg\/m3 au-dessus et en dessous. Carcasse renforc\u00e9e en p\u00e9riph\u00e9rie pour un excellent maintien lors de l\u2019assise et un risque d\u2019affaissement \u00e9radiqu\u00e9.<\/li>\n<\/ul>\n<ul>\n<li><strong>Coutil et garnissage :<\/strong><\/li>\n<\/ul>\n<ul>\n<li>Tissu stretch de 320 gr\/m\u00b2 + broderie centrale \u00ab\u00a0la ling\u00e8re\u00a0\u00bb<\/li>\n<li>Mousse hypersoft 16mm + Fibre polyester silicon\u00e9e 500gr<\/li>\n<li>Galon blanc<\/li>\n<li>Coutil anti d\u00e9rapant sur la face inf\u00e9rieure<\/li>\n<li>4 poign\u00e9es de retournement pour faciliter la manipulation<\/li>\n<li>Etiquette \u00ab Linvosges By Bellecour \u2013 made in France\u00a0\u00bb<\/li>\n<\/ul>\n","protected":false},"featured_media":63214,"template":"","meta":{"_acf_changed":false},"label":[],"product_brand":[],"product_cat":[39,974],"product_tag":[],"gamme":[981],"matiere":[],"class_list":{"0":"post-18054","1":"product","2":"type-product","3":"status-publish","4":"has-post-thumbnail","6":"product_cat-la-literie","7":"product_cat-matelas","8":"pa_dimensions-140-190-cm","9":"pa_dimensions-140-200-cm","10":"pa_dimensions-160-200-cm","11":"pa_dimensions-180x200-cm","12":"pa_dimensions-90-190-cm","13":"pa_dimensions-90-200-cm","14":"gamme-comtesse","16":"first","17":"instock","18":"taxable","19":"shipping-taxable","20":"purchasable","21":"product-type-variable"},"acf":[],"df_price":"","df_sale_price":"","df_regular_price":"","df_image_link":"https:\/\/www.linvosges-hotellerie.com\/wp-content\/uploads\/2023\/12\/MATELAS-COMTESSE-300x300.jpg","_links":{"self":[{"href":"https:\/\/www.linvosges-hotellerie.com\/fr\/wp-json\/wp\/v2\/product\/18054","targetHints":{"allow":["GET"]}}],"collection":[{"href":"https:\/\/www.linvosges-hotellerie.com\/fr\/wp-json\/wp\/v2\/product"}],"about":[{"href":"https:\/\/www.linvosges-hotellerie.com\/fr\/wp-json\/wp\/v2\/types\/product"}],"wp:featuredmedia":[{"embeddable":true,"href":"https:\/\/www.linvosges-hotellerie.com\/fr\/wp-json\/wp\/v2\/media\/63214"}],"wp:attachment":[{"href":"https:\/\/www.linvosges-hotellerie.com\/fr\/wp-json\/wp\/v2\/media?parent=18054"}],"wp:term":[{"taxonomy":"label","embeddable":true,"href":"https:\/\/www.linvosges-hotellerie.com\/fr\/wp-json\/wp\/v2\/label?post=18054"},{"taxonomy":"product_brand","embeddable":true,"href":"https:\/\/www.linvosges-hotellerie.com\/fr\/wp-json\/wp\/v2\/product_brand?post=18054"},{"taxonomy":"product_cat","embeddable":true,"href":"https:\/\/www.linvosges-hotellerie.com\/fr\/wp-json\/wp\/v2\/product_cat?post=18054"},{"taxonomy":"product_tag","embeddable":true,"href":"https:\/\/www.linvosges-hotellerie.com\/fr\/wp-json\/wp\/v2\/product_tag?post=18054"},{"taxonomy":"gamme","embeddable":true,"href":"https:\/\/www.linvosges-hotellerie.com\/fr\/wp-json\/wp\/v2\/gamme?post=18054"},{"taxonomy":"matiere","embeddable":true,"href":"https:\/\/www.linvosges-hotellerie.com\/fr\/wp-json\/wp\/v2\/matiere?post=18054"}],"curies":[{"name":"wp","href":"https:\/\/api.w.org\/{rel}","templated":true}]}}