{"id":18071,"date":"2023-12-07T17:03:14","date_gmt":"2023-12-07T16:03:14","guid":{"rendered":"https:\/\/www.linvosges-hotellerie.fr\/?post_type=product&#038;p=18071"},"modified":"2025-07-08T13:42:32","modified_gmt":"2025-07-08T11:42:32","slug":"sommier-baron","status":"publish","type":"product","link":"https:\/\/www.linvosges-hotellerie.com\/fr\/la-literie\/sommier\/sommier-baron\/","title":{"rendered":"Sommier Baron"},"content":{"rendered":"<p>Le sommier tapissier Baron<\/p>\n<p>Lattes et coutil :<\/p>\n<p>Encadrement\u00a0: La caisse en pin d\u2019une hauteur de 13cm est renforc\u00e9e par des masses d\u2019angles en h\u00eatre massif. Pour les couchages doubles, des renforts transversaux et longitudinaux consolident l\u2019ensemble<\/p>\n<p><strong>POINTS FORTS :<\/strong><\/p>\n<ul>\n<li><strong>Confort :<\/strong> ferme<\/li>\n<li><strong>Hygi\u00e8ne : <\/strong>permet une bonne a\u00e9ration du matelas<\/li>\n<li><strong>Long\u00e9vit\u00e9 :<\/strong> bois de qualit\u00e9 et renfort pour les couchages doubles<\/li>\n<li><strong>Finitions soign\u00e9es\u00a0 :<\/strong> le coutil en tissu ou simili au choix s\u2019accorde avec tous types de d\u00e9coration d\u2019int\u00e9rieur<\/li>\n<li><strong>Adaptable<\/strong> <strong>:<\/strong> le sommier est int\u00e9grable dans un cadre de lit<\/li>\n<\/ul>\n<p><strong>CARACTERISTIQUES :<\/strong><\/p>\n<ul>\n<li><strong>Hauteur du sommier : <\/strong>18 cm<\/li>\n<li><strong>Technologie : <\/strong>Lattes passives<\/li>\n<li><strong>Accueil : <\/strong>Progressif<\/li>\n<li><strong>Soutien : <\/strong>Ferme<\/li>\n<li><strong>A\u00e9ration : <\/strong>Bonne<\/li>\n<li><strong>Garantie : <\/strong>5\u00a0ans<\/li>\n<\/ul>\n<p>Attention les pieds sont vendus s\u00e9par\u00e9ment. Retrouvez-les dans la cat\u00e9gorie <a href=\"https:\/\/linvosges.stcrn.fr\/fr\/la-literie\/pied\/\">Pied de lit<\/a><\/p>\n","protected":false},"excerpt":{"rendered":"<p><strong>COMPOSITION :<\/strong><\/p>\n<ul>\n<li>Lattes et coutil :<\/li>\n<li>Encadrement : La caisse en pin d\u2019une hauteur de 18cm est renforc\u00e9e par des masses d\u2019angles en h\u00eatre massif. Pour les couchages doubles, des renforts transversaux et longitudinaux consolident l\u2019ensemble<\/li>\n<\/ul>\n","protected":false},"featured_media":63261,"template":"","meta":{"_acf_changed":false},"label":[],"product_brand":[],"product_cat":[39,975],"product_tag":[],"gamme":[982],"matiere":[],"class_list":{"0":"post-18071","1":"product","2":"type-product","3":"status-publish","4":"has-post-thumbnail","6":"product_cat-la-literie","7":"product_cat-sommier","8":"pa_couleur-anthracite","9":"pa_couleur-beige","10":"pa_couleur-blanc","11":"pa_couleur-cafe","12":"pa_couleur-chocolat","13":"pa_couleur-lin","14":"pa_couleur-noir","15":"pa_dimensions-140-190-cm","16":"pa_dimensions-140-200-cm","17":"pa_dimensions-160-200-cm","18":"pa_dimensions-90-190-cm","19":"pa_dimensions-90-200-cm","20":"pa_matiere-simili","21":"pa_matiere-tissu","22":"gamme-baron","24":"first","25":"instock","26":"taxable","27":"shipping-taxable","28":"purchasable","29":"product-type-variable","30":"has-default-attributes"},"acf":[],"df_price":"","df_sale_price":"","df_regular_price":"","df_image_link":"https:\/\/www.linvosges-hotellerie.com\/wp-content\/uploads\/2023\/12\/Sommier-BARON-300x300.jpg","_links":{"self":[{"href":"https:\/\/www.linvosges-hotellerie.com\/fr\/wp-json\/wp\/v2\/product\/18071","targetHints":{"allow":["GET"]}}],"collection":[{"href":"https:\/\/www.linvosges-hotellerie.com\/fr\/wp-json\/wp\/v2\/product"}],"about":[{"href":"https:\/\/www.linvosges-hotellerie.com\/fr\/wp-json\/wp\/v2\/types\/product"}],"wp:featuredmedia":[{"embeddable":true,"href":"https:\/\/www.linvosges-hotellerie.com\/fr\/wp-json\/wp\/v2\/media\/63261"}],"wp:attachment":[{"href":"https:\/\/www.linvosges-hotellerie.com\/fr\/wp-json\/wp\/v2\/media?parent=18071"}],"wp:term":[{"taxonomy":"label","embeddable":true,"href":"https:\/\/www.linvosges-hotellerie.com\/fr\/wp-json\/wp\/v2\/label?post=18071"},{"taxonomy":"product_brand","embeddable":true,"href":"https:\/\/www.linvosges-hotellerie.com\/fr\/wp-json\/wp\/v2\/product_brand?post=18071"},{"taxonomy":"product_cat","embeddable":true,"href":"https:\/\/www.linvosges-hotellerie.com\/fr\/wp-json\/wp\/v2\/product_cat?post=18071"},{"taxonomy":"product_tag","embeddable":true,"href":"https:\/\/www.linvosges-hotellerie.com\/fr\/wp-json\/wp\/v2\/product_tag?post=18071"},{"taxonomy":"gamme","embeddable":true,"href":"https:\/\/www.linvosges-hotellerie.com\/fr\/wp-json\/wp\/v2\/gamme?post=18071"},{"taxonomy":"matiere","embeddable":true,"href":"https:\/\/www.linvosges-hotellerie.com\/fr\/wp-json\/wp\/v2\/matiere?post=18071"}],"curies":[{"name":"wp","href":"https:\/\/api.w.org\/{rel}","templated":true}]}}