{"id":2116,"date":"2020-11-27T05:31:19","date_gmt":"2020-11-27T04:31:19","guid":{"rendered":"https:\/\/www.linvosges-hotellerie.fr\/boutique\/non%20class\u00e9\/torchon-gaufrex-nid-dabeille\/"},"modified":"2026-04-10T09:12:35","modified_gmt":"2026-04-10T07:12:35","slug":"torchon-gaufrex-nid-dabeille","status":"publish","type":"product","link":"https:\/\/www.linvosges-hotellerie.com\/fr\/la-table\/office\/torchon-gaufrex-nid-dabeille\/","title":{"rendered":"Torchon Gaufrex nid d&#8217;abeille"},"content":{"rendered":"<p>Une confection en fils retors pour un excellent pouvoir d&#8217;absorption.Tr\u00e8s efficace pour s\u00e9cher casseroles et vaisselle. Tr\u00e8s r\u00e9sistant<\/p>\n","protected":false},"excerpt":{"rendered":"<p>Lavage en machine \u00e0 60\u00b0<br \/>\nChlore et agents de blanchiment interdit<br \/>\nS\u00e9chage en tambour \u00e0 60\u00b0<br \/>\nRepassage \u00e0 une temp\u00e9rature de 150\u00b0 maximum<br \/>\nNettoyage \u00e0 sec interdit<br \/>\n<span class=\"ginetex\"> 4 o s b U <\/span><\/p>\n","protected":false},"featured_media":2941,"template":"","meta":{"_acf_changed":false},"label":[],"product_brand":[],"product_cat":[697,138,854],"product_tag":[],"gamme":[324],"matiere":[784],"class_list":{"0":"post-2116","1":"product","2":"type-product","3":"status-publish","4":"has-post-thumbnail","6":"product_cat-la-table","7":"product_cat-office","8":"product_cat-torchon","9":"pa_couleur-blanc-bleu-canard","10":"pa_couleur-blanc-gris","11":"pa_couleur-blanc-jaune","12":"pa_couleur-bleu-canard","13":"pa_couleur-gris","14":"pa_couleur-jaune","15":"pa_dimensions-50-70-cm","16":"pa_grammage-195grs-m","17":"pa_matiere-100-coton-2","18":"gamme-gaufrex","19":"matiere-coton","21":"first","22":"instock","23":"taxable","24":"shipping-taxable","25":"purchasable","26":"product-type-variable","27":"has-default-attributes"},"acf":[],"df_price":5.79,"df_sale_price":"","df_regular_price":5.79,"df_image_link":"https:\/\/www.linvosges-hotellerie.com\/wp-content\/uploads\/2020\/12\/torchon-cuisine-gaufrex-nid-abeille-bleu-canard-195-grs-m2-professionnel-restaurant-linvosges-hotellerie-1-300x300.jpg","_links":{"self":[{"href":"https:\/\/www.linvosges-hotellerie.com\/fr\/wp-json\/wp\/v2\/product\/2116","targetHints":{"allow":["GET"]}}],"collection":[{"href":"https:\/\/www.linvosges-hotellerie.com\/fr\/wp-json\/wp\/v2\/product"}],"about":[{"href":"https:\/\/www.linvosges-hotellerie.com\/fr\/wp-json\/wp\/v2\/types\/product"}],"wp:featuredmedia":[{"embeddable":true,"href":"https:\/\/www.linvosges-hotellerie.com\/fr\/wp-json\/wp\/v2\/media\/2941"}],"wp:attachment":[{"href":"https:\/\/www.linvosges-hotellerie.com\/fr\/wp-json\/wp\/v2\/media?parent=2116"}],"wp:term":[{"taxonomy":"label","embeddable":true,"href":"https:\/\/www.linvosges-hotellerie.com\/fr\/wp-json\/wp\/v2\/label?post=2116"},{"taxonomy":"product_brand","embeddable":true,"href":"https:\/\/www.linvosges-hotellerie.com\/fr\/wp-json\/wp\/v2\/product_brand?post=2116"},{"taxonomy":"product_cat","embeddable":true,"href":"https:\/\/www.linvosges-hotellerie.com\/fr\/wp-json\/wp\/v2\/product_cat?post=2116"},{"taxonomy":"product_tag","embeddable":true,"href":"https:\/\/www.linvosges-hotellerie.com\/fr\/wp-json\/wp\/v2\/product_tag?post=2116"},{"taxonomy":"gamme","embeddable":true,"href":"https:\/\/www.linvosges-hotellerie.com\/fr\/wp-json\/wp\/v2\/gamme?post=2116"},{"taxonomy":"matiere","embeddable":true,"href":"https:\/\/www.linvosges-hotellerie.com\/fr\/wp-json\/wp\/v2\/matiere?post=2116"}],"curies":[{"name":"wp","href":"https:\/\/api.w.org\/{rel}","templated":true}]}}