{"id":2126,"date":"2020-11-27T05:31:20","date_gmt":"2020-11-27T04:31:20","guid":{"rendered":"https:\/\/www.linvosges-hotellerie.fr\/boutique\/non%20class\u00e9\/tablier-a-bavette-seraphin-coton\/"},"modified":"2025-04-23T18:09:54","modified_gmt":"2025-04-23T16:09:54","slug":"tablier-a-bavette-seraphin-coton","status":"publish","type":"product","link":"https:\/\/www.linvosges-hotellerie.com\/fr\/la-table\/office\/tablier-a-bavette-seraphin-coton\/","title":{"rendered":"Tablier \u00e0 bavette S\u00e9raphin coton"},"content":{"rendered":"<p>Tablier de cuisine \u00e0\u00a0 bavette en pur coton \u00e9pais. Prot\u00e8ge des \u00e9claboussures. Se noue \u00e0 la taille par des cordons et s&#8217;adapte \u00e0 la plupart des morphologies<\/p>\n","protected":false},"excerpt":{"rendered":"<p>Lavage en machine \u00e0 60\u00b0<br \/>\nChlore et agents de blanchiment interdit<br \/>\nS\u00e9chage en tambour \u00e0 60\u00b0<br \/>\nRepassage \u00e0 une temp\u00e9rature de 150\u00b0 maximum<br \/>\nNettoyage \u00e0 sec interdit<br \/>\n<span class=\"ginetex\"> 4 o s b U <\/span><\/p>\n","protected":false},"featured_media":2931,"template":"","meta":{"_acf_changed":false},"label":[],"product_brand":[],"product_cat":[697,138,853],"product_tag":[],"gamme":[326],"matiere":[784],"class_list":{"0":"post-2126","1":"product","2":"type-product","3":"status-publish","4":"has-post-thumbnail","6":"product_cat-la-table","7":"product_cat-office","8":"product_cat-tablier","9":"pa_couleur-blanc","10":"pa_couleur-hydro","11":"pa_dimensions-taille-unique","12":"pa_grammage-270grs-m","13":"pa_matiere-100-coton","14":"gamme-seraphin","15":"matiere-coton","17":"first","18":"instock","19":"taxable","20":"shipping-taxable","21":"purchasable","22":"product-type-variable","23":"has-default-attributes"},"acf":[],"df_price":6.98,"df_sale_price":"","df_regular_price":6.98,"df_image_link":"https:\/\/www.linvosges-hotellerie.com\/wp-content\/uploads\/2020\/12\/tablier-cuisine-a-bavette-seraphin-coton-270-grs-m2-professionnel-restaurant-linvosges-hotellerie-300x300.jpg","_links":{"self":[{"href":"https:\/\/www.linvosges-hotellerie.com\/fr\/wp-json\/wp\/v2\/product\/2126","targetHints":{"allow":["GET"]}}],"collection":[{"href":"https:\/\/www.linvosges-hotellerie.com\/fr\/wp-json\/wp\/v2\/product"}],"about":[{"href":"https:\/\/www.linvosges-hotellerie.com\/fr\/wp-json\/wp\/v2\/types\/product"}],"wp:featuredmedia":[{"embeddable":true,"href":"https:\/\/www.linvosges-hotellerie.com\/fr\/wp-json\/wp\/v2\/media\/2931"}],"wp:attachment":[{"href":"https:\/\/www.linvosges-hotellerie.com\/fr\/wp-json\/wp\/v2\/media?parent=2126"}],"wp:term":[{"taxonomy":"label","embeddable":true,"href":"https:\/\/www.linvosges-hotellerie.com\/fr\/wp-json\/wp\/v2\/label?post=2126"},{"taxonomy":"product_brand","embeddable":true,"href":"https:\/\/www.linvosges-hotellerie.com\/fr\/wp-json\/wp\/v2\/product_brand?post=2126"},{"taxonomy":"product_cat","embeddable":true,"href":"https:\/\/www.linvosges-hotellerie.com\/fr\/wp-json\/wp\/v2\/product_cat?post=2126"},{"taxonomy":"product_tag","embeddable":true,"href":"https:\/\/www.linvosges-hotellerie.com\/fr\/wp-json\/wp\/v2\/product_tag?post=2126"},{"taxonomy":"gamme","embeddable":true,"href":"https:\/\/www.linvosges-hotellerie.com\/fr\/wp-json\/wp\/v2\/gamme?post=2126"},{"taxonomy":"matiere","embeddable":true,"href":"https:\/\/www.linvosges-hotellerie.com\/fr\/wp-json\/wp\/v2\/matiere?post=2126"}],"curies":[{"name":"wp","href":"https:\/\/api.w.org\/{rel}","templated":true}]}}