{"id":2194,"date":"2020-11-27T12:47:32","date_gmt":"2020-11-27T11:47:32","guid":{"rendered":"https:\/\/www.linvosges-hotellerie.fr\/boutique\/non%20class\u00e9\/oreiller-canard-naturel-confort\/"},"modified":"2026-01-23T09:31:35","modified_gmt":"2026-01-23T08:31:35","slug":"oreiller-canard-naturel-confort","status":"publish","type":"product","link":"https:\/\/www.linvosges-hotellerie.com\/fr\/la-literie\/oreiller-et-traversin\/oreiller-canard-naturel-confort\/","title":{"rendered":"Oreiller canard Naturel Confort"},"content":{"rendered":"<p>Une qualit\u00e9 in\u00e9galable dans la tradition de la literie de luxe. Garnissage en duvet et plumettes de canard neuf. Confort m\u00e9dium pour plaire au plus grand nombre. Finition passepoil satin blanc tout autour<\/p>\n<p><i>Ce produit b\u00e9n\u00e9ficie de la garantie du label Downpass. Ce label permet une tra\u00e7abilit\u00e9 compl\u00e8te de la cha\u00eene de production, vous assurant ainsi que nos articles respectent les normes les plus strictes en termes de qualit\u00e9 et de bien-\u00eatre animal. Ainsi, il vous garantit que les plumes et duvets utilis\u00e9s proviennent de canards \u00e9lev\u00e9s dans des conditions respectueuses de leur bien-\u00eatre, avec une interdiction du plumage des oiseaux vivants En choisissant nos couettes et oreillers certifi\u00e9s Downpass, dormez en tout s\u00e9r\u00e9nit\u00e9.<\/i><\/p>\n","protected":false},"excerpt":{"rendered":"<p>Lavage en machine \u00e0 40\u00b0<br \/>\nChlore et agents de blanchiment interdit<br \/>\nS\u00e8che linge interdit<br \/>\nRepassage interdit<br \/>\nNettoyage \u00e0 sec interdit<br \/>\n<span class=\"ginetex\"> 8 o d m U <\/span><\/p>\n","protected":false},"featured_media":3021,"template":"","meta":{"_acf_changed":false},"label":[],"product_brand":[],"product_cat":[39,3346,43],"product_tag":[],"gamme":[356],"matiere":[784,791,790],"class_list":{"0":"post-2194","1":"product","2":"type-product","3":"status-publish","4":"has-post-thumbnail","6":"product_cat-la-literie","7":"product_cat-les-naturels","8":"product_cat-oreiller-et-traversin","9":"pa_couleur-blanc","10":"pa_dimensions-50-70-cm","11":"pa_dimensions-60-60-cm","12":"pa_dimensions-65-65-cm","13":"pa_grammage-850grs","14":"pa_grammage-900grs","15":"pa_matiere-garnissage-canard-neuf-30-duvet-70-plumettes-enveloppe-serge-100-coton","16":"gamme-naturel-confort","17":"matiere-coton","18":"matiere-duvet","19":"matiere-plumettes","21":"first","22":"instock","23":"taxable","24":"shipping-taxable","25":"purchasable","26":"product-type-variable","27":"has-default-attributes"},"acf":[],"df_price":32.5,"df_sale_price":"","df_regular_price":32.5,"df_image_link":"https:\/\/www.linvosges-hotellerie.com\/wp-content\/uploads\/2020\/12\/oreiller-canard-naturel-confort-hotel-professionnel-linvosges-hotellerie-300x300.jpg","_links":{"self":[{"href":"https:\/\/www.linvosges-hotellerie.com\/fr\/wp-json\/wp\/v2\/product\/2194","targetHints":{"allow":["GET"]}}],"collection":[{"href":"https:\/\/www.linvosges-hotellerie.com\/fr\/wp-json\/wp\/v2\/product"}],"about":[{"href":"https:\/\/www.linvosges-hotellerie.com\/fr\/wp-json\/wp\/v2\/types\/product"}],"wp:featuredmedia":[{"embeddable":true,"href":"https:\/\/www.linvosges-hotellerie.com\/fr\/wp-json\/wp\/v2\/media\/3021"}],"wp:attachment":[{"href":"https:\/\/www.linvosges-hotellerie.com\/fr\/wp-json\/wp\/v2\/media?parent=2194"}],"wp:term":[{"taxonomy":"label","embeddable":true,"href":"https:\/\/www.linvosges-hotellerie.com\/fr\/wp-json\/wp\/v2\/label?post=2194"},{"taxonomy":"product_brand","embeddable":true,"href":"https:\/\/www.linvosges-hotellerie.com\/fr\/wp-json\/wp\/v2\/product_brand?post=2194"},{"taxonomy":"product_cat","embeddable":true,"href":"https:\/\/www.linvosges-hotellerie.com\/fr\/wp-json\/wp\/v2\/product_cat?post=2194"},{"taxonomy":"product_tag","embeddable":true,"href":"https:\/\/www.linvosges-hotellerie.com\/fr\/wp-json\/wp\/v2\/product_tag?post=2194"},{"taxonomy":"gamme","embeddable":true,"href":"https:\/\/www.linvosges-hotellerie.com\/fr\/wp-json\/wp\/v2\/gamme?post=2194"},{"taxonomy":"matiere","embeddable":true,"href":"https:\/\/www.linvosges-hotellerie.com\/fr\/wp-json\/wp\/v2\/matiere?post=2194"}],"curies":[{"name":"wp","href":"https:\/\/api.w.org\/{rel}","templated":true}]}}