{"id":2203,"date":"2020-11-27T12:47:33","date_gmt":"2020-11-27T11:47:33","guid":{"rendered":"https:\/\/www.linvosges-hotellerie.fr\/boutique\/non%20class\u00e9\/oreiller-microconfort-confort-medium\/"},"modified":"2025-04-23T18:10:45","modified_gmt":"2025-04-23T16:10:45","slug":"oreiller-microconfort-confort-medium","status":"publish","type":"product","link":"https:\/\/www.linvosges-hotellerie.com\/fr\/la-literie\/oreiller-et-traversin\/oreiller-microconfort-confort-medium\/","title":{"rendered":"Oreiller Microconfort confort m\u00e9dium"},"content":{"rendered":"<p>Confort du duvet et entretien du synth\u00e9tique, cet oreiller a tout pour plaire. Confort m\u00e9dium. Finition roulott\u00e9e point de bourdon<\/p>\n<p>Eco participation incluse dans le prix<\/p>\n","protected":false},"excerpt":{"rendered":"<p>Lavage en machine \u00e0 40\u00b0<br \/>\nChlore et agents de blanchiment interdit<br \/>\nS\u00e9chage en tambour \u00e0 60\u00b0<br \/>\nRepassage interdit<br \/>\nNettoyage \u00e0 sec interdit<br \/>\n<span class=\"ginetex\"> 8 o s m U <\/span><\/p>\n","protected":false},"featured_media":3023,"template":"","meta":{"_acf_changed":false},"label":[],"product_brand":[],"product_cat":[39,43,714],"product_tag":[],"gamme":[354],"matiere":[784,787],"class_list":{"0":"post-2203","1":"product","2":"type-product","3":"status-publish","4":"has-post-thumbnail","6":"product_cat-la-literie","7":"product_cat-oreiller-et-traversin","8":"product_cat-vous-aimerez","9":"pa_couleur-blanc","10":"pa_dimensions-45-70-cm","11":"pa_dimensions-50-70-cm","12":"pa_dimensions-60-60-cm","13":"pa_dimensions-65-65-cm","14":"pa_grammage-1000grs","15":"pa_grammage-700grs","16":"pa_grammage-800grs","17":"pa_matiere-garnissage-100-fibres-polyester-microfibres-enveloppe-percale-100-coton","18":"gamme-microconfort-medium","19":"matiere-coton","20":"matiere-polyester","22":"first","23":"instock","24":"taxable","25":"shipping-taxable","26":"purchasable","27":"product-type-variable","28":"has-default-attributes"},"acf":[],"df_price":15.91,"df_sale_price":"","df_regular_price":15.91,"df_image_link":"https:\/\/www.linvosges-hotellerie.com\/wp-content\/uploads\/2020\/12\/oreiller-microconfort-confort-medium-hotel-professionnel-linvosges-hotellerie-300x300.jpg","_links":{"self":[{"href":"https:\/\/www.linvosges-hotellerie.com\/fr\/wp-json\/wp\/v2\/product\/2203","targetHints":{"allow":["GET"]}}],"collection":[{"href":"https:\/\/www.linvosges-hotellerie.com\/fr\/wp-json\/wp\/v2\/product"}],"about":[{"href":"https:\/\/www.linvosges-hotellerie.com\/fr\/wp-json\/wp\/v2\/types\/product"}],"wp:featuredmedia":[{"embeddable":true,"href":"https:\/\/www.linvosges-hotellerie.com\/fr\/wp-json\/wp\/v2\/media\/3023"}],"wp:attachment":[{"href":"https:\/\/www.linvosges-hotellerie.com\/fr\/wp-json\/wp\/v2\/media?parent=2203"}],"wp:term":[{"taxonomy":"label","embeddable":true,"href":"https:\/\/www.linvosges-hotellerie.com\/fr\/wp-json\/wp\/v2\/label?post=2203"},{"taxonomy":"product_brand","embeddable":true,"href":"https:\/\/www.linvosges-hotellerie.com\/fr\/wp-json\/wp\/v2\/product_brand?post=2203"},{"taxonomy":"product_cat","embeddable":true,"href":"https:\/\/www.linvosges-hotellerie.com\/fr\/wp-json\/wp\/v2\/product_cat?post=2203"},{"taxonomy":"product_tag","embeddable":true,"href":"https:\/\/www.linvosges-hotellerie.com\/fr\/wp-json\/wp\/v2\/product_tag?post=2203"},{"taxonomy":"gamme","embeddable":true,"href":"https:\/\/www.linvosges-hotellerie.com\/fr\/wp-json\/wp\/v2\/gamme?post=2203"},{"taxonomy":"matiere","embeddable":true,"href":"https:\/\/www.linvosges-hotellerie.com\/fr\/wp-json\/wp\/v2\/matiere?post=2203"}],"curies":[{"name":"wp","href":"https:\/\/api.w.org\/{rel}","templated":true}]}}