{"id":2222,"date":"2020-11-27T12:47:34","date_gmt":"2020-11-27T11:47:34","guid":{"rendered":"https:\/\/www.linvosges-hotellerie.fr\/boutique\/non%20class\u00e9\/oreiller-matelasse-doux-reve\/"},"modified":"2025-04-23T18:12:08","modified_gmt":"2025-04-23T16:12:08","slug":"oreiller-matelasse-doux-reve","status":"publish","type":"product","link":"https:\/\/www.linvosges-hotellerie.com\/fr\/la-literie\/oreiller-et-traversin\/oreiller-matelasse-doux-reve\/","title":{"rendered":"Oreiller matelass\u00e9 Doux R\u00eave"},"content":{"rendered":"<p>Cet oreiller confortable et ing\u00e9nieux est compos\u00e9 d&#8217;un coussin int\u00e9rieur et d&#8217;une enveloppe matelass\u00e9e zipp\u00e9e au toucher peau de p\u00eache. Celle-ci est amovible pour un gain de place et de poids consid\u00e9rables lors du lavage et du s\u00e9chage en machine.<\/p>\n<p>Attention stocks limit\u00e9s<\/p>\n","protected":false},"excerpt":{"rendered":"<p>Lavage en machine \u00e0 60\u00b0<br \/>\nChlore et agents de blanchiment interdit<br \/>\nS\u00e9chage en tambour \u00e0 60\u00b0<br \/>\nRepassage interdit<br \/>\nNettoyage \u00e0 sec interdit<br \/>\n<span class=\"ginetex\"> 4 o s m U <\/span><\/p>\n","protected":false},"featured_media":11336,"template":"","meta":{"_acf_changed":false},"label":[],"product_brand":[],"product_cat":[39,43,873],"product_tag":[],"gamme":[351],"matiere":[787],"class_list":{"0":"post-2222","1":"product","2":"type-product","3":"status-publish","4":"has-post-thumbnail","6":"product_cat-la-literie","7":"product_cat-oreiller-et-traversin","8":"product_cat-outlet-tout-a-50","9":"pa_couleur-blanc","10":"pa_dimensions-50-70-cm","11":"pa_dimensions-60-60-cm","12":"pa_dimensions-65-65-cm","13":"pa_grammage-450grs","14":"pa_grammage-500grs","15":"pa_matiere-enveloppe-zippee-toucher-peau-de-peche-en-microfibre-batiste-100-polyester-matelassage-fibre-100-polyester-125grs-m2-coussin-interieur-garnissage-flocons-100-fibres-polyester","16":"gamme-doux-reve","17":"matiere-polyester","19":"first","20":"outofstock","21":"taxable","22":"shipping-taxable","23":"product-type-variable","24":"has-default-attributes"},"acf":[],"df_price":"","df_sale_price":"","df_regular_price":"","df_image_link":"https:\/\/www.linvosges-hotellerie.com\/wp-content\/uploads\/2021\/01\/oreiller-matelasse-doux-reve-hotel-professionnel-linvosges-hotellerie-300x300.jpg","_links":{"self":[{"href":"https:\/\/www.linvosges-hotellerie.com\/fr\/wp-json\/wp\/v2\/product\/2222","targetHints":{"allow":["GET"]}}],"collection":[{"href":"https:\/\/www.linvosges-hotellerie.com\/fr\/wp-json\/wp\/v2\/product"}],"about":[{"href":"https:\/\/www.linvosges-hotellerie.com\/fr\/wp-json\/wp\/v2\/types\/product"}],"wp:featuredmedia":[{"embeddable":true,"href":"https:\/\/www.linvosges-hotellerie.com\/fr\/wp-json\/wp\/v2\/media\/11336"}],"wp:attachment":[{"href":"https:\/\/www.linvosges-hotellerie.com\/fr\/wp-json\/wp\/v2\/media?parent=2222"}],"wp:term":[{"taxonomy":"label","embeddable":true,"href":"https:\/\/www.linvosges-hotellerie.com\/fr\/wp-json\/wp\/v2\/label?post=2222"},{"taxonomy":"product_brand","embeddable":true,"href":"https:\/\/www.linvosges-hotellerie.com\/fr\/wp-json\/wp\/v2\/product_brand?post=2222"},{"taxonomy":"product_cat","embeddable":true,"href":"https:\/\/www.linvosges-hotellerie.com\/fr\/wp-json\/wp\/v2\/product_cat?post=2222"},{"taxonomy":"product_tag","embeddable":true,"href":"https:\/\/www.linvosges-hotellerie.com\/fr\/wp-json\/wp\/v2\/product_tag?post=2222"},{"taxonomy":"gamme","embeddable":true,"href":"https:\/\/www.linvosges-hotellerie.com\/fr\/wp-json\/wp\/v2\/gamme?post=2222"},{"taxonomy":"matiere","embeddable":true,"href":"https:\/\/www.linvosges-hotellerie.com\/fr\/wp-json\/wp\/v2\/matiere?post=2222"}],"curies":[{"name":"wp","href":"https:\/\/api.w.org\/{rel}","templated":true}]}}