{"id":2242,"date":"2020-11-27T12:47:35","date_gmt":"2020-11-27T11:47:35","guid":{"rendered":"https:\/\/www.linvosges-hotellerie.fr\/boutique\/non%20class\u00e9\/couette-350grs-m2-microconfort-2\/"},"modified":"2026-01-23T09:54:04","modified_gmt":"2026-01-23T08:54:04","slug":"couette-350grs-m2-microconfort-2","status":"publish","type":"product","link":"https:\/\/www.linvosges-hotellerie.com\/fr\/la-literie\/couette\/couette-350grs-m2-microconfort-2\/","title":{"rendered":"Couette 350grs\/m\u00b2 Microconfort 2"},"content":{"rendered":"<p>Des finitions tr\u00e8s soign\u00e9es pour cette couette haut de gamme dont l&#8217;enveloppe est en satin de pur coton sanforis\u00e9. Le garnissage en 350grs\/m\u00b2 est maintenu par un piquage passerelles sur toute la surface avec un bourrelet en encadrement tout autour. Id\u00e9al pour la demi-saison et l&#8217;hiver<\/p>\n<p>Eco participation incluse dans le prix<\/p>\n","protected":false},"excerpt":{"rendered":"<p>Lavage en machine \u00e0 95\u00b0<br \/>\nChlore et agents de blanchiment interdit<br \/>\nS\u00e9chage en tambour \u00e0 60\u00b0<br \/>\nRepassage interdit<br \/>\nNettoyage professionnel autoris\u00e9<br \/>\n<span class=\"ginetex\"> 2 o s m E <\/span><\/p>\n","protected":false},"featured_media":15356,"template":"","meta":{"_acf_changed":false},"label":[],"product_brand":[],"product_cat":[44,39,3347],"product_tag":[],"gamme":[361],"matiere":[784,787],"class_list":{"0":"post-2242","1":"product","2":"type-product","3":"status-publish","4":"has-post-thumbnail","6":"product_cat-couette","7":"product_cat-la-literie","8":"product_cat-les-synthetiques","9":"pa_couleur-blanc","10":"pa_dimensions-140-200-cm","11":"pa_dimensions-160-210-cm","12":"pa_dimensions-240-220-cm","13":"pa_dimensions-260-240-cm","14":"pa_dimensions-280-240-cm","15":"pa_grammage-350grs-m","16":"pa_matiere-garnissage-comfort-fill-100-fibres-polyester-enveloppe-satin-100-coton","17":"gamme-microconfort-2","18":"matiere-coton","19":"matiere-polyester","21":"first","22":"instock","23":"taxable","24":"shipping-taxable","25":"purchasable","26":"product-type-variable","27":"has-default-attributes"},"acf":[],"df_price":51.84,"df_sale_price":"","df_regular_price":51.84,"df_image_link":"https:\/\/www.linvosges-hotellerie.com\/wp-content\/uploads\/2020\/11\/couette-350-grs-m2-microconfort-2-hotel-professionnel-linvosges-hotellerie-1-300x300.jpg","_links":{"self":[{"href":"https:\/\/www.linvosges-hotellerie.com\/fr\/wp-json\/wp\/v2\/product\/2242","targetHints":{"allow":["GET"]}}],"collection":[{"href":"https:\/\/www.linvosges-hotellerie.com\/fr\/wp-json\/wp\/v2\/product"}],"about":[{"href":"https:\/\/www.linvosges-hotellerie.com\/fr\/wp-json\/wp\/v2\/types\/product"}],"wp:featuredmedia":[{"embeddable":true,"href":"https:\/\/www.linvosges-hotellerie.com\/fr\/wp-json\/wp\/v2\/media\/15356"}],"wp:attachment":[{"href":"https:\/\/www.linvosges-hotellerie.com\/fr\/wp-json\/wp\/v2\/media?parent=2242"}],"wp:term":[{"taxonomy":"label","embeddable":true,"href":"https:\/\/www.linvosges-hotellerie.com\/fr\/wp-json\/wp\/v2\/label?post=2242"},{"taxonomy":"product_brand","embeddable":true,"href":"https:\/\/www.linvosges-hotellerie.com\/fr\/wp-json\/wp\/v2\/product_brand?post=2242"},{"taxonomy":"product_cat","embeddable":true,"href":"https:\/\/www.linvosges-hotellerie.com\/fr\/wp-json\/wp\/v2\/product_cat?post=2242"},{"taxonomy":"product_tag","embeddable":true,"href":"https:\/\/www.linvosges-hotellerie.com\/fr\/wp-json\/wp\/v2\/product_tag?post=2242"},{"taxonomy":"gamme","embeddable":true,"href":"https:\/\/www.linvosges-hotellerie.com\/fr\/wp-json\/wp\/v2\/gamme?post=2242"},{"taxonomy":"matiere","embeddable":true,"href":"https:\/\/www.linvosges-hotellerie.com\/fr\/wp-json\/wp\/v2\/matiere?post=2242"}],"curies":[{"name":"wp","href":"https:\/\/api.w.org\/{rel}","templated":true}]}}