{"id":2248,"date":"2020-11-27T12:47:36","date_gmt":"2020-11-27T11:47:36","guid":{"rendered":"https:\/\/www.linvosges-hotellerie.fr\/boutique\/non%20class\u00e9\/couette-hiver-temporel-450grs-m2\/"},"modified":"2026-01-23T09:53:26","modified_gmt":"2026-01-23T08:53:26","slug":"couette-hiver-temporel-450grs-m2","status":"publish","type":"product","link":"https:\/\/www.linvosges-hotellerie.com\/fr\/la-literie\/couette\/couette-hiver-temporel-450grs-m2\/","title":{"rendered":"Couette hiver 450grs\/m\u00b2 Temporel"},"content":{"rendered":"<p>Cette couette chaude et gonflante garnie en 450grs\/m\u00b2 est id\u00e9ale pour dormir dans une chambre dont la temperature est comprise entre 16 et 18\u00b0. Son enveloppe coton est trait\u00e9e anti-retrecissement afin de r\u00e9sister \u00e0 un lavage haute temp\u00e9rature \u00e0 95\u00b0. Son piquage losanges permet un bon maintien du garnissage &#8211; Finition point de bourdon blanc tout autour<\/p>\n<p>Eco participation incluse dans le prix<\/p>\n","protected":false},"excerpt":{"rendered":"<p>Lavage en machine \u00e0 95\u00b0<br \/>\nChlore et agents de blanchiment interdit<br \/>\nS\u00e9chage en tambour \u00e0 60\u00b0<br \/>\nRepassage interdit<br \/>\nNettoyage \u00e0 sec interdit<br \/>\n<span class=\"ginetex\"> 2 o s m U <\/span><\/p>\n","protected":false},"featured_media":3003,"template":"","meta":{"_acf_changed":false},"label":[],"product_brand":[],"product_cat":[713,44,39,3347],"product_tag":[],"gamme":[349],"matiere":[784,787],"class_list":{"0":"post-2248","1":"product","2":"type-product","3":"status-publish","4":"has-post-thumbnail","6":"product_cat-conseil-expert","7":"product_cat-couette","8":"product_cat-la-literie","9":"product_cat-les-synthetiques","10":"pa_couleur-blanc","11":"pa_dimensions-140-200-cm","12":"pa_dimensions-160-210-cm","13":"pa_dimensions-200-200-cm","14":"pa_dimensions-240-220-cm","15":"pa_dimensions-260-240-cm","16":"pa_grammage-450grs-m","17":"pa_matiere-garnissage-100-fibres-polyester-creuses-nappees-enveloppe-100-coton-anti-retrecissement","18":"gamme-temporel","19":"matiere-coton","20":"matiere-polyester","22":"first","23":"instock","24":"taxable","25":"shipping-taxable","26":"purchasable","27":"product-type-variable","28":"has-default-attributes"},"acf":[],"df_price":37.22,"df_sale_price":"","df_regular_price":37.22,"df_image_link":"https:\/\/www.linvosges-hotellerie.com\/wp-content\/uploads\/2020\/12\/couette-hiver-temporel-450-grs-m2-hotel-professionnel-linvosges-hotellerie-300x300.jpg","_links":{"self":[{"href":"https:\/\/www.linvosges-hotellerie.com\/fr\/wp-json\/wp\/v2\/product\/2248","targetHints":{"allow":["GET"]}}],"collection":[{"href":"https:\/\/www.linvosges-hotellerie.com\/fr\/wp-json\/wp\/v2\/product"}],"about":[{"href":"https:\/\/www.linvosges-hotellerie.com\/fr\/wp-json\/wp\/v2\/types\/product"}],"wp:featuredmedia":[{"embeddable":true,"href":"https:\/\/www.linvosges-hotellerie.com\/fr\/wp-json\/wp\/v2\/media\/3003"}],"wp:attachment":[{"href":"https:\/\/www.linvosges-hotellerie.com\/fr\/wp-json\/wp\/v2\/media?parent=2248"}],"wp:term":[{"taxonomy":"label","embeddable":true,"href":"https:\/\/www.linvosges-hotellerie.com\/fr\/wp-json\/wp\/v2\/label?post=2248"},{"taxonomy":"product_brand","embeddable":true,"href":"https:\/\/www.linvosges-hotellerie.com\/fr\/wp-json\/wp\/v2\/product_brand?post=2248"},{"taxonomy":"product_cat","embeddable":true,"href":"https:\/\/www.linvosges-hotellerie.com\/fr\/wp-json\/wp\/v2\/product_cat?post=2248"},{"taxonomy":"product_tag","embeddable":true,"href":"https:\/\/www.linvosges-hotellerie.com\/fr\/wp-json\/wp\/v2\/product_tag?post=2248"},{"taxonomy":"gamme","embeddable":true,"href":"https:\/\/www.linvosges-hotellerie.com\/fr\/wp-json\/wp\/v2\/gamme?post=2248"},{"taxonomy":"matiere","embeddable":true,"href":"https:\/\/www.linvosges-hotellerie.com\/fr\/wp-json\/wp\/v2\/matiere?post=2248"}],"curies":[{"name":"wp","href":"https:\/\/api.w.org\/{rel}","templated":true}]}}