{"id":2254,"date":"2020-11-27T12:47:36","date_gmt":"2020-11-27T11:47:36","guid":{"rendered":"https:\/\/www.linvosges-hotellerie.fr\/boutique\/non%20class\u00e9\/couette-confortel-350grs-m2\/"},"modified":"2026-01-23T09:53:41","modified_gmt":"2026-01-23T08:53:41","slug":"couette-confortel-350grs-m2","status":"publish","type":"product","link":"https:\/\/www.linvosges-hotellerie.com\/fr\/la-literie\/couette\/couette-confortel-350grs-m2\/","title":{"rendered":"Couette 350grs\/m\u00b2 Confortel"},"content":{"rendered":"<p>Facile \u00e0\u00a0 vivre et confortable. 350grs\/m\u00b2 convient pour la demi-saison et l&#8217;hiver &#8211; piquage losanges &#8211; finition surjet bourdon blanc 3 c\u00f4t\u00e9s + 1 c\u00f4t\u00e9 couleur pour identifier facilement la largeur et la longueur<\/p>\n<p>Eco participation incluse dans le prix<\/p>\n","protected":false},"excerpt":{"rendered":"<p>Lavage en machine \u00e0 40\u00b0<br \/>\nChlore et agents de blanchiment interdit<br \/>\nS\u00e9chage en tambour \u00e0 60\u00b0<br \/>\nRepassage interdit<br \/>\nProduits autoris\u00e9s pour le nettoyage \u00e0 sec : Hydrocarbures<br \/>\n<span class=\"ginetex\"> 8 o s m W <\/span><\/p>\n","protected":false},"featured_media":2998,"template":"","meta":{"_acf_changed":false},"label":[],"product_brand":[],"product_cat":[44,39,3347,714],"product_tag":[],"gamme":[348],"matiere":[787],"class_list":{"0":"post-2254","1":"product","2":"type-product","3":"status-publish","4":"has-post-thumbnail","6":"product_cat-couette","7":"product_cat-la-literie","8":"product_cat-les-synthetiques","9":"product_cat-vous-aimerez","10":"pa_couleur-blanc","11":"pa_dimensions-140-200-cm","12":"pa_dimensions-160-210-cm","13":"pa_dimensions-200-200-cm","14":"pa_dimensions-240-220-cm","15":"pa_dimensions-260-240-cm","16":"pa_dimensions-280-240-cm","17":"pa_grammage-350grs-m","18":"pa_matiere-garnissage-100-fibres-polyester-nappees-enveloppe-polyester-microfibre","19":"gamme-confortel","20":"matiere-polyester","22":"first","23":"instock","24":"taxable","25":"shipping-taxable","26":"purchasable","27":"product-type-variable","28":"has-default-attributes"},"acf":[],"df_price":22.15,"df_sale_price":"","df_regular_price":22.15,"df_image_link":"https:\/\/www.linvosges-hotellerie.com\/wp-content\/uploads\/2020\/12\/couette-confortel-350-grs-m2-hotel-professionnel-linvosges-hotellerie-1-300x300.jpg","_links":{"self":[{"href":"https:\/\/www.linvosges-hotellerie.com\/fr\/wp-json\/wp\/v2\/product\/2254","targetHints":{"allow":["GET"]}}],"collection":[{"href":"https:\/\/www.linvosges-hotellerie.com\/fr\/wp-json\/wp\/v2\/product"}],"about":[{"href":"https:\/\/www.linvosges-hotellerie.com\/fr\/wp-json\/wp\/v2\/types\/product"}],"wp:featuredmedia":[{"embeddable":true,"href":"https:\/\/www.linvosges-hotellerie.com\/fr\/wp-json\/wp\/v2\/media\/2998"}],"wp:attachment":[{"href":"https:\/\/www.linvosges-hotellerie.com\/fr\/wp-json\/wp\/v2\/media?parent=2254"}],"wp:term":[{"taxonomy":"label","embeddable":true,"href":"https:\/\/www.linvosges-hotellerie.com\/fr\/wp-json\/wp\/v2\/label?post=2254"},{"taxonomy":"product_brand","embeddable":true,"href":"https:\/\/www.linvosges-hotellerie.com\/fr\/wp-json\/wp\/v2\/product_brand?post=2254"},{"taxonomy":"product_cat","embeddable":true,"href":"https:\/\/www.linvosges-hotellerie.com\/fr\/wp-json\/wp\/v2\/product_cat?post=2254"},{"taxonomy":"product_tag","embeddable":true,"href":"https:\/\/www.linvosges-hotellerie.com\/fr\/wp-json\/wp\/v2\/product_tag?post=2254"},{"taxonomy":"gamme","embeddable":true,"href":"https:\/\/www.linvosges-hotellerie.com\/fr\/wp-json\/wp\/v2\/gamme?post=2254"},{"taxonomy":"matiere","embeddable":true,"href":"https:\/\/www.linvosges-hotellerie.com\/fr\/wp-json\/wp\/v2\/matiere?post=2254"}],"curies":[{"name":"wp","href":"https:\/\/api.w.org\/{rel}","templated":true}]}}