{"id":2267,"date":"2020-11-27T12:47:37","date_gmt":"2020-11-27T11:47:37","guid":{"rendered":"https:\/\/www.linvosges-hotellerie.fr\/boutique\/non%20class\u00e9\/couette-confortel-350grs-m2-jumelable\/"},"modified":"2026-04-27T15:48:30","modified_gmt":"2026-04-27T13:48:30","slug":"couette-confortel-350grs-m2-jumelable","status":"publish","type":"product","link":"https:\/\/www.linvosges-hotellerie.com\/fr\/la-literie\/couette\/couette-confortel-350grs-m2-jumelable\/","title":{"rendered":"Couette 350grs\/m\u00b2 jumelable Confortel"},"content":{"rendered":"<p>Facile \u00e0\u00a0 vivre, confortable et modulable. 350grs\/m\u00b2convient pour la demi-saison et l&#8217;hiver &#8211; piquage losanges &#8211; finition surjet bourdon blanc 3 c\u00f4t\u00e9s + 1 c\u00f4t\u00e9 couleur pour identifier facilement la largeur et la longueur. Couettes jumelables \u00e0\u00a0 relier par un zip<\/p>\n<p>Eco participation incluse dans le prix<\/p>\n","protected":false},"excerpt":{"rendered":"<p>Lavage en machine \u00e0 40\u00b0<br \/>\nChlore et agents de blanchiment interdit<br \/>\nS\u00e9chage en tambour \u00e0 60\u00b0<br \/>\nRepassage interdit<br \/>\nProduits autoris\u00e9s pour le nettoyage \u00e0 sec : Hydrocarbures<br \/>\n<span class=\"ginetex\"> 8 o s m W <\/span><\/p>\n","protected":false},"featured_media":3000,"template":"","meta":{"_acf_changed":false},"label":[],"product_brand":[],"product_cat":[44,39,3347],"product_tag":[],"gamme":[345],"matiere":[787],"class_list":{"0":"post-2267","1":"product","2":"type-product","3":"status-publish","4":"has-post-thumbnail","6":"product_cat-couette","7":"product_cat-la-literie","8":"product_cat-les-synthetiques","9":"pa_couleur-blanc","10":"pa_dimensions-2-x-140-240-cm","11":"pa_grammage-350grs-m","12":"pa_matiere-garnissage-100-fibres-polyester-nappees-enveloppe-polyester-microfibre","13":"gamme-confortel-jumelable","14":"matiere-polyester","16":"first","17":"instock","18":"taxable","19":"shipping-taxable","20":"purchasable","21":"product-type-variable","22":"has-default-attributes"},"acf":[],"df_price":96.97,"df_sale_price":"","df_regular_price":96.97,"df_image_link":"https:\/\/www.linvosges-hotellerie.com\/wp-content\/uploads\/2020\/12\/couette-confortel-350-grs-m2-jumelable-hotel-professionnel-linvosges-hotellerie-300x300.jpg","_links":{"self":[{"href":"https:\/\/www.linvosges-hotellerie.com\/fr\/wp-json\/wp\/v2\/product\/2267","targetHints":{"allow":["GET"]}}],"collection":[{"href":"https:\/\/www.linvosges-hotellerie.com\/fr\/wp-json\/wp\/v2\/product"}],"about":[{"href":"https:\/\/www.linvosges-hotellerie.com\/fr\/wp-json\/wp\/v2\/types\/product"}],"wp:featuredmedia":[{"embeddable":true,"href":"https:\/\/www.linvosges-hotellerie.com\/fr\/wp-json\/wp\/v2\/media\/3000"}],"wp:attachment":[{"href":"https:\/\/www.linvosges-hotellerie.com\/fr\/wp-json\/wp\/v2\/media?parent=2267"}],"wp:term":[{"taxonomy":"label","embeddable":true,"href":"https:\/\/www.linvosges-hotellerie.com\/fr\/wp-json\/wp\/v2\/label?post=2267"},{"taxonomy":"product_brand","embeddable":true,"href":"https:\/\/www.linvosges-hotellerie.com\/fr\/wp-json\/wp\/v2\/product_brand?post=2267"},{"taxonomy":"product_cat","embeddable":true,"href":"https:\/\/www.linvosges-hotellerie.com\/fr\/wp-json\/wp\/v2\/product_cat?post=2267"},{"taxonomy":"product_tag","embeddable":true,"href":"https:\/\/www.linvosges-hotellerie.com\/fr\/wp-json\/wp\/v2\/product_tag?post=2267"},{"taxonomy":"gamme","embeddable":true,"href":"https:\/\/www.linvosges-hotellerie.com\/fr\/wp-json\/wp\/v2\/gamme?post=2267"},{"taxonomy":"matiere","embeddable":true,"href":"https:\/\/www.linvosges-hotellerie.com\/fr\/wp-json\/wp\/v2\/matiere?post=2267"}],"curies":[{"name":"wp","href":"https:\/\/api.w.org\/{rel}","templated":true}]}}