{"id":2280,"date":"2020-11-27T12:47:38","date_gmt":"2020-11-27T11:47:38","guid":{"rendered":"https:\/\/www.linvosges-hotellerie.fr\/boutique\/non%20class\u00e9\/couverture-polaire-igloo-350grs-m2\/"},"modified":"2025-04-23T18:14:40","modified_gmt":"2025-04-23T16:14:40","slug":"couverture-polaire-igloo-350grs-m2","status":"publish","type":"product","link":"https:\/\/www.linvosges-hotellerie.com\/fr\/la-literie\/couverture\/couverture-polaire-igloo-350grs-m2\/","title":{"rendered":"Couverture polaire Igloo 350grs\/m\u00b2"},"content":{"rendered":"<p>De tr\u00e8s belles finitions pour cette couverture en maille polaire r\u00e9pondant aux normes de non allumabilit\u00e9. Finition ourlets double piq\u00fbre + coins capuchons ferm\u00e9s<\/p>\n","protected":false},"excerpt":{"rendered":"<p>Lavage en machine \u00e0 60\u00b0<br \/>\nChlore et agents de blanchiment interdit<br \/>\nS\u00e8che linge interdit<br \/>\nRepassage interdit<br \/>\nNettoyage \u00e0 sec interdit<br \/>\n<span class=\"ginetex\"> 4 o d m U <\/span><\/p>\n","protected":false},"featured_media":14134,"template":"","meta":{"_acf_changed":false},"label":[],"product_brand":[],"product_cat":[45,39],"product_tag":[],"gamme":[343],"matiere":[787],"class_list":{"0":"post-2280","1":"product","2":"type-product","3":"status-publish","4":"has-post-thumbnail","6":"product_cat-couverture","7":"product_cat-la-literie","8":"pa_couleur-acier","9":"pa_couleur-chocolat","10":"pa_couleur-pervenche","11":"pa_couleur-sable","12":"pa_dimensions-180-220-cm","13":"pa_dimensions-220-240-cm","14":"pa_dimensions-240-260-cm","15":"pa_grammage-350grs-m","16":"pa_matiere-100-polyester","17":"gamme-igloo","18":"matiere-polyester","20":"first","21":"instock","22":"taxable","23":"shipping-taxable","24":"purchasable","25":"product-type-variable","26":"has-default-attributes"},"acf":[],"df_price":39.95,"df_sale_price":"","df_regular_price":39.95,"df_image_link":"https:\/\/www.linvosges-hotellerie.com\/wp-content\/uploads\/2020\/11\/couverture-igloo-chocolat-acier-linvosges-hotellerie-w-300x300.jpg","_links":{"self":[{"href":"https:\/\/www.linvosges-hotellerie.com\/fr\/wp-json\/wp\/v2\/product\/2280","targetHints":{"allow":["GET"]}}],"collection":[{"href":"https:\/\/www.linvosges-hotellerie.com\/fr\/wp-json\/wp\/v2\/product"}],"about":[{"href":"https:\/\/www.linvosges-hotellerie.com\/fr\/wp-json\/wp\/v2\/types\/product"}],"wp:featuredmedia":[{"embeddable":true,"href":"https:\/\/www.linvosges-hotellerie.com\/fr\/wp-json\/wp\/v2\/media\/14134"}],"wp:attachment":[{"href":"https:\/\/www.linvosges-hotellerie.com\/fr\/wp-json\/wp\/v2\/media?parent=2280"}],"wp:term":[{"taxonomy":"label","embeddable":true,"href":"https:\/\/www.linvosges-hotellerie.com\/fr\/wp-json\/wp\/v2\/label?post=2280"},{"taxonomy":"product_brand","embeddable":true,"href":"https:\/\/www.linvosges-hotellerie.com\/fr\/wp-json\/wp\/v2\/product_brand?post=2280"},{"taxonomy":"product_cat","embeddable":true,"href":"https:\/\/www.linvosges-hotellerie.com\/fr\/wp-json\/wp\/v2\/product_cat?post=2280"},{"taxonomy":"product_tag","embeddable":true,"href":"https:\/\/www.linvosges-hotellerie.com\/fr\/wp-json\/wp\/v2\/product_tag?post=2280"},{"taxonomy":"gamme","embeddable":true,"href":"https:\/\/www.linvosges-hotellerie.com\/fr\/wp-json\/wp\/v2\/gamme?post=2280"},{"taxonomy":"matiere","embeddable":true,"href":"https:\/\/www.linvosges-hotellerie.com\/fr\/wp-json\/wp\/v2\/matiere?post=2280"}],"curies":[{"name":"wp","href":"https:\/\/api.w.org\/{rel}","templated":true}]}}