{"id":2290,"date":"2020-11-27T12:47:39","date_gmt":"2020-11-27T11:47:39","guid":{"rendered":"https:\/\/www.linvosges-hotellerie.fr\/boutique\/non%20class\u00e9\/couverture-polaire-nordic-340grs-m2-nf\/"},"modified":"2025-04-23T18:15:23","modified_gmt":"2025-04-23T16:15:23","slug":"couverture-polaire-nordic-340grs-m2-nf","status":"publish","type":"product","link":"https:\/\/www.linvosges-hotellerie.com\/fr\/la-literie\/couverture\/couverture-polaire-nordic-340grs-m2-nf\/","title":{"rendered":"Couverture polaire Nordic 340grs\/m\u00b2 NF"},"content":{"rendered":"<p>Une couverture NON FEU en maille polaire au tr\u00e8s bon rapport qualit\u00e9 \/ prix &#8211; Finition ourlets double piq\u00fbre<\/p>\n","protected":false},"excerpt":{"rendered":"<p>Lavage en machine \u00e0 60\u00b0<br \/>\nChlore et agents de blanchiment interdit<br \/>\nS\u00e9chage en tambour \u00e0 60\u00b0<br \/>\nRepassage interdit<br \/>\nProduits autoris\u00e9s pour le nettoyage \u00e0 sec : Perchlor\u00e9thyl\u00e8ne, Hydrocarbures<br \/>\n<span class=\"ginetex\"> 4 o s m W <\/span><\/p>\n","protected":false},"featured_media":14160,"template":"","meta":{"_acf_changed":false},"label":[],"product_brand":[],"product_cat":[45,39],"product_tag":[],"gamme":[342],"matiere":[787],"class_list":{"0":"post-2290","1":"product","2":"type-product","3":"status-publish","4":"has-post-thumbnail","6":"product_cat-couverture","7":"product_cat-la-literie","8":"pa_couleur-chocolat","9":"pa_couleur-miel","10":"pa_couleur-myosotis","11":"pa_couleur-sable","12":"pa_couleur-tilleul","13":"pa_dimensions-180-220-cm","14":"pa_dimensions-220-240-cm","15":"pa_dimensions-240-260-cm","16":"pa_grammage-340grs-m","17":"pa_matiere-100-polyester","18":"gamme-nordic","19":"matiere-polyester","21":"first","22":"instock","23":"taxable","24":"shipping-taxable","25":"purchasable","26":"product-type-variable","27":"has-default-attributes"},"acf":[],"df_price":22.43,"df_sale_price":"","df_regular_price":22.43,"df_image_link":"https:\/\/www.linvosges-hotellerie.com\/wp-content\/uploads\/2020\/11\/couverture-nordic-sable-myosotis-linvosges-hotellerie-web-300x300.jpg","_links":{"self":[{"href":"https:\/\/www.linvosges-hotellerie.com\/fr\/wp-json\/wp\/v2\/product\/2290","targetHints":{"allow":["GET"]}}],"collection":[{"href":"https:\/\/www.linvosges-hotellerie.com\/fr\/wp-json\/wp\/v2\/product"}],"about":[{"href":"https:\/\/www.linvosges-hotellerie.com\/fr\/wp-json\/wp\/v2\/types\/product"}],"wp:featuredmedia":[{"embeddable":true,"href":"https:\/\/www.linvosges-hotellerie.com\/fr\/wp-json\/wp\/v2\/media\/14160"}],"wp:attachment":[{"href":"https:\/\/www.linvosges-hotellerie.com\/fr\/wp-json\/wp\/v2\/media?parent=2290"}],"wp:term":[{"taxonomy":"label","embeddable":true,"href":"https:\/\/www.linvosges-hotellerie.com\/fr\/wp-json\/wp\/v2\/label?post=2290"},{"taxonomy":"product_brand","embeddable":true,"href":"https:\/\/www.linvosges-hotellerie.com\/fr\/wp-json\/wp\/v2\/product_brand?post=2290"},{"taxonomy":"product_cat","embeddable":true,"href":"https:\/\/www.linvosges-hotellerie.com\/fr\/wp-json\/wp\/v2\/product_cat?post=2290"},{"taxonomy":"product_tag","embeddable":true,"href":"https:\/\/www.linvosges-hotellerie.com\/fr\/wp-json\/wp\/v2\/product_tag?post=2290"},{"taxonomy":"gamme","embeddable":true,"href":"https:\/\/www.linvosges-hotellerie.com\/fr\/wp-json\/wp\/v2\/gamme?post=2290"},{"taxonomy":"matiere","embeddable":true,"href":"https:\/\/www.linvosges-hotellerie.com\/fr\/wp-json\/wp\/v2\/matiere?post=2290"}],"curies":[{"name":"wp","href":"https:\/\/api.w.org\/{rel}","templated":true}]}}