{"id":2303,"date":"2020-11-27T12:47:39","date_gmt":"2020-11-27T11:47:39","guid":{"rendered":"https:\/\/www.linvosges-hotellerie.fr\/boutique\/non%20class\u00e9\/alese-housse-aerotencel-anti-bacteries\/"},"modified":"2026-05-13T00:08:04","modified_gmt":"2026-05-12T22:08:04","slug":"alese-housse-aerotencel-anti-bacteries","status":"publish","type":"product","link":"https:\/\/www.linvosges-hotellerie.com\/fr\/la-literie\/alese\/alese-housse-aerotencel-anti-bacteries\/","title":{"rendered":"Al\u00e8se housse anti-bact\u00e9ries A\u00e9rotencel"},"content":{"rendered":"<p>R\u00e9alis\u00e9e dans une maille jacquard \u00e9vitant la prolif\u00e9ration des bact\u00e9ries, elle est respirante, r\u00e9sistante et tr\u00e8s absorbante. Forme housse bonnet 30cm<\/p>\n<p><strong>Attention derniers produits disponibles\u00a0<\/strong><\/p>\n","protected":false},"excerpt":{"rendered":"<p>Lavage en machine \u00e0 60\u00b0<br \/>\nChlore et agents de blanchiment interdit<br \/>\nS\u00e8che linge interdit<br \/>\nRepassage \u00e0 une temp\u00e9rature de 110\u00b0 maximum, sans vapeur<br \/>\nProduits autoris\u00e9s pour le nettoyage \u00e0 sec : Hydrocarbures<br \/>\n<span class=\"ginetex\"> 4 o d n W <\/span><\/p>\n","protected":false},"featured_media":2948,"template":"","meta":{"_acf_changed":false},"label":[],"product_brand":[],"product_cat":[40,39,714],"product_tag":[3286],"gamme":[341],"matiere":[789,787],"class_list":{"0":"post-2303","1":"product","2":"type-product","3":"status-publish","4":"has-post-thumbnail","6":"product_cat-alese","7":"product_cat-la-literie","8":"product_cat-vous-aimerez","9":"product_tag-sans-oekotex","10":"pa_couleur-ecru","11":"pa_dimensions-140-190-cm","12":"pa_dimensions-140-200-cm","13":"pa_dimensions-160-200-cm","14":"pa_dimensions-180x200-cm","15":"pa_dimensions-200-200-cm","16":"pa_dimensions-80-200-cm","17":"pa_dimensions-90-190-cm","18":"pa_dimensions-90-200-cm","19":"pa_grammage-250grs-m","20":"pa_matiere-56-polyester-44-lyocell","21":"gamme-aerotencel","22":"matiere-lyocell","23":"matiere-polyester","25":"first","26":"instock","27":"taxable","28":"shipping-taxable","29":"purchasable","30":"product-type-variable","31":"has-default-attributes"},"acf":[],"df_price":22.82,"df_sale_price":"","df_regular_price":22.82,"df_image_link":"https:\/\/www.linvosges-hotellerie.com\/wp-content\/uploads\/2020\/12\/alese-housse-aerotencel-anti-bacteries-hotel-professionnel-linvosges-hotellerie-300x300.jpg","_links":{"self":[{"href":"https:\/\/www.linvosges-hotellerie.com\/fr\/wp-json\/wp\/v2\/product\/2303","targetHints":{"allow":["GET"]}}],"collection":[{"href":"https:\/\/www.linvosges-hotellerie.com\/fr\/wp-json\/wp\/v2\/product"}],"about":[{"href":"https:\/\/www.linvosges-hotellerie.com\/fr\/wp-json\/wp\/v2\/types\/product"}],"wp:featuredmedia":[{"embeddable":true,"href":"https:\/\/www.linvosges-hotellerie.com\/fr\/wp-json\/wp\/v2\/media\/2948"}],"wp:attachment":[{"href":"https:\/\/www.linvosges-hotellerie.com\/fr\/wp-json\/wp\/v2\/media?parent=2303"}],"wp:term":[{"taxonomy":"label","embeddable":true,"href":"https:\/\/www.linvosges-hotellerie.com\/fr\/wp-json\/wp\/v2\/label?post=2303"},{"taxonomy":"product_brand","embeddable":true,"href":"https:\/\/www.linvosges-hotellerie.com\/fr\/wp-json\/wp\/v2\/product_brand?post=2303"},{"taxonomy":"product_cat","embeddable":true,"href":"https:\/\/www.linvosges-hotellerie.com\/fr\/wp-json\/wp\/v2\/product_cat?post=2303"},{"taxonomy":"product_tag","embeddable":true,"href":"https:\/\/www.linvosges-hotellerie.com\/fr\/wp-json\/wp\/v2\/product_tag?post=2303"},{"taxonomy":"gamme","embeddable":true,"href":"https:\/\/www.linvosges-hotellerie.com\/fr\/wp-json\/wp\/v2\/gamme?post=2303"},{"taxonomy":"matiere","embeddable":true,"href":"https:\/\/www.linvosges-hotellerie.com\/fr\/wp-json\/wp\/v2\/matiere?post=2303"}],"curies":[{"name":"wp","href":"https:\/\/api.w.org\/{rel}","templated":true}]}}