{"id":2356,"date":"2020-11-27T12:47:42","date_gmt":"2020-11-27T11:47:42","guid":{"rendered":"https:\/\/www.linvosges-hotellerie.fr\/boutique\/non%20class\u00e9\/sous-taie-coton-150grs-m2-forme-sac\/"},"modified":"2026-04-15T01:05:25","modified_gmt":"2026-04-14T23:05:25","slug":"sous-taie-coton-150grs-m2-forme-sac","status":"publish","type":"product","link":"https:\/\/www.linvosges-hotellerie.com\/fr\/la-literie\/sous-taie\/sous-taie-coton-150grs-m2-forme-sac\/","title":{"rendered":"Sous taie coton forme sac"},"content":{"rendered":"<p>Forme sac portefeuille pour une mise en place ais\u00e9e et un bon maintien. Toile serr\u00e9e solide et r\u00e9sistante<\/p>\n","protected":false},"excerpt":{"rendered":"<p>Lavage en machine \u00e0 95\u00b0<br \/>\nChlore et agents de blanchiment interdit<br \/>\nS\u00e9chage en tambour \u00e0 80\u00b0<br \/>\nRepassage \u00e0 une temp\u00e9rature de 150\u00b0 maximum<br \/>\nNettoyage \u00e0 sec interdit<br \/>\n<span class=\"ginetex\"> 2 o a b U <\/span><\/p>\n","protected":false},"featured_media":3029,"template":"","meta":{"_acf_changed":false},"label":[],"product_brand":[],"product_cat":[39,3357,41],"product_tag":[],"gamme":[328],"matiere":[784],"class_list":{"0":"post-2356","1":"product","2":"type-product","3":"status-publish","4":"has-post-thumbnail","6":"product_cat-la-literie","7":"product_cat-les-protections-de-lit","8":"product_cat-sous-taie","9":"pa_couleur-blanc","10":"pa_dimensions-45-70-cm","11":"pa_dimensions-50-70-cm","12":"pa_dimensions-50-75-cm","13":"pa_dimensions-60-60-cm","14":"pa_dimensions-65-65-cm","15":"pa_grammage-150grs-m","16":"pa_matiere-100-coton-2","17":"gamme-coton","18":"matiere-coton","20":"first","21":"instock","22":"taxable","23":"shipping-taxable","24":"purchasable","25":"product-type-variable","26":"has-default-attributes"},"acf":[],"df_price":3.21,"df_sale_price":"","df_regular_price":3.21,"df_image_link":"https:\/\/www.linvosges-hotellerie.com\/wp-content\/uploads\/2020\/12\/sous-taie-coton-150-grs-m2-forme-sac-hotel-professionnel-linvosges-hotellerie-300x300.jpg","_links":{"self":[{"href":"https:\/\/www.linvosges-hotellerie.com\/fr\/wp-json\/wp\/v2\/product\/2356","targetHints":{"allow":["GET"]}}],"collection":[{"href":"https:\/\/www.linvosges-hotellerie.com\/fr\/wp-json\/wp\/v2\/product"}],"about":[{"href":"https:\/\/www.linvosges-hotellerie.com\/fr\/wp-json\/wp\/v2\/types\/product"}],"wp:featuredmedia":[{"embeddable":true,"href":"https:\/\/www.linvosges-hotellerie.com\/fr\/wp-json\/wp\/v2\/media\/3029"}],"wp:attachment":[{"href":"https:\/\/www.linvosges-hotellerie.com\/fr\/wp-json\/wp\/v2\/media?parent=2356"}],"wp:term":[{"taxonomy":"label","embeddable":true,"href":"https:\/\/www.linvosges-hotellerie.com\/fr\/wp-json\/wp\/v2\/label?post=2356"},{"taxonomy":"product_brand","embeddable":true,"href":"https:\/\/www.linvosges-hotellerie.com\/fr\/wp-json\/wp\/v2\/product_brand?post=2356"},{"taxonomy":"product_cat","embeddable":true,"href":"https:\/\/www.linvosges-hotellerie.com\/fr\/wp-json\/wp\/v2\/product_cat?post=2356"},{"taxonomy":"product_tag","embeddable":true,"href":"https:\/\/www.linvosges-hotellerie.com\/fr\/wp-json\/wp\/v2\/product_tag?post=2356"},{"taxonomy":"gamme","embeddable":true,"href":"https:\/\/www.linvosges-hotellerie.com\/fr\/wp-json\/wp\/v2\/gamme?post=2356"},{"taxonomy":"matiere","embeddable":true,"href":"https:\/\/www.linvosges-hotellerie.com\/fr\/wp-json\/wp\/v2\/matiere?post=2356"}],"curies":[{"name":"wp","href":"https:\/\/api.w.org\/{rel}","templated":true}]}}